{"id":339716,"date":"2026-04-08T19:16:43","date_gmt":"2026-04-08T16:16:43","guid":{"rendered":"https:\/\/baldumarket.lt\/product\/uzuolaida-delfin-dviaukstei-lovai\/"},"modified":"2026-04-08T21:17:45","modified_gmt":"2026-04-08T18:17:45","slug":"uzuolaida-delfin-dviaukstei-lovai","status":"publish","type":"product","link":"https:\/\/baldumarket.lt\/lt\/product\/uzuolaida-delfin-dviaukstei-lovai\/","title":{"rendered":"U\u017euolaida Delfin dviauk\u0161tei lovai"},"content":{"rendered":"<p>Dviauk\u0161t\u0117s lovos u\u017euolaida \u201eDolphin\u201c<br \/>\nDviauk\u0161t\u0117s lovos u\u017euolaida \u201eDolphin\u201c \u2013 ne\u012ftik\u0117tinai ak\u012f traukianti dviauk\u0161t\u0117s lovos puo\u0161mena. Ji kabo aplink apatin\u0119 lov\u0105. Ji turi duris, vedan\u010dias \u012f lovel\u0119, ir lang\u0105. Abu elementus galima bet kada u\u017edaryti arba atidaryti. U\u017euolaida taip pat suteikia puiki\u0105 erdv\u0119 vaikams \u017eaisti. Delfino motyvas j\u0105 daro universali\u0105, tinkan\u010di\u0105 tiek berniuko, tiek mergait\u0117s lovai. \u0160is elementas puikiai tinka vienguli\u0173 lov\u0173 dizainui, pavyzd\u017eiui, tuneliui \u012f vir\u0161utin\u0119 lov\u0105 ir bok\u0161tui. Pagaminta tik i\u0161 medviln\u0117s.<br \/>\nDviauk\u0161t\u0117s lovos u\u017euolaida BEN, KEVIN, OLI, PALER ir MARCO lovoms.<br \/>\n100% medviln\u0117<br \/>\nSkalbti rankomis 30 laipsni\u0173 temperat\u016broje<\/p>","protected":false},"excerpt":{"rendered":"<p>Dviauk\u0161t\u0117s lovos u\u017euolaida \u201eDolphin\u201c Dviauk\u0161t\u0117s lovos u\u017euolaida \u201eDolphin\u201c yra ne\u012ftik\u0117tinai ak\u012f traukianti dviauk\u0161t\u0117s lovos puo\u0161mena. Ji kabo aplink apatin\u0119 lovos dal\u012f. Ji turi duris, vedan\u010dias \u012f lovel\u0119, ir lang\u0105. Abu elementus galima bet kada u\u017edaryti arba atidaryti. U\u017euolaida taip pat suteikia puiki\u0105 erdv\u0119 vaikams [\u2026]<\/p>","protected":false},"featured_media":339717,"comment_status":"open","ping_status":"open","template":"","meta":[],"product_brand":[],"product_cat":[10176,1043],"product_tag":[],"class_list":{"0":"post-339716","1":"product","2":"type-product","3":"status-publish","4":"has-post-thumbnail","6":"product_cat-hugon-meble","7":"product_cat-extras","9":"first","10":"instock","11":"purchasable","12":"product-type-simple"},"_links":{"self":[{"href":"https:\/\/baldumarket.lt\/lt\/wp-json\/wp\/v2\/product\/339716","targetHints":{"allow":["GET"]}}],"collection":[{"href":"https:\/\/baldumarket.lt\/lt\/wp-json\/wp\/v2\/product"}],"about":[{"href":"https:\/\/baldumarket.lt\/lt\/wp-json\/wp\/v2\/types\/product"}],"replies":[{"embeddable":true,"href":"https:\/\/baldumarket.lt\/lt\/wp-json\/wp\/v2\/comments?post=339716"}],"wp:featuredmedia":[{"embeddable":true,"href":"https:\/\/baldumarket.lt\/lt\/wp-json\/wp\/v2\/media\/339717"}],"wp:attachment":[{"href":"https:\/\/baldumarket.lt\/lt\/wp-json\/wp\/v2\/media?parent=339716"}],"wp:term":[{"taxonomy":"product_brand","embeddable":true,"href":"https:\/\/baldumarket.lt\/lt\/wp-json\/wp\/v2\/product_brand?post=339716"},{"taxonomy":"product_cat","embeddable":true,"href":"https:\/\/baldumarket.lt\/lt\/wp-json\/wp\/v2\/product_cat?post=339716"},{"taxonomy":"product_tag","embeddable":true,"href":"https:\/\/baldumarket.lt\/lt\/wp-json\/wp\/v2\/product_tag?post=339716"}],"curies":[{"name":"wp","href":"https:\/\/api.w.org\/{rel}","templated":true}]}}