{"id":339713,"date":"2026-04-08T19:16:40","date_gmt":"2026-04-08T16:16:40","guid":{"rendered":"https:\/\/baldumarket.lt\/product\/rozine-uzuolaida-dviaukstei-lovai\/"},"modified":"2026-04-08T21:17:45","modified_gmt":"2026-04-08T18:17:45","slug":"rozine-uzuolaida-dviaukstei-lovai","status":"publish","type":"product","link":"https:\/\/baldumarket.lt\/lt\/product\/rozine-uzuolaida-dviaukstei-lovai\/","title":{"rendered":"Ro\u017ein\u0117 u\u017euolaida dviauk\u0161tei lovai"},"content":{"rendered":"<p>Dviauk\u0161t\u0117 lova \u2013 ne tik puiki vieta atsipalaiduoti. Ji taip pat gali b\u016bti daugelio vaik\u0173 \u017eaidim\u0173 pagrindas. Kad tai b\u016bt\u0173 \u012fmanoma, kiekviename auk\u0161te galima prid\u0117ti \u012fvairi\u0173 pried\u0173. Apatiniame auk\u0161te galima \u012frengti u\u017euolaid\u0105. Pro \u0161ias duris vaikas gali \u012feiti arba i\u0161eiti i\u0161 savo sl\u0117ptuv\u0117s. U\u017euolaida taip pat turi langelius, esan\u010dius keliose vietose. Visas dizainas dekoruotas ro\u017ein\u0117mis spalvomis, kurias \u012fvertins kiekviena ma\u017eoji princes\u0117. U\u017euolaida pagaminta i\u0161 medviln\u0117s. J\u0105 taip pat galima derinti su kitais elementais, pavyzd\u017eiui, tuneliu \u012f vir\u0161utin\u012f auk\u0161t\u0105 arba bok\u0161tu. U\u017euolaida dviauk\u0161tei lovai. 100% medviln\u0117. Ro\u017ein\u0117s spalvos u\u017euolaida. Dydis: 1. Priekin\u0117s dalies ilgis: 200 cm, auk\u0161tis: 75 cm, 2. \u0160on\u0173 ilgis: 98 cm, auk\u0161tis: 75 cm.<\/p>","protected":false},"excerpt":{"rendered":"<p>Dviauk\u0161t\u0117 lova yra ne tik puiki vieta atsipalaiduoti. Ji taip pat gali b\u016bti daugelio vaik\u0173 \u017eaidim\u0173 pagrindas. Kiekviename auk\u0161te galima prid\u0117ti \u012fvairi\u0173 pried\u0173, kad tai b\u016bt\u0173 \u012fmanoma. Apatiniame auk\u0161te galima \u012frengti u\u017euolaid\u0105. Pro \u0161ias duris vaikas gali patekti \u012f savo sl\u0117ptuv\u0119 arba i\u0161eiti i\u0161 jos. [\u2026]<\/p>","protected":false},"featured_media":339714,"comment_status":"open","ping_status":"open","template":"","meta":[],"product_brand":[],"product_cat":[10176,1043],"product_tag":[],"class_list":{"0":"post-339713","1":"product","2":"type-product","3":"status-publish","4":"has-post-thumbnail","6":"product_cat-hugon-meble","7":"product_cat-extras","9":"first","10":"instock","11":"purchasable","12":"product-type-simple"},"_links":{"self":[{"href":"https:\/\/baldumarket.lt\/lt\/wp-json\/wp\/v2\/product\/339713","targetHints":{"allow":["GET"]}}],"collection":[{"href":"https:\/\/baldumarket.lt\/lt\/wp-json\/wp\/v2\/product"}],"about":[{"href":"https:\/\/baldumarket.lt\/lt\/wp-json\/wp\/v2\/types\/product"}],"replies":[{"embeddable":true,"href":"https:\/\/baldumarket.lt\/lt\/wp-json\/wp\/v2\/comments?post=339713"}],"wp:featuredmedia":[{"embeddable":true,"href":"https:\/\/baldumarket.lt\/lt\/wp-json\/wp\/v2\/media\/339714"}],"wp:attachment":[{"href":"https:\/\/baldumarket.lt\/lt\/wp-json\/wp\/v2\/media?parent=339713"}],"wp:term":[{"taxonomy":"product_brand","embeddable":true,"href":"https:\/\/baldumarket.lt\/lt\/wp-json\/wp\/v2\/product_brand?post=339713"},{"taxonomy":"product_cat","embeddable":true,"href":"https:\/\/baldumarket.lt\/lt\/wp-json\/wp\/v2\/product_cat?post=339713"},{"taxonomy":"product_tag","embeddable":true,"href":"https:\/\/baldumarket.lt\/lt\/wp-json\/wp\/v2\/product_tag?post=339713"}],"curies":[{"name":"wp","href":"https:\/\/api.w.org\/{rel}","templated":true}]}}