{"id":339711,"date":"2026-04-08T19:16:36","date_gmt":"2026-04-08T16:16:36","guid":{"rendered":"https:\/\/baldumarket.lt\/product\/melyna-ir-raudona-dviaukstes-lovos-uzuolaida\/"},"modified":"2026-04-08T21:54:41","modified_gmt":"2026-04-08T18:54:41","slug":"melyna-ir-raudona-dviaukstes-lovos-uzuolaida","status":"publish","type":"product","link":"https:\/\/baldumarket.lt\/lt\/product\/melyna-ir-raudona-dviaukstes-lovos-uzuolaida\/","title":{"rendered":"M\u0117lyna ir raudona dviauk\u0161t\u0117s lovos u\u017euolaida"},"content":{"rendered":"<p>Jei norite pakeisti vaiki\u0161kos dviauk\u0161t\u0117s lovos i\u0161vaizd\u0105, apsvarstykite galimyb\u0119 j\u0105 papuo\u0161ti. Puikus pavyzdys \u2013 u\u017euolaida, tinkanti apatiniam auk\u0161tui. M\u0117lynai raudona u\u017euolaida visi\u0161kai u\u017edengia vis\u0105 lov\u0105, sukurdama jauki\u0105 viet\u0105 miegoti ir atsipalaiduoti. U\u017euolaida turi ir papildom\u0105 privalum\u0105: j\u0105 galima naudoti kaip pagrind\u0105 arba daikt\u0173 laikymo viet\u0105 kasdieniams \u017eaidimams. Pagaminta i\u0161 medviln\u0117s, j\u0105 lengva skalbti. M\u0117lyn\u0105 element\u0105 su raudonais \u012fd\u0117klais galima derinti su pana\u0161iomis dekoracijomis, pavyzd\u017eiui, tuneliu \u012f vir\u0161utin\u012f auk\u0161t\u0105 ar bok\u0161tu. U\u017euolaida turi duris, vedan\u010dias \u012f lov\u0105, ir lang\u0105. \u0160i u\u017euolaida dviauk\u0161t\u0117ms lovoms pagaminta i\u0161 medviln\u0117s 100%. U\u017euolaidos spalva: m\u0117lyna ir raudona. U\u017euolaida tvirtinama lipdukais. Matmenys: 200 x 73 cm \u2013 priekyje, 90 x 73 cm \u2013 \u0161onuose.<\/p>","protected":false},"excerpt":{"rendered":"<p>Jei norite pakeisti vaiki\u0161k\u0105 dviauk\u0161t\u0119 lov\u0105, apsvarstykite galimyb\u0119 j\u0105 dekoruoti. Puikus pavyzdys \u2013 u\u017euolaida, tinkanti apatiniam auk\u0161tui. M\u0117lynai raudona u\u017euolaida visi\u0161kai u\u017edengia vis\u0105 lov\u0105, sukurdama jauki\u0105 viet\u0105 miegoti ir atsipalaiduoti. U\u017euolaida taip pat turi papildom\u0105 privalum\u0105: j\u0105 galima naudoti kaip pagrind\u0105 [\u2026]<\/p>","protected":false},"featured_media":339712,"comment_status":"open","ping_status":"open","template":"","meta":[],"product_brand":[],"product_cat":[10176,1043],"product_tag":[],"class_list":{"0":"post-339711","1":"product","2":"type-product","3":"status-publish","4":"has-post-thumbnail","6":"product_cat-hugon-meble","7":"product_cat-extras","9":"first","10":"instock","11":"purchasable","12":"product-type-simple"},"_links":{"self":[{"href":"https:\/\/baldumarket.lt\/lt\/wp-json\/wp\/v2\/product\/339711","targetHints":{"allow":["GET"]}}],"collection":[{"href":"https:\/\/baldumarket.lt\/lt\/wp-json\/wp\/v2\/product"}],"about":[{"href":"https:\/\/baldumarket.lt\/lt\/wp-json\/wp\/v2\/types\/product"}],"replies":[{"embeddable":true,"href":"https:\/\/baldumarket.lt\/lt\/wp-json\/wp\/v2\/comments?post=339711"}],"wp:featuredmedia":[{"embeddable":true,"href":"https:\/\/baldumarket.lt\/lt\/wp-json\/wp\/v2\/media\/339712"}],"wp:attachment":[{"href":"https:\/\/baldumarket.lt\/lt\/wp-json\/wp\/v2\/media?parent=339711"}],"wp:term":[{"taxonomy":"product_brand","embeddable":true,"href":"https:\/\/baldumarket.lt\/lt\/wp-json\/wp\/v2\/product_brand?post=339711"},{"taxonomy":"product_cat","embeddable":true,"href":"https:\/\/baldumarket.lt\/lt\/wp-json\/wp\/v2\/product_cat?post=339711"},{"taxonomy":"product_tag","embeddable":true,"href":"https:\/\/baldumarket.lt\/lt\/wp-json\/wp\/v2\/product_tag?post=339711"}],"curies":[{"name":"wp","href":"https:\/\/api.w.org\/{rel}","templated":true}]}}