{"id":339708,"date":"2026-04-08T19:16:32","date_gmt":"2026-04-08T16:16:32","guid":{"rendered":"https:\/\/baldumarket.lt\/product\/pirat-dviaukstes-lovos-uzuolaida\/"},"modified":"2026-04-08T21:54:41","modified_gmt":"2026-04-08T18:54:41","slug":"pirat-dviaukstes-lovos-uzuolaida","status":"publish","type":"product","link":"https:\/\/baldumarket.lt\/lt\/product\/pirat-dviaukstes-lovos-uzuolaida\/","title":{"rendered":"PIRAT dviauk\u0161t\u0117s lovos u\u017euolaida"},"content":{"rendered":"<p>Jei j\u016bs\u0173 vaik\u0105 \u017eavi pirat\u0173 nuotykiai, padovanokite jam unikal\u0173 kampel\u012f miegui ir \u017eaidimams. Pirat\u0173 u\u017euolaida \u2013 puikus u\u017edangalas apatinei dviauk\u0161t\u0117s lovos lovai. Ji ne tik tinka patogiam miegui ir poilsiui, bet ir gali b\u016bti puiki vieta \u017eaisti piratus ir kitus j\u016bros didvyrius. Juoda u\u017euolaida puo\u0161ta pirat\u0173 kaukol\u0117s dekoracija ant dur\u0173, vedan\u010di\u0173 \u012f lov\u0105. \u0160alia jos yra nedidelis langelis, kur\u012f galima bet kada u\u017edaryti. Prie dekoracijos galima priderinti pana\u0161ius elementus, pavyzd\u017eiui, tunel\u012f vir\u0161utinei daliai ir pirat\u0173 bok\u0161t\u0105. Dviauk\u0161t\u0117s lovos u\u017euolaida BEN, KEVIN, OLI, PALER ir MARCO lovoms. 100% medviln\u0117. Skalbti rankomis 30 laipsni\u0173 temperat\u016broje.<\/p>","protected":false},"excerpt":{"rendered":"<p>Jei j\u016bs\u0173 vaik\u0105 \u017eavi pirat\u0173 nuotykiai, padovanokite jam unikal\u0173 kampel\u012f miegui ir \u017eaidimams. Pirat\u0173 u\u017euolaida yra puikus u\u017edangalas apatiniam dviauk\u0161t\u0117s lovos auk\u0161tui. Ji ne tik tinka patogiam miegui ir poilsiui, bet ir gali b\u016bti puiki vieta \u017eaisti su piratais ir kitais [\u2026]<\/p>","protected":false},"featured_media":339709,"comment_status":"open","ping_status":"open","template":"","meta":[],"product_brand":[],"product_cat":[10176,1043],"product_tag":[],"class_list":{"0":"post-339708","1":"product","2":"type-product","3":"status-publish","4":"has-post-thumbnail","6":"product_cat-hugon-meble","7":"product_cat-extras","9":"first","10":"instock","11":"purchasable","12":"product-type-simple"},"_links":{"self":[{"href":"https:\/\/baldumarket.lt\/lt\/wp-json\/wp\/v2\/product\/339708","targetHints":{"allow":["GET"]}}],"collection":[{"href":"https:\/\/baldumarket.lt\/lt\/wp-json\/wp\/v2\/product"}],"about":[{"href":"https:\/\/baldumarket.lt\/lt\/wp-json\/wp\/v2\/types\/product"}],"replies":[{"embeddable":true,"href":"https:\/\/baldumarket.lt\/lt\/wp-json\/wp\/v2\/comments?post=339708"}],"wp:featuredmedia":[{"embeddable":true,"href":"https:\/\/baldumarket.lt\/lt\/wp-json\/wp\/v2\/media\/339709"}],"wp:attachment":[{"href":"https:\/\/baldumarket.lt\/lt\/wp-json\/wp\/v2\/media?parent=339708"}],"wp:term":[{"taxonomy":"product_brand","embeddable":true,"href":"https:\/\/baldumarket.lt\/lt\/wp-json\/wp\/v2\/product_brand?post=339708"},{"taxonomy":"product_cat","embeddable":true,"href":"https:\/\/baldumarket.lt\/lt\/wp-json\/wp\/v2\/product_cat?post=339708"},{"taxonomy":"product_tag","embeddable":true,"href":"https:\/\/baldumarket.lt\/lt\/wp-json\/wp\/v2\/product_tag?post=339708"}],"curies":[{"name":"wp","href":"https:\/\/api.w.org\/{rel}","templated":true}]}}