{"id":339704,"date":"2026-04-08T19:16:30","date_gmt":"2026-04-08T16:16:30","guid":{"rendered":"https:\/\/baldumarket.lt\/product\/dviaukstes-lovos-uzuolaida-wrozka\/"},"modified":"2026-04-08T21:54:41","modified_gmt":"2026-04-08T18:54:41","slug":"dviaukstes-lovos-uzuolaida-wrozka","status":"publish","type":"product","link":"https:\/\/baldumarket.lt\/lt\/product\/dviaukstes-lovos-uzuolaida-wrozka\/","title":{"rendered":"Dviauk\u0161t\u0117s lovos u\u017euolaida \u201eWr\u00f3\u017cka\u201c"},"content":{"rendered":"<p>F\u0117j\u0173 u\u017euolaida \u2013 tai nedidelis dekoratyvinis elementas, kuris per akimirk\u0105 pavers lov\u0105 ma\u017eosios panel\u0117s r\u016bmais. U\u017euolaida tinka apatiniam dviauk\u0161t\u0117s lovos auk\u0161tui. Ji pagaminta i\u0161 rausvos medviln\u0117s su princes\u0117s motyvu. \u012e lov\u0105 veda durys, o \u0161alia j\u0173 yra nedidelis langelis. Abu elementus galima bet kada u\u017edaryti. \u0160i dekoracija ne tik padarys j\u016bs\u0173 vaiko mieg\u0105 malonesn\u012f, bet ir taps puikiu pagrindu daugeliui veikl\u0173. J\u0105 galima derinti su kitais dviauk\u0161t\u0117s lovos dekoratyviniais elementais, tokiais kaip tunelis \u012f vir\u0161utin\u012f auk\u0161t\u0105 ir rausvas bok\u0161telis. U\u017euolaida dviauk\u0161t\u0117ms lovoms. 100% medviln\u0117. U\u017euolaidos spalva: ro\u017ein\u0117. Matmenys: priekis: 205 x 75 cm, \u0161onas: 95 x 75 cm, u\u017esegimas lipdukais.<\/p>","protected":false},"excerpt":{"rendered":"<p>F\u0117jos u\u017euolaida yra ma\u017eas dekoratyvinis elementas, kuris per akimirk\u0105 pavers lov\u0105 ma\u017eosios panel\u0117s r\u016bmais. U\u017euolaida tinka apatiniam dviauk\u0161t\u0117s lovos auk\u0161tui. Ji pagaminta i\u0161 rausvos medviln\u0117s su princes\u0117s motyvu. \u012e lov\u0105 veda durys, o [\u2026]<\/p>","protected":false},"featured_media":339705,"comment_status":"open","ping_status":"open","template":"","meta":[],"product_brand":[],"product_cat":[10176,1043],"product_tag":[],"class_list":{"0":"post-339704","1":"product","2":"type-product","3":"status-publish","4":"has-post-thumbnail","6":"product_cat-hugon-meble","7":"product_cat-extras","9":"first","10":"instock","11":"purchasable","12":"product-type-simple"},"_links":{"self":[{"href":"https:\/\/baldumarket.lt\/lt\/wp-json\/wp\/v2\/product\/339704","targetHints":{"allow":["GET"]}}],"collection":[{"href":"https:\/\/baldumarket.lt\/lt\/wp-json\/wp\/v2\/product"}],"about":[{"href":"https:\/\/baldumarket.lt\/lt\/wp-json\/wp\/v2\/types\/product"}],"replies":[{"embeddable":true,"href":"https:\/\/baldumarket.lt\/lt\/wp-json\/wp\/v2\/comments?post=339704"}],"wp:featuredmedia":[{"embeddable":true,"href":"https:\/\/baldumarket.lt\/lt\/wp-json\/wp\/v2\/media\/339705"}],"wp:attachment":[{"href":"https:\/\/baldumarket.lt\/lt\/wp-json\/wp\/v2\/media?parent=339704"}],"wp:term":[{"taxonomy":"product_brand","embeddable":true,"href":"https:\/\/baldumarket.lt\/lt\/wp-json\/wp\/v2\/product_brand?post=339704"},{"taxonomy":"product_cat","embeddable":true,"href":"https:\/\/baldumarket.lt\/lt\/wp-json\/wp\/v2\/product_cat?post=339704"},{"taxonomy":"product_tag","embeddable":true,"href":"https:\/\/baldumarket.lt\/lt\/wp-json\/wp\/v2\/product_tag?post=339704"}],"curies":[{"name":"wp","href":"https:\/\/api.w.org\/{rel}","templated":true}]}}