{"id":339077,"date":"2026-03-31T23:42:44","date_gmt":"2026-03-31T20:42:44","guid":{"rendered":"https:\/\/baldumarket.lt\/?post_type=product&#038;p=339077"},"modified":"2026-04-01T15:44:59","modified_gmt":"2026-04-01T12:44:59","slug":"mia-comfort-kede","status":"publish","type":"product","link":"https:\/\/baldumarket.lt\/lt\/produktas\/mia-comfort-kede\/","title":{"rendered":"MIA COMFORT k\u0117d\u0117"},"content":{"rendered":"","protected":false},"excerpt":{"rendered":"<p>S\u0117dyn\u0117: audinys\/oda<br \/>\n\u201cClassic black\u201d spalvos kaina yra +20% prie produkto kainos.<\/p>","protected":false},"featured_media":339199,"comment_status":"open","ping_status":"closed","template":"","meta":[],"product_brand":[],"product_cat":[9998,1930],"product_tag":[],"class_list":{"0":"post-339077","1":"product","2":"type-product","3":"status-publish","4":"has-post-thumbnail","6":"product_cat-alta-baldai","7":"product_cat-chairs","9":"first","10":"instock","11":"shipping-taxable","12":"purchasable","13":"product-type-variable","14":"wvs-archive-product-wrapper"},"_links":{"self":[{"href":"https:\/\/baldumarket.lt\/lt\/wp-json\/wp\/v2\/product\/339077","targetHints":{"allow":["GET"]}}],"collection":[{"href":"https:\/\/baldumarket.lt\/lt\/wp-json\/wp\/v2\/product"}],"about":[{"href":"https:\/\/baldumarket.lt\/lt\/wp-json\/wp\/v2\/types\/product"}],"replies":[{"embeddable":true,"href":"https:\/\/baldumarket.lt\/lt\/wp-json\/wp\/v2\/comments?post=339077"}],"wp:featuredmedia":[{"embeddable":true,"href":"https:\/\/baldumarket.lt\/lt\/wp-json\/wp\/v2\/media\/339199"}],"wp:attachment":[{"href":"https:\/\/baldumarket.lt\/lt\/wp-json\/wp\/v2\/media?parent=339077"}],"wp:term":[{"taxonomy":"product_brand","embeddable":true,"href":"https:\/\/baldumarket.lt\/lt\/wp-json\/wp\/v2\/product_brand?post=339077"},{"taxonomy":"product_cat","embeddable":true,"href":"https:\/\/baldumarket.lt\/lt\/wp-json\/wp\/v2\/product_cat?post=339077"},{"taxonomy":"product_tag","embeddable":true,"href":"https:\/\/baldumarket.lt\/lt\/wp-json\/wp\/v2\/product_tag?post=339077"}],"curies":[{"name":"wp","href":"https:\/\/api.w.org\/{rel}","templated":true}]}}