{"id":339003,"date":"2026-03-31T23:38:09","date_gmt":"2026-03-31T20:38:09","guid":{"rendered":"https:\/\/baldumarket.lt\/?post_type=product&#038;p=339003"},"modified":"2026-04-01T15:47:47","modified_gmt":"2026-04-01T12:47:47","slug":"palermo-stalas-transformeris-2","status":"publish","type":"product","link":"https:\/\/baldumarket.lt\/lt\/produktas\/palermo-stalas-transformeris-2\/","title":{"rendered":"PALERMO stalas transformeris"},"content":{"rendered":"","protected":false},"excerpt":{"rendered":"<p>PALERMO stalai<br \/>\nVienas geriausi\u0173 rinkoje esan\u010di\u0173 moderni\u0173 svetain\u0117s stal\u0173 modeli\u0173. D\u0117l dviej\u0173 \u012fd\u0117kl\u0173 ir auk\u0161tos kokyb\u0117s sinchronini\u0173 kreipian\u010di\u0173j\u0173 j\u012f galima lengvai transformuoti \u012f pilno dyd\u017eio 160 arba 200 centimetr\u0173 stal\u0105. Pneumatinis keltuvas leid\u017eia reguliuoti auk\u0161t\u012f bet kuria kryptimi. Tvirta koj\u0173 konstrukcija u\u017etikrina 100% stabilum\u0105 net ir visi\u0161kai i\u0161tiesus bei pak\u0117lus stal\u0105.<br \/>\nSvetain\u0117s stalas pagamintas i\u0161 auk\u0161tos kokyb\u0117s matin\u0117s med\u017eio dro\u017eli\u0173 plok\u0161t\u0117s, laminuotos i\u0161 abiej\u0173 pusi\u0173, 18 ir 28 mm storio, apdailintos 1 mm ABS kra\u0161tais. Stalvir\u0161is papildomai pastorintas iki 36 mm.<br \/>\nPrailginimo plok\u0161t\u0117 laikoma specialiame stal\u010diuje po stalvir\u0161iu, tod\u0117l j\u0105 lengva pasiekti ir nereikia ie\u0161koti papildomos vietos daiktams laikyti.<\/p>","protected":false},"featured_media":337397,"comment_status":"open","ping_status":"closed","template":"","meta":[],"product_brand":[],"product_cat":[9998,1934],"product_tag":[],"class_list":{"0":"post-339003","1":"product","2":"type-product","3":"status-publish","4":"has-post-thumbnail","6":"product_cat-alta-baldai","7":"product_cat-tables","9":"first","10":"instock","11":"shipping-taxable","12":"purchasable","13":"product-type-variable","14":"wvs-archive-product-wrapper"},"_links":{"self":[{"href":"https:\/\/baldumarket.lt\/lt\/wp-json\/wp\/v2\/product\/339003","targetHints":{"allow":["GET"]}}],"collection":[{"href":"https:\/\/baldumarket.lt\/lt\/wp-json\/wp\/v2\/product"}],"about":[{"href":"https:\/\/baldumarket.lt\/lt\/wp-json\/wp\/v2\/types\/product"}],"replies":[{"embeddable":true,"href":"https:\/\/baldumarket.lt\/lt\/wp-json\/wp\/v2\/comments?post=339003"}],"wp:featuredmedia":[{"embeddable":true,"href":"https:\/\/baldumarket.lt\/lt\/wp-json\/wp\/v2\/media\/337397"}],"wp:attachment":[{"href":"https:\/\/baldumarket.lt\/lt\/wp-json\/wp\/v2\/media?parent=339003"}],"wp:term":[{"taxonomy":"product_brand","embeddable":true,"href":"https:\/\/baldumarket.lt\/lt\/wp-json\/wp\/v2\/product_brand?post=339003"},{"taxonomy":"product_cat","embeddable":true,"href":"https:\/\/baldumarket.lt\/lt\/wp-json\/wp\/v2\/product_cat?post=339003"},{"taxonomy":"product_tag","embeddable":true,"href":"https:\/\/baldumarket.lt\/lt\/wp-json\/wp\/v2\/product_tag?post=339003"}],"curies":[{"name":"wp","href":"https:\/\/api.w.org\/{rel}","templated":true}]}}