{"id":338999,"date":"2026-03-31T23:37:15","date_gmt":"2026-03-31T20:37:15","guid":{"rendered":"https:\/\/baldumarket.lt\/?post_type=product&#038;p=338999"},"modified":"2026-04-01T15:47:47","modified_gmt":"2026-04-01T12:47:47","slug":"loreto-stalas-transformeris","status":"publish","type":"product","link":"https:\/\/baldumarket.lt\/lt\/produktas\/loreto-stalas-transformeris\/","title":{"rendered":"LORETO stalas transformeris"},"content":{"rendered":"","protected":false},"excerpt":{"rendered":"<p>Stalas LORETO<br \/>\nTai puikus baldas vertinantiems modern\u0173 dizain\u0105. Dviej\u0173 30 cm plo\u010dio \u012fd\u0117kl\u0173 d\u0117ka, stalvir\u0161\u012f galima prailginti iki 150 arba 180 cm, tod\u0117l jis idealiai tinka bet kokiam \u0161eimos susib\u016brimui ar draug\u0173 susib\u016brimui.<br \/>\nStalas pagamintas i\u0161 auk\u0161tos kokyb\u0117s 18 mm storio matin\u0117s med\u017eio dro\u017eli\u0173 plok\u0161t\u0117s, laminuotos i\u0161 abiej\u0173 pusi\u0173, su 1 mm storio ABS kra\u0161tu. Stalvir\u0161is ir pagrindas papildomai pastorinti iki 36 mm.<br \/>\nPrailginimo plok\u0161t\u0117 laikoma specialiame stal\u010diuje po stalvir\u0161iu, tod\u0117l j\u0105 lengva pasiekti ir nereikia ie\u0161koti papildomos vietos daiktams laikyti.<\/p>","protected":false},"featured_media":337374,"comment_status":"open","ping_status":"closed","template":"","meta":[],"product_brand":[],"product_cat":[9998,1934],"product_tag":[],"class_list":{"0":"post-338999","1":"product","2":"type-product","3":"status-publish","4":"has-post-thumbnail","6":"product_cat-alta-baldai","7":"product_cat-tables","9":"first","10":"instock","11":"shipping-taxable","12":"purchasable","13":"product-type-variable","14":"wvs-archive-product-wrapper"},"_links":{"self":[{"href":"https:\/\/baldumarket.lt\/lt\/wp-json\/wp\/v2\/product\/338999","targetHints":{"allow":["GET"]}}],"collection":[{"href":"https:\/\/baldumarket.lt\/lt\/wp-json\/wp\/v2\/product"}],"about":[{"href":"https:\/\/baldumarket.lt\/lt\/wp-json\/wp\/v2\/types\/product"}],"replies":[{"embeddable":true,"href":"https:\/\/baldumarket.lt\/lt\/wp-json\/wp\/v2\/comments?post=338999"}],"wp:featuredmedia":[{"embeddable":true,"href":"https:\/\/baldumarket.lt\/lt\/wp-json\/wp\/v2\/media\/337374"}],"wp:attachment":[{"href":"https:\/\/baldumarket.lt\/lt\/wp-json\/wp\/v2\/media?parent=338999"}],"wp:term":[{"taxonomy":"product_brand","embeddable":true,"href":"https:\/\/baldumarket.lt\/lt\/wp-json\/wp\/v2\/product_brand?post=338999"},{"taxonomy":"product_cat","embeddable":true,"href":"https:\/\/baldumarket.lt\/lt\/wp-json\/wp\/v2\/product_cat?post=338999"},{"taxonomy":"product_tag","embeddable":true,"href":"https:\/\/baldumarket.lt\/lt\/wp-json\/wp\/v2\/product_tag?post=338999"}],"curies":[{"name":"wp","href":"https:\/\/api.w.org\/{rel}","templated":true}]}}