{"id":338877,"date":"2026-03-31T23:27:20","date_gmt":"2026-03-31T20:27:20","guid":{"rendered":"https:\/\/baldumarket.lt\/?post_type=product&#038;p=338877"},"modified":"2026-04-01T15:48:54","modified_gmt":"2026-04-01T12:48:54","slug":"lova-venezia-140x200","status":"publish","type":"product","link":"https:\/\/baldumarket.lt\/lt\/produktas\/lova-venezia-140x200\/","title":{"rendered":"Lova VENEZIA 140\u00d7200"},"content":{"rendered":"","protected":false},"excerpt":{"rendered":"<p>Lovos kaina apima \u010diu\u017einio pagrind\u0105 (klost\u012f).<br \/>\n\u201cClassic black\u201d spalvos kaina yra +20% prie produkto kainos.<\/p>","protected":false},"featured_media":337755,"comment_status":"open","ping_status":"closed","template":"","meta":[],"product_brand":[],"product_cat":[9998,505],"product_tag":[],"class_list":{"0":"post-338877","1":"product","2":"type-product","3":"status-publish","4":"has-post-thumbnail","6":"product_cat-alta-baldai","7":"product_cat-bedroom-beds","9":"first","10":"instock","11":"shipping-taxable","12":"purchasable","13":"product-type-variable","14":"wvs-archive-product-wrapper"},"_links":{"self":[{"href":"https:\/\/baldumarket.lt\/lt\/wp-json\/wp\/v2\/product\/338877","targetHints":{"allow":["GET"]}}],"collection":[{"href":"https:\/\/baldumarket.lt\/lt\/wp-json\/wp\/v2\/product"}],"about":[{"href":"https:\/\/baldumarket.lt\/lt\/wp-json\/wp\/v2\/types\/product"}],"replies":[{"embeddable":true,"href":"https:\/\/baldumarket.lt\/lt\/wp-json\/wp\/v2\/comments?post=338877"}],"wp:featuredmedia":[{"embeddable":true,"href":"https:\/\/baldumarket.lt\/lt\/wp-json\/wp\/v2\/media\/337755"}],"wp:attachment":[{"href":"https:\/\/baldumarket.lt\/lt\/wp-json\/wp\/v2\/media?parent=338877"}],"wp:term":[{"taxonomy":"product_brand","embeddable":true,"href":"https:\/\/baldumarket.lt\/lt\/wp-json\/wp\/v2\/product_brand?post=338877"},{"taxonomy":"product_cat","embeddable":true,"href":"https:\/\/baldumarket.lt\/lt\/wp-json\/wp\/v2\/product_cat?post=338877"},{"taxonomy":"product_tag","embeddable":true,"href":"https:\/\/baldumarket.lt\/lt\/wp-json\/wp\/v2\/product_tag?post=338877"}],"curies":[{"name":"wp","href":"https:\/\/api.w.org\/{rel}","templated":true}]}}