{"id":338865,"date":"2026-03-31T23:26:19","date_gmt":"2026-03-31T20:26:19","guid":{"rendered":"https:\/\/baldumarket.lt\/?post_type=product&#038;p=338865"},"modified":"2026-04-01T15:44:39","modified_gmt":"2026-04-01T12:44:39","slug":"adelfia-comfort-kede","status":"publish","type":"product","link":"https:\/\/baldumarket.lt\/lt\/produktas\/adelfia-comfort-kede\/","title":{"rendered":"ADELFIA Comfort k\u0117d\u0117"},"content":{"rendered":"","protected":false},"excerpt":{"rendered":"<p>Medin\u0117 s\u0117dyn\u0117: 485 \u20ac<br \/>\nNat\u016bralios odos s\u0117dyn\u0117: 630 \u20ac<br \/>\n\u201cClassic black\u201d spalvos kaina yra +20% prie produkto kainos.<\/p>","protected":false},"featured_media":337735,"comment_status":"open","ping_status":"closed","template":"","meta":[],"product_brand":[],"product_cat":[9998,1930],"product_tag":[],"class_list":{"0":"post-338865","1":"product","2":"type-product","3":"status-publish","4":"has-post-thumbnail","6":"product_cat-alta-baldai","7":"product_cat-chairs","9":"first","10":"instock","11":"shipping-taxable","12":"purchasable","13":"product-type-variable","14":"wvs-archive-product-wrapper"},"_links":{"self":[{"href":"https:\/\/baldumarket.lt\/lt\/wp-json\/wp\/v2\/product\/338865","targetHints":{"allow":["GET"]}}],"collection":[{"href":"https:\/\/baldumarket.lt\/lt\/wp-json\/wp\/v2\/product"}],"about":[{"href":"https:\/\/baldumarket.lt\/lt\/wp-json\/wp\/v2\/types\/product"}],"replies":[{"embeddable":true,"href":"https:\/\/baldumarket.lt\/lt\/wp-json\/wp\/v2\/comments?post=338865"}],"wp:featuredmedia":[{"embeddable":true,"href":"https:\/\/baldumarket.lt\/lt\/wp-json\/wp\/v2\/media\/337735"}],"wp:attachment":[{"href":"https:\/\/baldumarket.lt\/lt\/wp-json\/wp\/v2\/media?parent=338865"}],"wp:term":[{"taxonomy":"product_brand","embeddable":true,"href":"https:\/\/baldumarket.lt\/lt\/wp-json\/wp\/v2\/product_brand?post=338865"},{"taxonomy":"product_cat","embeddable":true,"href":"https:\/\/baldumarket.lt\/lt\/wp-json\/wp\/v2\/product_cat?post=338865"},{"taxonomy":"product_tag","embeddable":true,"href":"https:\/\/baldumarket.lt\/lt\/wp-json\/wp\/v2\/product_tag?post=338865"}],"curies":[{"name":"wp","href":"https:\/\/api.w.org\/{rel}","templated":true}]}}