{"id":337107,"date":"2026-03-09T10:56:31","date_gmt":"2026-03-09T07:56:31","guid":{"rendered":"https:\/\/baldumarket.lt\/?post_type=product&#038;p=337107"},"modified":"2026-04-07T16:02:45","modified_gmt":"2026-04-07T13:02:45","slug":"furniture-set-koral-a","status":"publish","type":"product","link":"https:\/\/baldumarket.lt\/lt\/product\/furniture-set-koral-a\/","title":{"rendered":"Bald\u0173 sienel\u0117 KORAL A"},"content":{"rendered":"<p><strong><span dir=\"auto\"><span class=\"\" dir=\"auto\">KORAL A rinkinys<\/span><\/span><\/strong><span dir=\"auto\"><span class=\"\" dir=\"auto\">\u00a0puikus pasirinkimas tiems, kurie visame kame ie\u0161ko klasikinio stiliaus. Paprastas dizainas ir lengva prie\u017ei\u016bra patiks gerb\u0117jams. Sienin\u0117 spintel\u0117 turi daugyb\u0119 prakti\u0161k\u0173 daiktad\u0117\u017ei\u0173, kurios pad\u0117s jums i\u0161likti organizuotiems, o atvir\u0173, stiklini\u0173 lentyn\u0173 d\u0117ka galite pabr\u0117\u017eti savo unikal\u0173 stili\u0173 stilingais aksesuarais. Baldai yra erdv\u016bs ir si\u016blomi \u012fvairi\u0173 spalv\u0173.<\/span><\/span><\/p>\n<p><strong><span dir=\"auto\">Matmenys:<\/span><\/strong><\/p>\n<p><span dir=\"auto\">\u2013 plotis 310 cm \/ auk\u0161tis 208 cm \/ gylis 53 cm<\/span><\/p>\n<p><strong><span dir=\"auto\">Papildoma informacija:<\/span><\/strong><\/p>\n<p><span dir=\"auto\">\u2013 16 mm storio laminuota plok\u0161t\u0117, 22 mm vir\u0161us<\/span><br \/>\n<span dir=\"auto\">\u2013 fasadai su MDF juostele<\/span><br \/>\n<span dir=\"auto\">\u2013 vitrinose standartin\u0117s laminuotos plok\u0161t\u0117s lentynos<\/span><br \/>\n<span dir=\"auto\">\u2013 plastikin\u0117s rankenos ir kojel\u0117s u\u017etikrina patvarum\u0105 ir naudojimo patogum\u0105<\/span><br \/>\n<span dir=\"auto\">\u2013 101,5 cm plo\u010dio televizoriaus ni\u0161a<\/span><br \/>\n<span dir=\"auto\">\u2013 90x208x53 cm spinta su lentyna vir\u0161 drabu\u017ei\u0173 skersinio<\/span><br \/>\n<span dir=\"auto\">\u2013 baldai nauji, supakuoti \u012f savaranki\u0161kai surinkamas pakuotes, su ai\u0161kiomis instrukcijomis ir priedais.<\/span><br \/>\n<span dir=\"auto\">\u2013 vizualizacijoje pavaizduota sienin\u0117 spintel\u0117 yra \u0161okolado spalvos<\/span><\/p>","protected":false},"excerpt":{"rendered":"<p><strong><span dir=\"auto\">Matmenys:<\/span><\/strong><\/p>\n<p><span dir=\"auto\">\u2013 plotis 310 cm \/ auk\u0161tis 208 cm \/ gylis 53 cm<\/span><\/p>","protected":false},"featured_media":337108,"comment_status":"open","ping_status":"closed","template":"","meta":[],"product_brand":[],"product_cat":[9879,9880,2008],"product_tag":[],"class_list":{"0":"post-337107","1":"product","2":"type-product","3":"status-publish","4":"has-post-thumbnail","6":"product_cat-krajan","7":"product_cat-classic-furniture-krajan","8":"product_cat-wall-units","10":"first","11":"instock","12":"shipping-taxable","13":"purchasable","14":"product-type-variable","15":"wvs-archive-product-wrapper"},"_links":{"self":[{"href":"https:\/\/baldumarket.lt\/lt\/wp-json\/wp\/v2\/product\/337107","targetHints":{"allow":["GET"]}}],"collection":[{"href":"https:\/\/baldumarket.lt\/lt\/wp-json\/wp\/v2\/product"}],"about":[{"href":"https:\/\/baldumarket.lt\/lt\/wp-json\/wp\/v2\/types\/product"}],"replies":[{"embeddable":true,"href":"https:\/\/baldumarket.lt\/lt\/wp-json\/wp\/v2\/comments?post=337107"}],"wp:featuredmedia":[{"embeddable":true,"href":"https:\/\/baldumarket.lt\/lt\/wp-json\/wp\/v2\/media\/337108"}],"wp:attachment":[{"href":"https:\/\/baldumarket.lt\/lt\/wp-json\/wp\/v2\/media?parent=337107"}],"wp:term":[{"taxonomy":"product_brand","embeddable":true,"href":"https:\/\/baldumarket.lt\/lt\/wp-json\/wp\/v2\/product_brand?post=337107"},{"taxonomy":"product_cat","embeddable":true,"href":"https:\/\/baldumarket.lt\/lt\/wp-json\/wp\/v2\/product_cat?post=337107"},{"taxonomy":"product_tag","embeddable":true,"href":"https:\/\/baldumarket.lt\/lt\/wp-json\/wp\/v2\/product_tag?post=337107"}],"curies":[{"name":"wp","href":"https:\/\/api.w.org\/{rel}","templated":true}]}}