{"id":337069,"date":"2026-03-08T11:39:49","date_gmt":"2026-03-08T08:39:49","guid":{"rendered":"https:\/\/baldumarket.lt\/?post_type=product&#038;p=337069"},"modified":"2026-04-07T16:02:45","modified_gmt":"2026-04-07T13:02:45","slug":"furniture-set-adel-i","status":"publish","type":"product","link":"https:\/\/baldumarket.lt\/lt\/product\/furniture-set-adel-i\/","title":{"rendered":"Bald\u0173 sienel\u0117 ADEL I"},"content":{"rendered":"<p><strong><span dir=\"auto\">ADEL rinkinys<\/span><\/strong><span dir=\"auto\">\u00a0pasi\u017eymi moderniu ir eleganti\u0161ku dizainu, patvarumu ir funkcionalumu. Pagamintas i\u0161 auk\u0161tos kokyb\u0117s laminuotos plok\u0161t\u0117s, jis tarnaus ilgus metus, o paprasta konstrukcija u\u017etikrina komfort\u0105 net ir reikliausiems vartotojams. Be to, r\u0117mai apvaduoti ABS plastiku. Baldai puikiai tinka svetain\u0117ms ir poilsio kambariams. Baldai yra erdv\u016bs ir si\u016blomi \u012fvairi\u0173 spalv\u0173.<\/span><\/p>\n<p><strong><span dir=\"auto\">Matmenys:<\/span><\/strong><\/p>\n<p><span dir=\"auto\">\u2013 plotis 322 cm \/ auk\u0161tis 204 cm \/ gylis 52 cm<\/span><\/p>\n<p><strong><span dir=\"auto\">Papildoma informacija:<\/span><\/strong><\/p>\n<p><span dir=\"auto\">\u2013 16 mm storio laminuota plok\u0161t\u0117<\/span><br \/>\n<span dir=\"auto\">\u2013 Vitrinose standarti\u0161kai \u012frengtos laminuotos lentos lentynos.<\/span><br \/>\n<span dir=\"auto\">\u2013 Stiklin\u0117s lentynos ir LED ap\u0161vietimas \u2013 u\u017e papildom\u0105 mokest\u012f.<\/span><br \/>\n<span dir=\"auto\">\u2013 Plastikin\u0117s rankenos ir kojel\u0117s u\u017etikrina patvarum\u0105 ir naudojimo patogum\u0105.<\/span><br \/>\n<span dir=\"auto\">\u2013 121,6 cm plo\u010dio televizoriaus ni\u0161a.<\/span><br \/>\n<span dir=\"auto\">\u2013 Baldai nauji, supakuoti \u012f savaranki\u0161kai surinkamas pakuotes, su ai\u0161kiomis instrukcijomis ir priedais.<\/span><br \/>\n<span dir=\"auto\">\u2013 Vizualizacijoje parodyta sienin\u0117 spintel\u0117 yra apdailinta triufeli\u0173 spalva.<\/span><\/p>","protected":false},"excerpt":{"rendered":"<p><strong><span dir=\"auto\">Matmenys:<\/span><\/strong><\/p>\n<p><span dir=\"auto\">\u2013 plotis 322 cm \/ auk\u0161tis 204 cm \/ gylis 52 cm<\/span><\/p>","protected":false},"featured_media":337071,"comment_status":"open","ping_status":"closed","template":"","meta":[],"product_brand":[],"product_cat":[9879,9880,2008],"product_tag":[],"class_list":{"0":"post-337069","1":"product","2":"type-product","3":"status-publish","4":"has-post-thumbnail","6":"product_cat-krajan","7":"product_cat-classic-furniture-krajan","8":"product_cat-wall-units","10":"first","11":"instock","12":"shipping-taxable","13":"purchasable","14":"product-type-variable","15":"wvs-archive-product-wrapper"},"_links":{"self":[{"href":"https:\/\/baldumarket.lt\/lt\/wp-json\/wp\/v2\/product\/337069","targetHints":{"allow":["GET"]}}],"collection":[{"href":"https:\/\/baldumarket.lt\/lt\/wp-json\/wp\/v2\/product"}],"about":[{"href":"https:\/\/baldumarket.lt\/lt\/wp-json\/wp\/v2\/types\/product"}],"replies":[{"embeddable":true,"href":"https:\/\/baldumarket.lt\/lt\/wp-json\/wp\/v2\/comments?post=337069"}],"wp:featuredmedia":[{"embeddable":true,"href":"https:\/\/baldumarket.lt\/lt\/wp-json\/wp\/v2\/media\/337071"}],"wp:attachment":[{"href":"https:\/\/baldumarket.lt\/lt\/wp-json\/wp\/v2\/media?parent=337069"}],"wp:term":[{"taxonomy":"product_brand","embeddable":true,"href":"https:\/\/baldumarket.lt\/lt\/wp-json\/wp\/v2\/product_brand?post=337069"},{"taxonomy":"product_cat","embeddable":true,"href":"https:\/\/baldumarket.lt\/lt\/wp-json\/wp\/v2\/product_cat?post=337069"},{"taxonomy":"product_tag","embeddable":true,"href":"https:\/\/baldumarket.lt\/lt\/wp-json\/wp\/v2\/product_tag?post=337069"}],"curies":[{"name":"wp","href":"https:\/\/api.w.org\/{rel}","templated":true}]}}