{"id":337023,"date":"2026-03-07T20:31:45","date_gmt":"2026-03-07T17:31:45","guid":{"rendered":"https:\/\/baldumarket.lt\/?post_type=product&#038;p=337023"},"modified":"2026-03-26T18:06:57","modified_gmt":"2026-03-26T15:06:57","slug":"leo-spinta-90x200x525-cm-18-mm-plokste","status":"publish","type":"product","link":"https:\/\/baldumarket.lt\/lt\/product\/leo-spinta-90x200x525-cm-18-mm-plokste\/","title":{"rendered":"LEO spinta 90x200x52,5 cm \u2013 18 mm plok\u0161t\u0117"},"content":{"rendered":"<p>\u0160i 2 dur\u0173 spinta (90\/200\/52,5 cm) \u2013 puikus pasirinkimas j\u016bs\u0173 persirengimo kambariui, svetainei ar miegamajam. Pagaminta i\u0161 auk\u0161tos kokyb\u0117s laminuotos plok\u0161t\u0117s, prakti\u0161ka lentyn\u0173 dalis ir drabu\u017ei\u0173 skersinis suteikia daug vietos daiktams susid\u0117ti. Tvirta konstrukcija garantuoja ilgaam\u017ei\u0161kum\u0105 ir u\u017etikrina, kad \u0161i spinta tarnaus daugel\u012f met\u0173. \u0160i 90 cm plo\u010dio spinta yra vienas populiariausi\u0173 pasirinkim\u0173 ma\u017eesniems miegamiesiems, koridoriams ir vaik\u0173 kambariams. Ji derina kompakti\u0161kus matmenis ir auk\u0161t\u0105 funkcionalum\u0105.<\/p>\n<p>Matmenys:<br \/>\n\u2013 plotis 90 cm \/ auk\u0161tis 200 cm \/ gylis 52,5 cm<br \/>\nPapildoma informacija:<br \/>\n\u2013 dur\u0173 skai\u010dius: 2<\/p>\n<p>\u2013 med\u017eiaga: 18 mm storio laminuota plok\u0161t\u0117<\/p>\n<p>\u2013 plastikin\u0117s rankenos u\u017etikrina patvarum\u0105 ir naudojimo patogum\u0105<\/p>\n<p>\u2013 baldai yra nauji, supakuoti \u012f savaranki\u0161kai surinkamas pakuotes, su ai\u0161kiomis instrukcijomis ir priedais.<\/p>\n<p>\u2013 vizualizacijoje pavaizduota spinta yra Sonoma spalvos<\/p>","protected":false},"excerpt":{"rendered":"<p>\u0160i dviej\u0173 dur\u0173 spinta (90\/200\/52,5 cm) \u2013 puikus pasirinkimas j\u016bs\u0173 persirengimo kambariui, svetainei ar miegamajam. Pagaminta i\u0161 auk\u0161tos kokyb\u0117s laminuotos plok\u0161t\u0117s, prakti\u0161ka lentyn\u0173 dalis ir drabu\u017ei\u0173 skersinis suteikia daug vietos daiktams susid\u0117ti. Tvirta konstrukcija garantuoja ilgaam\u017ei\u0161kum\u0105 ir u\u017etikrina, kad \u0161i spinta tarnaus daugel\u012f met\u0173. \u0160i 90 cm plo\u010dio spinta yra viena i\u0161 [\u2026]<\/p>","protected":false},"featured_media":337051,"comment_status":"open","ping_status":"closed","template":"","meta":[],"product_brand":[],"product_cat":[9879,9884,1177],"product_tag":[],"class_list":{"0":"post-337023","1":"product","2":"type-product","3":"status-publish","4":"has-post-thumbnail","6":"product_cat-krajan","7":"product_cat-wardrobes-krajan","8":"product_cat-wardrobes","10":"first","11":"instock","12":"shipping-taxable","13":"purchasable","14":"product-type-variable","15":"wvs-archive-product-wrapper"},"_links":{"self":[{"href":"https:\/\/baldumarket.lt\/lt\/wp-json\/wp\/v2\/product\/337023","targetHints":{"allow":["GET"]}}],"collection":[{"href":"https:\/\/baldumarket.lt\/lt\/wp-json\/wp\/v2\/product"}],"about":[{"href":"https:\/\/baldumarket.lt\/lt\/wp-json\/wp\/v2\/types\/product"}],"replies":[{"embeddable":true,"href":"https:\/\/baldumarket.lt\/lt\/wp-json\/wp\/v2\/comments?post=337023"}],"wp:featuredmedia":[{"embeddable":true,"href":"https:\/\/baldumarket.lt\/lt\/wp-json\/wp\/v2\/media\/337051"}],"wp:attachment":[{"href":"https:\/\/baldumarket.lt\/lt\/wp-json\/wp\/v2\/media?parent=337023"}],"wp:term":[{"taxonomy":"product_brand","embeddable":true,"href":"https:\/\/baldumarket.lt\/lt\/wp-json\/wp\/v2\/product_brand?post=337023"},{"taxonomy":"product_cat","embeddable":true,"href":"https:\/\/baldumarket.lt\/lt\/wp-json\/wp\/v2\/product_cat?post=337023"},{"taxonomy":"product_tag","embeddable":true,"href":"https:\/\/baldumarket.lt\/lt\/wp-json\/wp\/v2\/product_tag?post=337023"}],"curies":[{"name":"wp","href":"https:\/\/api.w.org\/{rel}","templated":true}]}}