{"id":33702,"date":"2025-11-14T23:20:44","date_gmt":"2025-11-14T20:20:44","guid":{"rendered":"https:\/\/baldumarket.lt\/product\/loze-carilla-stelaz-met-pod-gaz-kontener-140x200\/"},"modified":"2026-03-24T16:23:54","modified_gmt":"2026-03-24T13:23:54","slug":"loze-carilla-stelaz-met-pod-gaz-kontener-140x200","status":"publish","type":"product","link":"https:\/\/baldumarket.lt\/lt\/product\/loze-carilla-stelaz-met-pod-gaz-kontener-140x200\/","title":{"rendered":"Carilla lova + metalinis r\u0117mas\/dujos\/konteineris 140\u00d7200"},"content":{"rendered":"<p>\u201eCarilla\u201c lova \u2013 tai modernus ir eleganti\u0161kas baldas, si\u016blomas trij\u0173 dyd\u017ei\u0173: 140 \u00d7 200 cm, 160 \u00d7 200 cm ir 180 \u00d7 200 cm, puikiai papildantis \u0161iuolaikines interjero tendencijas. Komfort\u0105 u\u017etikrina auk\u0161tos kokyb\u0117s T2130 ir T2315 poliuretano put\u0173 u\u017epildas, garantuojantis komfort\u0105 ir ilgaam\u017ei\u0161kum\u0105. Tvirta konstrukcija remiasi \u012f metalin\u012f r\u0117m\u0105 su 36 lentjuost\u0117mis, kurios u\u017etikrina puik\u0173 \u010diu\u017einio atram\u0105 ir patog\u0173 mieg\u0105. Juodas slydimo pavir\u0161ius u\u017ebaigia i\u0161vaizd\u0105, padidindamas baldo stabilum\u0105 ir estetik\u0105.<\/p>","protected":false},"excerpt":{"rendered":"<p>\u201eCarilla\u201c lova \u2013 tai modernus ir eleganti\u0161kas baldas, si\u016blomas trij\u0173 dyd\u017ei\u0173: 140 \u00d7 200 cm, 160 \u00d7 200 cm ir 180 \u00d7 200 cm, puikiai papildantis \u0161iuolaikines interjero tendencijas. Komfort\u0105 u\u017etikrina auk\u0161tos kokyb\u0117s T2130 ir T2315 poliuretano put\u0173 u\u017epildas, garantuojantis komfort\u0105 ir ilgaam\u017ei\u0161kum\u0105. Tvirta konstrukcija remiasi \u012f metalin\u012f [\u2026]<\/p>","protected":false},"featured_media":33703,"comment_status":"open","ping_status":"open","template":"","meta":[],"product_brand":[],"product_cat":[505,1972,2012,9173],"product_tag":[],"class_list":{"0":"post-33702","1":"product","2":"type-product","3":"status-publish","4":"has-post-thumbnail","6":"product_cat-bedroom-beds","7":"product_cat-beds-180x200","8":"product_cat-eltap","9":"product_cat-lozka-eltap","11":"first","12":"instock","13":"purchasable","14":"product-type-variable","15":"wvs-archive-product-wrapper"},"_links":{"self":[{"href":"https:\/\/baldumarket.lt\/lt\/wp-json\/wp\/v2\/product\/33702","targetHints":{"allow":["GET"]}}],"collection":[{"href":"https:\/\/baldumarket.lt\/lt\/wp-json\/wp\/v2\/product"}],"about":[{"href":"https:\/\/baldumarket.lt\/lt\/wp-json\/wp\/v2\/types\/product"}],"replies":[{"embeddable":true,"href":"https:\/\/baldumarket.lt\/lt\/wp-json\/wp\/v2\/comments?post=33702"}],"wp:featuredmedia":[{"embeddable":true,"href":"https:\/\/baldumarket.lt\/lt\/wp-json\/wp\/v2\/media\/33703"}],"wp:attachment":[{"href":"https:\/\/baldumarket.lt\/lt\/wp-json\/wp\/v2\/media?parent=33702"}],"wp:term":[{"taxonomy":"product_brand","embeddable":true,"href":"https:\/\/baldumarket.lt\/lt\/wp-json\/wp\/v2\/product_brand?post=33702"},{"taxonomy":"product_cat","embeddable":true,"href":"https:\/\/baldumarket.lt\/lt\/wp-json\/wp\/v2\/product_cat?post=33702"},{"taxonomy":"product_tag","embeddable":true,"href":"https:\/\/baldumarket.lt\/lt\/wp-json\/wp\/v2\/product_tag?post=33702"}],"curies":[{"name":"wp","href":"https:\/\/api.w.org\/{rel}","templated":true}]}}