{"id":337013,"date":"2026-03-07T20:30:51","date_gmt":"2026-03-07T17:30:51","guid":{"rendered":"https:\/\/baldumarket.lt\/?post_type=product&#038;p=337013"},"modified":"2026-04-07T16:02:45","modified_gmt":"2026-04-07T13:02:45","slug":"aga-3","status":"publish","type":"product","link":"https:\/\/baldumarket.lt\/lt\/product\/aga-3\/","title":{"rendered":"Bat\u0173 spintel\u0117 AGA"},"content":{"rendered":"<p>Informacija:<br \/>\nPlotis\/Auk\u0161tis\/Gylis: 60\/115\/37 cm<br \/>\nSpalva nuotraukoje: Sonoma<\/p>\n<p>Baldai pristatomi plok\u0161\u010diose pakuot\u0117se, kurias galima surinkti savaranki\u0161kai.<\/p>\n<p>Naujas produktas, originalioje pakuot\u0117je!<\/p>\n<p>Pagaminta i\u0161 laminuotos med\u017eio dro\u017eli\u0173 plok\u0161t\u0117s.<\/p>\n<p>Priekin\u0117s dalys: med\u017eio dro\u017eli\u0173 plok\u0161t\u0117s + lygus fasadas.<\/p>","protected":false},"excerpt":{"rendered":"<p>Informacija: Plotis\/Auk\u0161tis\/Gylis: 60\/115\/37 cm Spalva nuotraukoje: Sonoma Baldai pristatomi plok\u0161\u010diose pakuot\u0117se, kad b\u016bt\u0173 galima surinkti savaranki\u0161kai. Naujas gaminys, originalioje pakuot\u0117je! Pagaminta i\u0161 laminuotos med\u017eio dro\u017eli\u0173 plok\u0161t\u0117s. Priekiniai pavir\u0161iai: med\u017eio dro\u017eli\u0173 plok\u0161t\u0117 + lygus fasadas.<\/p>","protected":false},"featured_media":337045,"comment_status":"open","ping_status":"closed","template":"","meta":[],"product_brand":[],"product_cat":[9879,9884,1997],"product_tag":[],"class_list":{"0":"post-337013","1":"product","2":"type-product","3":"status-publish","4":"has-post-thumbnail","6":"product_cat-krajan","7":"product_cat-wardrobes-krajan","8":"product_cat-shoe-cabinets","10":"first","11":"instock","12":"shipping-taxable","13":"purchasable","14":"product-type-variable","15":"wvs-archive-product-wrapper"},"_links":{"self":[{"href":"https:\/\/baldumarket.lt\/lt\/wp-json\/wp\/v2\/product\/337013","targetHints":{"allow":["GET"]}}],"collection":[{"href":"https:\/\/baldumarket.lt\/lt\/wp-json\/wp\/v2\/product"}],"about":[{"href":"https:\/\/baldumarket.lt\/lt\/wp-json\/wp\/v2\/types\/product"}],"replies":[{"embeddable":true,"href":"https:\/\/baldumarket.lt\/lt\/wp-json\/wp\/v2\/comments?post=337013"}],"wp:featuredmedia":[{"embeddable":true,"href":"https:\/\/baldumarket.lt\/lt\/wp-json\/wp\/v2\/media\/337045"}],"wp:attachment":[{"href":"https:\/\/baldumarket.lt\/lt\/wp-json\/wp\/v2\/media?parent=337013"}],"wp:term":[{"taxonomy":"product_brand","embeddable":true,"href":"https:\/\/baldumarket.lt\/lt\/wp-json\/wp\/v2\/product_brand?post=337013"},{"taxonomy":"product_cat","embeddable":true,"href":"https:\/\/baldumarket.lt\/lt\/wp-json\/wp\/v2\/product_cat?post=337013"},{"taxonomy":"product_tag","embeddable":true,"href":"https:\/\/baldumarket.lt\/lt\/wp-json\/wp\/v2\/product_tag?post=337013"}],"curies":[{"name":"wp","href":"https:\/\/api.w.org\/{rel}","templated":true}]}}