{"id":336974,"date":"2026-03-07T20:27:25","date_gmt":"2026-03-07T17:27:25","guid":{"rendered":"https:\/\/baldumarket.lt\/?post_type=product&#038;p=336974"},"modified":"2026-03-26T18:06:57","modified_gmt":"2026-03-26T15:06:57","slug":"ania-a","status":"publish","type":"product","link":"https:\/\/baldumarket.lt\/lt\/product\/ania-a\/","title":{"rendered":"Prie\u0161kambaris ANIA A"},"content":{"rendered":"<p>Plotis\/Auk\u0161tis\/Gylis: 140\/200\/65 cm<br \/>\nDviej\u0173 dur\u0173 stumdoma spinta ANIA yra labai madingas ir universalus baldas, kuris puikiai tiks miegamajame, prie\u0161kambaryje ar paauglio kambaryje. \u0160i erdvi spinta turi prakti\u0161kas lentynas, pakab\u0105 daiktams ir du patogius stal\u010dius. Tvirta konstrukcija garantuoja ilgaam\u017ei\u0161kum\u0105 ir u\u017etikrina, kad spinta tarnaus daugel\u012f met\u0173.<br \/>\nMatmenys:<br \/>\n\u2013 plotis 140 cm \/ auk\u0161tis 200 cm \/ gylis 65 cm<br \/>\nPapildoma informacija:<br \/>\n\u2013 2 stal\u010diai spintos viduje,<br \/>\n\u2013 pasirenkamas 140\/45\/65 cm praplatinimas vir\u0161 spintos, \u2192 \u201eAnia A\u201c praplatinimas<br \/>\n\u2013 fasadai aliuminio r\u0117muose,<br \/>\n\u2013 aliuminio b\u0117geliai ir \u0161oniniai profiliai,<br \/>\n\u2013 baldai yra nauji, supakuoti \u012f savaranki\u0161kai surinkamas pakuotes, su ai\u0161kiomis instrukcijomis ir priedais.<\/p>\n<p>\u2013 vizualizacijoje pavaizduota spinta yra \u0161okolado spalvos<\/p>","protected":false},"excerpt":{"rendered":"<p>Plotis\/Auk\u0161tis\/Gylis: 140\/200\/65 cm. Dviej\u0173 dur\u0173 stumdoma spinta ANIA yra labai madingas ir universalus baldas, kuris puikiai tiks miegamajame, prie\u0161kambaryje ar paauglio kambaryje. \u0160i erdvi spinta turi prakti\u0161kas lentynas, pakab\u0105 ir du patogius stal\u010dius. Tvirta konstrukcija garantuoja ilgaam\u017ei\u0161kum\u0105, u\u017etikrindama, kad spinta tarnaus daugel\u012f met\u0173. Matmenys: \u2013 [\u2026]<\/p>","protected":false},"featured_media":337017,"comment_status":"open","ping_status":"closed","template":"","meta":[],"product_brand":[],"product_cat":[9879,9884,1177],"product_tag":[],"class_list":{"0":"post-336974","1":"product","2":"type-product","3":"status-publish","4":"has-post-thumbnail","6":"product_cat-krajan","7":"product_cat-wardrobes-krajan","8":"product_cat-wardrobes","10":"first","11":"instock","12":"shipping-taxable","13":"purchasable","14":"product-type-variable","15":"wvs-archive-product-wrapper"},"_links":{"self":[{"href":"https:\/\/baldumarket.lt\/lt\/wp-json\/wp\/v2\/product\/336974","targetHints":{"allow":["GET"]}}],"collection":[{"href":"https:\/\/baldumarket.lt\/lt\/wp-json\/wp\/v2\/product"}],"about":[{"href":"https:\/\/baldumarket.lt\/lt\/wp-json\/wp\/v2\/types\/product"}],"replies":[{"embeddable":true,"href":"https:\/\/baldumarket.lt\/lt\/wp-json\/wp\/v2\/comments?post=336974"}],"wp:featuredmedia":[{"embeddable":true,"href":"https:\/\/baldumarket.lt\/lt\/wp-json\/wp\/v2\/media\/337017"}],"wp:attachment":[{"href":"https:\/\/baldumarket.lt\/lt\/wp-json\/wp\/v2\/media?parent=336974"}],"wp:term":[{"taxonomy":"product_brand","embeddable":true,"href":"https:\/\/baldumarket.lt\/lt\/wp-json\/wp\/v2\/product_brand?post=336974"},{"taxonomy":"product_cat","embeddable":true,"href":"https:\/\/baldumarket.lt\/lt\/wp-json\/wp\/v2\/product_cat?post=336974"},{"taxonomy":"product_tag","embeddable":true,"href":"https:\/\/baldumarket.lt\/lt\/wp-json\/wp\/v2\/product_tag?post=336974"}],"curies":[{"name":"wp","href":"https:\/\/api.w.org\/{rel}","templated":true}]}}