{"id":336964,"date":"2026-03-07T20:26:28","date_gmt":"2026-03-07T17:26:28","guid":{"rendered":"https:\/\/baldumarket.lt\/?post_type=product&#038;p=336964"},"modified":"2026-03-26T18:06:57","modified_gmt":"2026-03-26T15:06:57","slug":"ania-b-pratesimas","status":"publish","type":"product","link":"https:\/\/baldumarket.lt\/lt\/product\/ania-b-pratesimas\/","title":{"rendered":"ANIA B prat\u0119simas"},"content":{"rendered":"<p>Informacija:<br \/>\nPlotis\/Auk\u0161tis\/Gylis: 180\/45\/65 cm<br \/>\n\u2013 Baldai nauji, supakuoti \u012f savaranki\u0161kai surinkamas pakuotes, su ai\u0161kiomis instrukcijomis ir priedais.<\/p>\n<p>\u2013 Vizualizacijoje parodyta spinta yra \u0161okolado spalvos.<\/p>","protected":false},"excerpt":{"rendered":"<p>Informacija: Plotis\/Auk\u0161tis\/Gylis: 180\/45\/65 cm \u2013 Baldai nauji, supakuoti \u012f savaranki\u0161kai surinkiamas pakuotes, su ai\u0161kiomis instrukcijomis ir priedais. \u2013 Vizualizacijoje pavaizduota spinta yra \u0161okolado spalvos.<\/p>","protected":false},"featured_media":337008,"comment_status":"open","ping_status":"closed","template":"","meta":[],"product_brand":[],"product_cat":[9879,9884,1174],"product_tag":[],"class_list":{"0":"post-336964","1":"product","2":"type-product","3":"status-publish","4":"has-post-thumbnail","6":"product_cat-krajan","7":"product_cat-wardrobes-krajan","8":"product_cat-hanging-shelves","10":"first","11":"instock","12":"shipping-taxable","13":"purchasable","14":"product-type-variable","15":"wvs-archive-product-wrapper"},"_links":{"self":[{"href":"https:\/\/baldumarket.lt\/lt\/wp-json\/wp\/v2\/product\/336964","targetHints":{"allow":["GET"]}}],"collection":[{"href":"https:\/\/baldumarket.lt\/lt\/wp-json\/wp\/v2\/product"}],"about":[{"href":"https:\/\/baldumarket.lt\/lt\/wp-json\/wp\/v2\/types\/product"}],"replies":[{"embeddable":true,"href":"https:\/\/baldumarket.lt\/lt\/wp-json\/wp\/v2\/comments?post=336964"}],"wp:featuredmedia":[{"embeddable":true,"href":"https:\/\/baldumarket.lt\/lt\/wp-json\/wp\/v2\/media\/337008"}],"wp:attachment":[{"href":"https:\/\/baldumarket.lt\/lt\/wp-json\/wp\/v2\/media?parent=336964"}],"wp:term":[{"taxonomy":"product_brand","embeddable":true,"href":"https:\/\/baldumarket.lt\/lt\/wp-json\/wp\/v2\/product_brand?post=336964"},{"taxonomy":"product_cat","embeddable":true,"href":"https:\/\/baldumarket.lt\/lt\/wp-json\/wp\/v2\/product_cat?post=336964"},{"taxonomy":"product_tag","embeddable":true,"href":"https:\/\/baldumarket.lt\/lt\/wp-json\/wp\/v2\/product_tag?post=336964"}],"curies":[{"name":"wp","href":"https:\/\/api.w.org\/{rel}","templated":true}]}}