{"id":336950,"date":"2026-03-07T20:25:32","date_gmt":"2026-03-07T17:25:32","guid":{"rendered":"https:\/\/baldumarket.lt\/?post_type=product&#038;p=336950"},"modified":"2026-03-26T18:06:57","modified_gmt":"2026-03-26T15:06:57","slug":"atlasas-a","status":"publish","type":"product","link":"https:\/\/baldumarket.lt\/lt\/product\/atlasas-a\/","title":{"rendered":"ATLAS A veidas"},"content":{"rendered":"<p>Plotis\/Auk\u0161tis\/Gylis: 200\/200\/65 cm<br \/>\nATLAS A \u2013 moderni ir erdvi spinta su stumdomomis durimis. \u0160i spinta puikiai atrodys eleganti\u0161kame miegamajame, prie\u0161kambaryje ar net paauglio kambaryje. Ji pagaminta i\u0161 auk\u0161tos kokyb\u0117s laminuotos plok\u0161t\u0117s. Spintos viduje yra prakti\u0161kos lentynos, du stal\u010diai ir pakabos pakabinimui. Galima rinktis i\u0161 \u012fvairi\u0173 spalv\u0173.<br \/>\nMatmenys:<br \/>\n\u2013 plotis 200 cm \/ auk\u0161tis 200 cm \/ gylis 65 cm<br \/>\nPapildoma informacija:<br \/>\n\u2013 2 stal\u010diai spintos viduje,<br \/>\n\u2013 aliuminio r\u0117mais dengti fasadai,<br \/>\n\u2013 aliuminio b\u0117geliai ir \u0161oniniai profiliai,<br \/>\n\u2013 baldai yra nauji, supakuoti \u012f savaranki\u0161kai surinkamas pakuotes, su ai\u0161kiomis instrukcijomis ir priedais.<\/p>\n<p>\u2013 vizualizacijoje pavaizduota spinta yra \u0161ios spalvos: venge\/sonoma<\/p>","protected":false},"excerpt":{"rendered":"<p>Plotis\/Auk\u0161tis\/Gylis: 200\/200\/65 cm ATLAS A \u2013 moderni ir erdvi stumdoma spinta. \u0160i spinta puikiai atrodys eleganti\u0161kame miegamajame, prie\u0161kambaryje ar net paauglio kambaryje. Ji pagaminta i\u0161 auk\u0161tos kokyb\u0117s laminuotos plok\u0161t\u0117s. Spintos viduje yra prakti\u0161kos lentynos, du stal\u010diai ir pakabos. Galima rinktis i\u0161 \u012fvairi\u0173 spalv\u0173. Matmenys: \u2013 plotis 200 cm \/ [\u2026]<\/p>","protected":false},"featured_media":336996,"comment_status":"open","ping_status":"closed","template":"","meta":[],"product_brand":[],"product_cat":[9879,9884,1177],"product_tag":[],"class_list":{"0":"post-336950","1":"product","2":"type-product","3":"status-publish","4":"has-post-thumbnail","6":"product_cat-krajan","7":"product_cat-wardrobes-krajan","8":"product_cat-wardrobes","10":"first","11":"instock","12":"shipping-taxable","13":"purchasable","14":"product-type-variable","15":"wvs-archive-product-wrapper"},"_links":{"self":[{"href":"https:\/\/baldumarket.lt\/lt\/wp-json\/wp\/v2\/product\/336950","targetHints":{"allow":["GET"]}}],"collection":[{"href":"https:\/\/baldumarket.lt\/lt\/wp-json\/wp\/v2\/product"}],"about":[{"href":"https:\/\/baldumarket.lt\/lt\/wp-json\/wp\/v2\/types\/product"}],"replies":[{"embeddable":true,"href":"https:\/\/baldumarket.lt\/lt\/wp-json\/wp\/v2\/comments?post=336950"}],"wp:featuredmedia":[{"embeddable":true,"href":"https:\/\/baldumarket.lt\/lt\/wp-json\/wp\/v2\/media\/336996"}],"wp:attachment":[{"href":"https:\/\/baldumarket.lt\/lt\/wp-json\/wp\/v2\/media?parent=336950"}],"wp:term":[{"taxonomy":"product_brand","embeddable":true,"href":"https:\/\/baldumarket.lt\/lt\/wp-json\/wp\/v2\/product_brand?post=336950"},{"taxonomy":"product_cat","embeddable":true,"href":"https:\/\/baldumarket.lt\/lt\/wp-json\/wp\/v2\/product_cat?post=336950"},{"taxonomy":"product_tag","embeddable":true,"href":"https:\/\/baldumarket.lt\/lt\/wp-json\/wp\/v2\/product_tag?post=336950"}],"curies":[{"name":"wp","href":"https:\/\/api.w.org\/{rel}","templated":true}]}}