{"id":336948,"date":"2026-03-07T20:25:29","date_gmt":"2026-03-07T17:25:29","guid":{"rendered":"https:\/\/baldumarket.lt\/?post_type=product&#038;p=336948"},"modified":"2026-03-26T18:06:57","modified_gmt":"2026-03-26T15:06:57","slug":"atlas-b-veidrodis","status":"publish","type":"product","link":"https:\/\/baldumarket.lt\/lt\/product\/atlas-b-veidrodis\/","title":{"rendered":"ATLAS B veidrodis"},"content":{"rendered":"<p>Plotis\/Auk\u0161tis\/Gylis: 200\/200\/65 cm<br \/>\nATLAS B \u2013 moderni ir erdvi stumdoma spinta su veidrod\u017eiais. \u0160i spinta puikiai atrodys eleganti\u0161kame miegamajame, prie\u0161kambaryje ar net paauglio kambaryje. Ji pagaminta i\u0161 auk\u0161tos kokyb\u0117s laminuotos plok\u0161t\u0117s. Didelis veidrodis \u2013 puikus akcentas, ne tik papildantis stili\u0173, bet ir vizualiai padidinantis bei pa\u0161viesinantis kambar\u012f. Spintos viduje yra prakti\u0161kos lentynos, du stal\u010diai ir pakabos. Galima rinktis i\u0161 \u012fvairi\u0173 spalv\u0173.<br \/>\nMatmenys:<br \/>\n\u2013 plotis 200 cm \/ auk\u0161tis 200 cm \/ gylis 65 cm<br \/>\nPapildoma informacija:<br \/>\n\u2013 2 stal\u010diai spintos viduje,<br \/>\n\u2013 fasadai su aliuminio r\u0117mais,<br \/>\n\u2013 aliuminio b\u0117geliai ir \u0161oniniai profiliai,<br \/>\n\u2013 spintos priekis (stumdomos durys) pagamintas i\u0161 laminuotos plok\u0161t\u0117s su veidrodiniu pavir\u0161iumi ir dekoratyviniais aliuminio elementais. \u2013 Baldai nauji, supakuoti \u012f savaranki\u0161kai surinkamas pakuotes, su ai\u0161kiomis instrukcijomis ir priedais.<\/p>\n<p>\u2013 Vizualizacijoje pavaizduota spinta yra \u0161okolado\/uolos spalvos.<\/p>","protected":false},"excerpt":{"rendered":"<p>Plotis\/Auk\u0161tis\/Gylis: 200\/200\/65 cm ATLAS B \u2013 tai moderni ir erdvi stumdoma spinta su veidrod\u017eiais. \u0160i spinta puikiai atrodys eleganti\u0161kame miegamajame, prie\u0161kambaryje ar net paauglio kambaryje. Ji pagaminta i\u0161 auk\u0161tos kokyb\u0117s laminuotos plok\u0161t\u0117s. Didelis veidrodis \u2013 tobulas apdailos akcentas, ne tik papildantis stili\u0173, bet ir vizualiai padidinantis [\u2026]<\/p>","protected":false},"featured_media":336986,"comment_status":"open","ping_status":"closed","template":"","meta":[],"product_brand":[],"product_cat":[9879,9884,1177],"product_tag":[],"class_list":{"0":"post-336948","1":"product","2":"type-product","3":"status-publish","4":"has-post-thumbnail","6":"product_cat-krajan","7":"product_cat-wardrobes-krajan","8":"product_cat-wardrobes","10":"first","11":"instock","12":"shipping-taxable","13":"purchasable","14":"product-type-variable","15":"wvs-archive-product-wrapper"},"_links":{"self":[{"href":"https:\/\/baldumarket.lt\/lt\/wp-json\/wp\/v2\/product\/336948","targetHints":{"allow":["GET"]}}],"collection":[{"href":"https:\/\/baldumarket.lt\/lt\/wp-json\/wp\/v2\/product"}],"about":[{"href":"https:\/\/baldumarket.lt\/lt\/wp-json\/wp\/v2\/types\/product"}],"replies":[{"embeddable":true,"href":"https:\/\/baldumarket.lt\/lt\/wp-json\/wp\/v2\/comments?post=336948"}],"wp:featuredmedia":[{"embeddable":true,"href":"https:\/\/baldumarket.lt\/lt\/wp-json\/wp\/v2\/media\/336986"}],"wp:attachment":[{"href":"https:\/\/baldumarket.lt\/lt\/wp-json\/wp\/v2\/media?parent=336948"}],"wp:term":[{"taxonomy":"product_brand","embeddable":true,"href":"https:\/\/baldumarket.lt\/lt\/wp-json\/wp\/v2\/product_brand?post=336948"},{"taxonomy":"product_cat","embeddable":true,"href":"https:\/\/baldumarket.lt\/lt\/wp-json\/wp\/v2\/product_cat?post=336948"},{"taxonomy":"product_tag","embeddable":true,"href":"https:\/\/baldumarket.lt\/lt\/wp-json\/wp\/v2\/product_tag?post=336948"}],"curies":[{"name":"wp","href":"https:\/\/api.w.org\/{rel}","templated":true}]}}