{"id":336944,"date":"2026-03-07T20:25:19","date_gmt":"2026-03-07T17:25:19","guid":{"rendered":"https:\/\/baldumarket.lt\/?post_type=product&#038;p=336944"},"modified":"2026-04-07T16:02:33","modified_gmt":"2026-04-07T13:02:33","slug":"avia","status":"publish","type":"product","link":"https:\/\/baldumarket.lt\/lt\/product\/avia\/","title":{"rendered":"AVIA"},"content":{"rendered":"<p>AVIA miegamojo komplektas<\/p>\n<p>\u0160\u012f miegamojo bald\u0173 komplekt\u0105 sudaro lova, drabu\u017ei\u0173 spinta, komoda, tualetinis staliukas ir naktiniai staliukai kaip pilnas komplektas. Juos taip pat galima \u012fsigyti atskirai, tod\u0117l galite susikurti savo miegamojo bald\u0173 komplekt\u0105 pagal savo individualius pageidavimus. Jie yra patog\u016bs ir erdv\u016bs d\u0117l gerai apgalvot\u0173 daikt\u0173 laikymo funkcij\u0173. D\u0117l auk\u0161\u010diausios kokyb\u0117s gamybos jais gal\u0117site d\u017eiaugtis ilgus metus. Komplekt\u0105 sudaro:<br \/>\n\u2013 Trij\u0173 dur\u0173 spinta su stal\u010diais \u2013 1 vnt.<\/p>\n<p>\u2013 lova su kop\u0117\u010di\u0173 r\u0117mu \u2013 1 vnt. (\u010diu\u017einys ne\u012fskai\u010diuotas)<\/p>\n<p>\u2013 komoda \u2013 1 vnt.<\/p>\n<p>\u2013 naktinis staliukas \u2013 2 vnt.<\/p>\n<p>\u2013 tualetinis staliukas + veidrodis<br \/>\nMatmenys:<\/p>\n<p>plotis cm \/ auk\u0161tis cm \/ gylis cm<\/p>\n<p>\u2013 spintos matmenys: 135 x 205 x 55<\/p>\n<p>\u2013 lova: 181 x 67 x 204<\/p>\n<p>\u2013 naktinis staliukas: 42 x 42 x 43<\/p>\n<p>\u2013 komoda: 82 x 82 x 43<\/p>\n<p>\u2013 tualetinis staliukas: 82 x 92 x 43<\/p>\n<p>\u2013 veidrodis: plotis 84, auk\u0161tis 70<br \/>\nPapildoma informacija:<br \/>\n\u2013 lova: miegamojo plotas 160 x 200 cm (\u010diu\u017einys ne\u012fskai\u010diuotas)<\/p>\n<p>\u2013 baldai yra nauji ir sandarioje pakuot\u0117je, skirta savaranki\u0161kam surinkimui, su ai\u0161kiomis instrukcijomis ir priedais.<\/p>\n<p>\u2013 Vizualizacijoje parodytas miegamasis yra apdailintas \u0161okolado spalva.<\/p>","protected":false},"excerpt":{"rendered":"<p>AVIA miegamojo komplektas. \u0160\u012f miegamojo komplekt\u0105 sudaro lova, drabu\u017ei\u0173 spinta, komoda, tualetinis staliukas ir naktiniai staliukai kaip pilnas komplektas. Juos taip pat galima \u012fsigyti atskirai, tod\u0117l galite susikurti savo miegamojo bald\u0173 komplekt\u0105 pagal savo individualius pageidavimus. Jie yra patog\u016bs ir erdv\u016bs d\u0117l gerai suprojektuot\u0173 daikt\u0173 laikymo funkcij\u0173. A\u010di\u016b [\u2026]<\/p>","protected":false},"featured_media":336984,"comment_status":"open","ping_status":"closed","template":"","meta":[],"product_brand":[],"product_cat":[9950,9879,9134],"product_tag":[],"class_list":{"0":"post-336944","1":"product","2":"type-product","3":"status-publish","4":"has-post-thumbnail","6":"product_cat-bedroom-avia-krajan","7":"product_cat-krajan","8":"product_cat-bedroom-sets","10":"first","11":"instock","12":"shipping-taxable","13":"product-type-variable","14":"wvs-archive-product-wrapper"},"_links":{"self":[{"href":"https:\/\/baldumarket.lt\/lt\/wp-json\/wp\/v2\/product\/336944","targetHints":{"allow":["GET"]}}],"collection":[{"href":"https:\/\/baldumarket.lt\/lt\/wp-json\/wp\/v2\/product"}],"about":[{"href":"https:\/\/baldumarket.lt\/lt\/wp-json\/wp\/v2\/types\/product"}],"replies":[{"embeddable":true,"href":"https:\/\/baldumarket.lt\/lt\/wp-json\/wp\/v2\/comments?post=336944"}],"wp:featuredmedia":[{"embeddable":true,"href":"https:\/\/baldumarket.lt\/lt\/wp-json\/wp\/v2\/media\/336984"}],"wp:attachment":[{"href":"https:\/\/baldumarket.lt\/lt\/wp-json\/wp\/v2\/media?parent=336944"}],"wp:term":[{"taxonomy":"product_brand","embeddable":true,"href":"https:\/\/baldumarket.lt\/lt\/wp-json\/wp\/v2\/product_brand?post=336944"},{"taxonomy":"product_cat","embeddable":true,"href":"https:\/\/baldumarket.lt\/lt\/wp-json\/wp\/v2\/product_cat?post=336944"},{"taxonomy":"product_tag","embeddable":true,"href":"https:\/\/baldumarket.lt\/lt\/wp-json\/wp\/v2\/product_tag?post=336944"}],"curies":[{"name":"wp","href":"https:\/\/api.w.org\/{rel}","templated":true}]}}