{"id":336918,"date":"2026-03-07T20:23:37","date_gmt":"2026-03-07T17:23:37","guid":{"rendered":"https:\/\/baldumarket.lt\/?post_type=product&#038;p=336918"},"modified":"2026-03-26T18:06:57","modified_gmt":"2026-03-26T15:06:57","slug":"avia-spinta-a-5","status":"publish","type":"product","link":"https:\/\/baldumarket.lt\/lt\/product\/avia-spinta-a-5\/","title":{"rendered":"AVIA Spinta A-5"},"content":{"rendered":"<p>Plotis\/Auk\u0161tis\/Gylis: 135\/205\/55 cm<br \/>\nTrij\u0173 dur\u0173 spinta su stal\u010diais AVIA \u2013 puikus pasirinkimas j\u016bs\u0173 persirengimo kambariui, svetainei ar miegamajam. Pagaminta i\u0161 auk\u0161tos kokyb\u0117s laminuotos plok\u0161t\u0117s, prakti\u0161kos lentynos ir drabu\u017ei\u0173 pakabos suteikia daug vietos daiktams susid\u0117ti. Tvirta konstrukcija u\u017etikrina ilgaam\u017ei\u0161kum\u0105, tod\u0117l \u0161i spinta tarnaus jums daugel\u012f met\u0173.<\/p>","protected":false},"excerpt":{"rendered":"<p>Plotis\/Auk\u0161tis\/Gylis: 135\/205\/55 cm. Trij\u0173 dur\u0173 spinta su stal\u010diais AVIA \u2013 puikus pasirinkimas j\u016bs\u0173 persirengimo kambariui, svetainei ar miegamajam. Pagaminta i\u0161 auk\u0161tos kokyb\u0117s laminuotos plok\u0161t\u0117s, prakti\u0161kos lentynos ir drabu\u017ei\u0173 pakabos suteikia daug vietos daiktams susid\u0117ti. Tvirta konstrukcija u\u017etikrina ilgaam\u017ei\u0161kum\u0105, tod\u0117l \u0161i spinta tarnaus jums ilgus metus.<\/p>","protected":false},"featured_media":336967,"comment_status":"open","ping_status":"closed","template":"","meta":[],"product_brand":[],"product_cat":[9950,9879,1177],"product_tag":[],"class_list":{"0":"post-336918","1":"product","2":"type-product","3":"status-publish","4":"has-post-thumbnail","6":"product_cat-bedroom-avia-krajan","7":"product_cat-krajan","8":"product_cat-wardrobes","10":"first","11":"instock","12":"shipping-taxable","13":"purchasable","14":"product-type-variable","15":"wvs-archive-product-wrapper"},"_links":{"self":[{"href":"https:\/\/baldumarket.lt\/lt\/wp-json\/wp\/v2\/product\/336918","targetHints":{"allow":["GET"]}}],"collection":[{"href":"https:\/\/baldumarket.lt\/lt\/wp-json\/wp\/v2\/product"}],"about":[{"href":"https:\/\/baldumarket.lt\/lt\/wp-json\/wp\/v2\/types\/product"}],"replies":[{"embeddable":true,"href":"https:\/\/baldumarket.lt\/lt\/wp-json\/wp\/v2\/comments?post=336918"}],"wp:featuredmedia":[{"embeddable":true,"href":"https:\/\/baldumarket.lt\/lt\/wp-json\/wp\/v2\/media\/336967"}],"wp:attachment":[{"href":"https:\/\/baldumarket.lt\/lt\/wp-json\/wp\/v2\/media?parent=336918"}],"wp:term":[{"taxonomy":"product_brand","embeddable":true,"href":"https:\/\/baldumarket.lt\/lt\/wp-json\/wp\/v2\/product_brand?post=336918"},{"taxonomy":"product_cat","embeddable":true,"href":"https:\/\/baldumarket.lt\/lt\/wp-json\/wp\/v2\/product_cat?post=336918"},{"taxonomy":"product_tag","embeddable":true,"href":"https:\/\/baldumarket.lt\/lt\/wp-json\/wp\/v2\/product_tag?post=336918"}],"curies":[{"name":"wp","href":"https:\/\/api.w.org\/{rel}","templated":true}]}}