{"id":336910,"date":"2026-03-07T20:22:49","date_gmt":"2026-03-07T17:22:49","guid":{"rendered":"https:\/\/baldumarket.lt\/?post_type=product&#038;p=336910"},"modified":"2026-03-26T18:06:57","modified_gmt":"2026-03-26T15:06:57","slug":"aza","status":"publish","type":"product","link":"https:\/\/baldumarket.lt\/lt\/product\/aza\/","title":{"rendered":"Prie\u0161kambaris AZA"},"content":{"rendered":"<p>Moderni ir erdvi AZA spinta, pasi\u017eyminti labai madingu ir eleganti\u0161ku dizainu, su dviem stumdomomis durimis. Unikalus jos charakteris suteiks \u017eavesio bet kuriam kambariui. Pagaminta i\u0161 auk\u0161\u010diausios kokyb\u0117s med\u017eiag\u0173, ji patenkins net ir i\u0161rankiausi\u0173 klient\u0173 l\u016bkes\u010dius. Stumdomose duryse sumontuotos aliuminio rankenos, kad jas b\u016bt\u0173 lengva atidaryti ir u\u017edaryti. Spintos korpusas ir fasadai pagaminti i\u0161 \u0161okolado spalvos laminuotos plok\u0161t\u0117s.<br \/>\nMatmenys:<br \/>\n\u2013 plotis 180 cm \/ auk\u0161tis 200 cm \/ gylis 65 cm<br \/>\nPapildoma informacija:<br \/>\n\u2013 naudojama auk\u0161\u010diausios kokyb\u0117s stumdoma sistema,<\/p>\n<p>\u2013 viduje yra pakabinimo b\u0117geliai ir lentynos,<\/p>\n<p>\u2013 baldai yra nauji, supakuoti \u012f savaranki\u0161kai surinkamas pakuotes, su ai\u0161kiomis instrukcijomis ir priedais.<\/p>","protected":false},"excerpt":{"rendered":"<p>Moderni ir erdvi AZA spinta, pasi\u017eyminti labai madingu ir eleganti\u0161ku dizainu, su dviem stumdomomis durimis. Unikalus jos charakteris suteiks \u017eavesio bet kuriam kambariui. Pagaminta i\u0161 auk\u0161\u010diausios kokyb\u0117s med\u017eiag\u0173, ji patenkins net ir i\u0161rankiausi\u0173 klient\u0173 l\u016bkes\u010dius. Stumdomose duryse sumontuotos aliuminio rankenos, kad b\u016bt\u0173 lengva atidaryti ir [\u2026]<\/p>","protected":false},"featured_media":336965,"comment_status":"open","ping_status":"closed","template":"","meta":[],"product_brand":[],"product_cat":[9879,9884,1177],"product_tag":[],"class_list":{"0":"post-336910","1":"product","2":"type-product","3":"status-publish","4":"has-post-thumbnail","6":"product_cat-krajan","7":"product_cat-wardrobes-krajan","8":"product_cat-wardrobes","10":"first","11":"instock","12":"shipping-taxable","13":"purchasable","14":"product-type-variable","15":"wvs-archive-product-wrapper"},"_links":{"self":[{"href":"https:\/\/baldumarket.lt\/lt\/wp-json\/wp\/v2\/product\/336910","targetHints":{"allow":["GET"]}}],"collection":[{"href":"https:\/\/baldumarket.lt\/lt\/wp-json\/wp\/v2\/product"}],"about":[{"href":"https:\/\/baldumarket.lt\/lt\/wp-json\/wp\/v2\/types\/product"}],"replies":[{"embeddable":true,"href":"https:\/\/baldumarket.lt\/lt\/wp-json\/wp\/v2\/comments?post=336910"}],"wp:featuredmedia":[{"embeddable":true,"href":"https:\/\/baldumarket.lt\/lt\/wp-json\/wp\/v2\/media\/336965"}],"wp:attachment":[{"href":"https:\/\/baldumarket.lt\/lt\/wp-json\/wp\/v2\/media?parent=336910"}],"wp:term":[{"taxonomy":"product_brand","embeddable":true,"href":"https:\/\/baldumarket.lt\/lt\/wp-json\/wp\/v2\/product_brand?post=336910"},{"taxonomy":"product_cat","embeddable":true,"href":"https:\/\/baldumarket.lt\/lt\/wp-json\/wp\/v2\/product_cat?post=336910"},{"taxonomy":"product_tag","embeddable":true,"href":"https:\/\/baldumarket.lt\/lt\/wp-json\/wp\/v2\/product_tag?post=336910"}],"curies":[{"name":"wp","href":"https:\/\/api.w.org\/{rel}","templated":true}]}}