{"id":336908,"date":"2026-03-07T20:22:46","date_gmt":"2026-03-07T17:22:46","guid":{"rendered":"https:\/\/baldumarket.lt\/?post_type=product&#038;p=336908"},"modified":"2026-03-26T18:06:57","modified_gmt":"2026-03-26T15:06:57","slug":"baron","status":"publish","type":"product","link":"https:\/\/baldumarket.lt\/lt\/product\/baron\/","title":{"rendered":"Plikoji sienel\u0117 BARON"},"content":{"rendered":"<p>Plotis\/Auk\u0161tis\/Gylis: 400\/205\/53 cm<br \/>\nBARON komplektas \u2013 sprendimas tiems, kurie vertina visapusi\u0161k\u0105 erdv\u0117s i\u0161naudojim\u0105 savo interjere. Auk\u0161tos spintel\u0117s suteikia daug vietos daiktams susid\u0117ti, o stiklin\u0117s dalys leid\u017eia eksponuoti ypa\u010d m\u0117gstamus daiktus. Paprastos formos suteikia komplektui universalumo ir nesenstan\u010dio \u017eavesio. Baldai yra erdv\u016bs ir si\u016blomi \u012fvairi\u0173 spalv\u0173.<br \/>\nMatmenys:<br \/>\n\u2013 Plotis 400 cm \/ Auk\u0161tis 205 cm \/ Gylis 53 cm<br \/>\nPapildoma informacija:<br \/>\n\u2013 16 mm storio laminuota plok\u0161t\u0117<\/p>\n<p>\u2013 Vitrinose standarti\u0161kai \u012frengtos laminuotos lentos lentynos,<\/p>\n<p>\u2013 Plastikin\u0117s rankenos u\u017etikrina patvarum\u0105 ir patogum\u0105,<\/p>\n<p>\u2013 80 cm plo\u010dio televizoriaus ni\u0161a,<\/p>\n<p>\u2013 2 x 80\/205\/53 cm spintos su lentyna ir drabu\u017ei\u0173 pakaba,<\/p>\n<p>\u2013 Baldai nauji, supakuoti \u012f savaranki\u0161kai surinkamas pakuotes, su ai\u0161kiomis instrukcijomis ir priedais.<\/p>\n<p>\u2013 Vizualizacijoje parodyta sienin\u0117 spintel\u0117 yra \u0161okolado spalvos.<\/p>\n<p>PASTABA!!!<\/p>\n<p>Standartin\u0117s \u201eArtisan\u201c rankenos yra juodos spalvos. Spalv\u0105 galima pakeisti \u012f auksu padengt\u0105.<\/p>\n<p>Jei nor\u0117tum\u0117te pakeisti spalv\u0105, pra\u0161ome pateikti papildomos informacijos u\u017esakydami.<\/p>","protected":false},"excerpt":{"rendered":"<p><strong><span dir=\"auto\">Matmenys:<\/span><\/strong><\/p>\n<p><span dir=\"auto\">\u2013 plotis 400 cm \/ auk\u0161tis 205 cm \/ gylis 53 cm<\/span><\/p>","protected":false},"featured_media":336955,"comment_status":"open","ping_status":"closed","template":"","meta":[],"product_brand":[],"product_cat":[9879,9880,2008],"product_tag":[],"class_list":{"0":"post-336908","1":"product","2":"type-product","3":"status-publish","4":"has-post-thumbnail","6":"product_cat-krajan","7":"product_cat-classic-furniture-krajan","8":"product_cat-wall-units","10":"first","11":"instock","12":"shipping-taxable","13":"purchasable","14":"product-type-variable","15":"wvs-archive-product-wrapper"},"_links":{"self":[{"href":"https:\/\/baldumarket.lt\/lt\/wp-json\/wp\/v2\/product\/336908","targetHints":{"allow":["GET"]}}],"collection":[{"href":"https:\/\/baldumarket.lt\/lt\/wp-json\/wp\/v2\/product"}],"about":[{"href":"https:\/\/baldumarket.lt\/lt\/wp-json\/wp\/v2\/types\/product"}],"replies":[{"embeddable":true,"href":"https:\/\/baldumarket.lt\/lt\/wp-json\/wp\/v2\/comments?post=336908"}],"wp:featuredmedia":[{"embeddable":true,"href":"https:\/\/baldumarket.lt\/lt\/wp-json\/wp\/v2\/media\/336955"}],"wp:attachment":[{"href":"https:\/\/baldumarket.lt\/lt\/wp-json\/wp\/v2\/media?parent=336908"}],"wp:term":[{"taxonomy":"product_brand","embeddable":true,"href":"https:\/\/baldumarket.lt\/lt\/wp-json\/wp\/v2\/product_brand?post=336908"},{"taxonomy":"product_cat","embeddable":true,"href":"https:\/\/baldumarket.lt\/lt\/wp-json\/wp\/v2\/product_cat?post=336908"},{"taxonomy":"product_tag","embeddable":true,"href":"https:\/\/baldumarket.lt\/lt\/wp-json\/wp\/v2\/product_tag?post=336908"}],"curies":[{"name":"wp","href":"https:\/\/api.w.org\/{rel}","templated":true}]}}