{"id":336896,"date":"2026-03-07T20:21:52","date_gmt":"2026-03-07T17:21:52","guid":{"rendered":"https:\/\/baldumarket.lt\/?post_type=product&#038;p=336896"},"modified":"2026-03-26T18:06:57","modified_gmt":"2026-03-26T15:06:57","slug":"bona-a-12-m","status":"publish","type":"product","link":"https:\/\/baldumarket.lt\/lt\/product\/bona-a-12-m\/","title":{"rendered":"BONA A 1,2 m"},"content":{"rendered":"<p>BONA A indauja \u2013 tai paprasta, eleganti\u0161ka, ta\u010diau moderni lentyn\u0173 sistema, pagaminta labai populiariu stiliumi.<\/p>\n<p>Baldai nauji, supakuoti \u012f surinkimo pakuotes, su ai\u0161kiomis instrukcijomis ir priedais.<\/p>\n<p>Matmenys:<\/p>\n<p>\u2013 Plotis 120 cm \/ Auk\u0161tis 200 cm \/ Gylis 43 cm<br \/>\nPapildoma informacija:<\/p>\n<p>Korpusas ir priekin\u0117 dalis pagaminti i\u0161 16 coli\u0173 laminuotos plok\u0161t\u0117s,<br \/>\nReguliuojami vyriai,<br \/>\nMetaliniai stal\u010di\u0173 b\u0117geliai su ritin\u0117liais,<br \/>\nTvirtos plastikin\u0117s kojel\u0117s u\u017etikrina stabilum\u0105 ir ilgaam\u017ei\u0161kum\u0105;,<br \/>\nGalimos priekin\u0117s spalvos parinktys,<\/p>\n<p>Vizualizacijoje pavaizduota indauja yra baltos \/ pilkos spalvos.<br \/>\nVisi nuotraukose parodyti priedai, tokie kaip buitin\u0117 technika, sienin\u0117 panel\u0117, gartraukiai, i\u0161traukimo gaubtai ir dekoratyviniai elementai, \u012f komplekt\u0105 ne\u012feina.<\/p>","protected":false},"excerpt":{"rendered":"<p>BONA A indauja \u2013 tai paprasta, eleganti\u0161ka, ta\u010diau moderni lentyn\u0173 sistema, pagaminta labai populiariu stiliumi. Baldai nauji, supakuoti \u012f surinkimo pakuotes su ai\u0161kiomis instrukcijomis ir priedais. Matmenys: \u2013 Plotis 120 cm \/ Auk\u0161tis 200 cm \/ Gylis 43 cm Papildoma informacija: Korpusas ir fasadai pagaminti i\u0161 16 coli\u0173 laminuotos plok\u0161t\u0117s, reguliuojamas [\u2026]<\/p>","protected":false},"featured_media":336939,"comment_status":"open","ping_status":"closed","template":"","meta":[],"product_brand":[],"product_cat":[9886,9879,1177],"product_tag":[],"class_list":{"0":"post-336896","1":"product","2":"type-product","3":"status-publish","4":"has-post-thumbnail","6":"product_cat-kitchens-krajan","7":"product_cat-krajan","8":"product_cat-wardrobes","10":"first","11":"instock","12":"shipping-taxable","13":"purchasable","14":"product-type-variable","15":"wvs-archive-product-wrapper"},"_links":{"self":[{"href":"https:\/\/baldumarket.lt\/lt\/wp-json\/wp\/v2\/product\/336896","targetHints":{"allow":["GET"]}}],"collection":[{"href":"https:\/\/baldumarket.lt\/lt\/wp-json\/wp\/v2\/product"}],"about":[{"href":"https:\/\/baldumarket.lt\/lt\/wp-json\/wp\/v2\/types\/product"}],"replies":[{"embeddable":true,"href":"https:\/\/baldumarket.lt\/lt\/wp-json\/wp\/v2\/comments?post=336896"}],"wp:featuredmedia":[{"embeddable":true,"href":"https:\/\/baldumarket.lt\/lt\/wp-json\/wp\/v2\/media\/336939"}],"wp:attachment":[{"href":"https:\/\/baldumarket.lt\/lt\/wp-json\/wp\/v2\/media?parent=336896"}],"wp:term":[{"taxonomy":"product_brand","embeddable":true,"href":"https:\/\/baldumarket.lt\/lt\/wp-json\/wp\/v2\/product_brand?post=336896"},{"taxonomy":"product_cat","embeddable":true,"href":"https:\/\/baldumarket.lt\/lt\/wp-json\/wp\/v2\/product_cat?post=336896"},{"taxonomy":"product_tag","embeddable":true,"href":"https:\/\/baldumarket.lt\/lt\/wp-json\/wp\/v2\/product_tag?post=336896"}],"curies":[{"name":"wp","href":"https:\/\/api.w.org\/{rel}","templated":true}]}}