{"id":336860,"date":"2026-03-07T20:18:57","date_gmt":"2026-03-07T17:18:57","guid":{"rendered":"https:\/\/baldumarket.lt\/?post_type=product&#038;p=336860"},"modified":"2026-03-26T18:06:57","modified_gmt":"2026-03-26T15:06:57","slug":"capri-cs-2b-istraukiamas-stalas","status":"publish","type":"product","link":"https:\/\/baldumarket.lt\/lt\/product\/capri-cs-2b-istraukiamas-stalas\/","title":{"rendered":"CAPRI CS-2B i\u0161traukiamas stalas"},"content":{"rendered":"<p>Plotis 180 I\u0161skleidus 230 Auk\u0161tis 78 Gylis 90<\/p>","protected":false},"excerpt":{"rendered":"<p>Plotis 180 I\u0161skleidus 230 Auk\u0161tis 78 Gylis 90<\/p>","protected":false},"featured_media":336901,"comment_status":"open","ping_status":"closed","template":"","meta":[],"product_brand":[],"product_cat":[9928,9879,1934],"product_tag":[],"class_list":{"0":"post-336860","1":"product","2":"type-product","3":"status-publish","4":"has-post-thumbnail","6":"product_cat-furniture-system-capri","7":"product_cat-krajan","8":"product_cat-tables","10":"first","11":"instock","12":"shipping-taxable","13":"purchasable","14":"product-type-variable","15":"wvs-archive-product-wrapper"},"_links":{"self":[{"href":"https:\/\/baldumarket.lt\/lt\/wp-json\/wp\/v2\/product\/336860","targetHints":{"allow":["GET"]}}],"collection":[{"href":"https:\/\/baldumarket.lt\/lt\/wp-json\/wp\/v2\/product"}],"about":[{"href":"https:\/\/baldumarket.lt\/lt\/wp-json\/wp\/v2\/types\/product"}],"replies":[{"embeddable":true,"href":"https:\/\/baldumarket.lt\/lt\/wp-json\/wp\/v2\/comments?post=336860"}],"wp:featuredmedia":[{"embeddable":true,"href":"https:\/\/baldumarket.lt\/lt\/wp-json\/wp\/v2\/media\/336901"}],"wp:attachment":[{"href":"https:\/\/baldumarket.lt\/lt\/wp-json\/wp\/v2\/media?parent=336860"}],"wp:term":[{"taxonomy":"product_brand","embeddable":true,"href":"https:\/\/baldumarket.lt\/lt\/wp-json\/wp\/v2\/product_brand?post=336860"},{"taxonomy":"product_cat","embeddable":true,"href":"https:\/\/baldumarket.lt\/lt\/wp-json\/wp\/v2\/product_cat?post=336860"},{"taxonomy":"product_tag","embeddable":true,"href":"https:\/\/baldumarket.lt\/lt\/wp-json\/wp\/v2\/product_tag?post=336860"}],"curies":[{"name":"wp","href":"https:\/\/api.w.org\/{rel}","templated":true}]}}