{"id":336851,"date":"2026-03-07T20:18:11","date_gmt":"2026-03-07T17:18:11","guid":{"rendered":"https:\/\/baldumarket.lt\/?post_type=product&#038;p=336851"},"modified":"2026-03-26T18:06:57","modified_gmt":"2026-03-26T15:06:57","slug":"capri-vitrina-cw-2","status":"publish","type":"product","link":"https:\/\/baldumarket.lt\/lt\/product\/capri-vitrina-cw-2\/","title":{"rendered":"CAPRI vitrina CW-2"},"content":{"rendered":"<p>Plotis\/Auk\u0161tis\/Gylis: 110\/201\/43,5 cm<\/p>\n<p>LED ap\u0161vietimas:<br \/>\nBald\u0173 su LED ap\u0161vietimu atveju ap\u0161vietimas taikomas:<br \/>\n\u2013 CW-1 vitrina<\/p>\n<p>\u2013 CW-2 vitrina<br \/>\n\u2013 vitrinose standarti\u0161kai yra laminuotos plok\u0161t\u0117s lentynos,<\/p>\n<p>\u2013 stiklin\u0117s lentynos + LED ap\u0161vietimas \u2013 u\u017e papildom\u0105 mokest\u012f,<\/p>","protected":false},"excerpt":{"rendered":"<p>Plotis \/ Auk\u0161tis \/ Gylis: 110 \/ 201 \/ 43,5 cm. LED ap\u0161vietimas: Baldams su LED ap\u0161vietimu ap\u0161vietimas taikomas: \u2013 CW-1 vitrinai \u2013 CW-2 vitrinai \u2013 vitrinose standartin\u0117s laminuotos plok\u0161t\u0117s lentynos, \u2013 stiklin\u0117s lentynos + LED ap\u0161vietimas galimas u\u017e papildom\u0105 mokest\u012f,<\/p>","protected":false},"featured_media":336889,"comment_status":"open","ping_status":"closed","template":"","meta":[],"product_brand":[],"product_cat":[9928,9879,2006],"product_tag":[],"class_list":{"0":"post-336851","1":"product","2":"type-product","3":"status-publish","4":"has-post-thumbnail","6":"product_cat-furniture-system-capri","7":"product_cat-krajan","8":"product_cat-vitrines","10":"first","11":"instock","12":"shipping-taxable","13":"purchasable","14":"product-type-variable","15":"wvs-archive-product-wrapper"},"_links":{"self":[{"href":"https:\/\/baldumarket.lt\/lt\/wp-json\/wp\/v2\/product\/336851","targetHints":{"allow":["GET"]}}],"collection":[{"href":"https:\/\/baldumarket.lt\/lt\/wp-json\/wp\/v2\/product"}],"about":[{"href":"https:\/\/baldumarket.lt\/lt\/wp-json\/wp\/v2\/types\/product"}],"replies":[{"embeddable":true,"href":"https:\/\/baldumarket.lt\/lt\/wp-json\/wp\/v2\/comments?post=336851"}],"wp:featuredmedia":[{"embeddable":true,"href":"https:\/\/baldumarket.lt\/lt\/wp-json\/wp\/v2\/media\/336889"}],"wp:attachment":[{"href":"https:\/\/baldumarket.lt\/lt\/wp-json\/wp\/v2\/media?parent=336851"}],"wp:term":[{"taxonomy":"product_brand","embeddable":true,"href":"https:\/\/baldumarket.lt\/lt\/wp-json\/wp\/v2\/product_brand?post=336851"},{"taxonomy":"product_cat","embeddable":true,"href":"https:\/\/baldumarket.lt\/lt\/wp-json\/wp\/v2\/product_cat?post=336851"},{"taxonomy":"product_tag","embeddable":true,"href":"https:\/\/baldumarket.lt\/lt\/wp-json\/wp\/v2\/product_tag?post=336851"}],"curies":[{"name":"wp","href":"https:\/\/api.w.org\/{rel}","templated":true}]}}