{"id":336847,"date":"2026-03-07T20:18:02","date_gmt":"2026-03-07T17:18:02","guid":{"rendered":"https:\/\/baldumarket.lt\/?post_type=product&#038;p=336847"},"modified":"2026-03-26T18:06:57","modified_gmt":"2026-03-26T15:06:57","slug":"cezar","status":"publish","type":"product","link":"https:\/\/baldumarket.lt\/lt\/product\/cezar\/","title":{"rendered":"Bald\u0173 sienel\u0117 CEZAR"},"content":{"rendered":"<p>Plotis\/Auk\u0161tis\/Gylis: 380\/219\/53 cm<br \/>\nCEZAR komplektas \u2013 sprendimas tiems, kurie vertina visapusi\u0161k\u0105 erdv\u0117s i\u0161naudojim\u0105 savo interjere. Auk\u0161tos spintel\u0117s suteikia daug vietos daiktams susid\u0117ti, o stiklin\u0117s dalys leid\u017eia eksponuoti m\u0117gstamiausius daiktus. Paprastos formos suteikia komplektui universalumo ir nesenstan\u010dio \u017eavesio. Baldai yra erdv\u016bs ir si\u016blomi \u012fvairi\u0173 spalv\u0173.<br \/>\nMatmenys:<br \/>\n\u2013 plotis 380 cm \/ auk\u0161tis 219 cm \/ gylis 53 cm<br \/>\nPapildoma informacija:<br \/>\n\u2013 16 mm storio laminuota plok\u0161t\u0117; 22 mm stalvir\u0161iai<\/p>\n<p>\u2013 Vitrinose standarti\u0161kai \u012frengtos laminuotos lentos lentynos,<\/p>\n<p>\u2013 Plastikin\u0117s rankenos u\u017etikrina patvarum\u0105 ir patogum\u0105,<\/p>\n<p>\u2013 90 cm plo\u010dio televizoriaus ni\u0161a,<\/p>\n<p>\u2013 80\/219\/53 cm spinta su lentyna ir drabu\u017ei\u0173 pakaba,<\/p>\n<p>\u2013 Baldai nauji, supakuoti \u012f savaranki\u0161kai surinkamas pakuotes, su ai\u0161kiomis instrukcijomis ir priedais.<\/p>\n<p>\u2013 Vizualizacijoje parodytas sieninis blokas yra \u0161i\u0173 spalv\u0173:<\/p>","protected":false},"excerpt":{"rendered":"<p><strong><span dir=\"auto\">Matmenys:<\/span><\/strong><\/p>\n<p><span dir=\"auto\">\u2013 plotis 380 cm \/ auk\u0161tis 219 cm \/ gylis 53 cm<\/span><\/p>","protected":false},"featured_media":336887,"comment_status":"open","ping_status":"closed","template":"","meta":[],"product_brand":[],"product_cat":[9879,9880,2008],"product_tag":[],"class_list":{"0":"post-336847","1":"product","2":"type-product","3":"status-publish","4":"has-post-thumbnail","6":"product_cat-krajan","7":"product_cat-classic-furniture-krajan","8":"product_cat-wall-units","10":"first","11":"instock","12":"shipping-taxable","13":"purchasable","14":"product-type-variable","15":"wvs-archive-product-wrapper"},"_links":{"self":[{"href":"https:\/\/baldumarket.lt\/lt\/wp-json\/wp\/v2\/product\/336847","targetHints":{"allow":["GET"]}}],"collection":[{"href":"https:\/\/baldumarket.lt\/lt\/wp-json\/wp\/v2\/product"}],"about":[{"href":"https:\/\/baldumarket.lt\/lt\/wp-json\/wp\/v2\/types\/product"}],"replies":[{"embeddable":true,"href":"https:\/\/baldumarket.lt\/lt\/wp-json\/wp\/v2\/comments?post=336847"}],"wp:featuredmedia":[{"embeddable":true,"href":"https:\/\/baldumarket.lt\/lt\/wp-json\/wp\/v2\/media\/336887"}],"wp:attachment":[{"href":"https:\/\/baldumarket.lt\/lt\/wp-json\/wp\/v2\/media?parent=336847"}],"wp:term":[{"taxonomy":"product_brand","embeddable":true,"href":"https:\/\/baldumarket.lt\/lt\/wp-json\/wp\/v2\/product_brand?post=336847"},{"taxonomy":"product_cat","embeddable":true,"href":"https:\/\/baldumarket.lt\/lt\/wp-json\/wp\/v2\/product_cat?post=336847"},{"taxonomy":"product_tag","embeddable":true,"href":"https:\/\/baldumarket.lt\/lt\/wp-json\/wp\/v2\/product_tag?post=336847"}],"curies":[{"name":"wp","href":"https:\/\/api.w.org\/{rel}","templated":true}]}}