{"id":336841,"date":"2026-03-07T20:17:22","date_gmt":"2026-03-07T17:17:22","guid":{"rendered":"https:\/\/baldumarket.lt\/?post_type=product&#038;p=336841"},"modified":"2026-03-26T18:06:57","modified_gmt":"2026-03-26T15:06:57","slug":"dana","status":"publish","type":"product","link":"https:\/\/baldumarket.lt\/lt\/product\/dana\/","title":{"rendered":"DANA"},"content":{"rendered":"<p>Plotis \u2013 310 cm<br \/>\nDANA virtuv\u0117s spinteli\u0173 komplektas \u2013 tai paprastas, eleganti\u0161kas ir modernus virtuv\u0117s spinteli\u0173 komplektas, pagamintas labai populiariu stiliumi. \u0160\u012f komplekt\u0105 sudaro 7 atskiros spintel\u0117s, kurias galima laisvai konfig\u016bruoti, u\u017etikrinant maksimal\u0173 naudojimo patogum\u0105 ir i\u0161d\u0117stymo laisv\u0119. Virtuv\u0117s komplekte yra stalvir\u0161is.<\/p>\n<p>Baldai nauji, supakuoti \u012f surinkimo pakuotes, su ai\u0161kiomis instrukcijomis ir priedais. Vir\u0161utin\u0117s spintel\u0117s: 100-60-100 cm.<\/p>\n<p>Apatini\u0173 spinteli\u0173 auk\u0161tis: 100\u201360\u2013100 cm<\/p>\n<p>\u0160onin\u0117 spintel\u0117: 50 cm<br \/>\nMatmenys:<br \/>\n\u2013 Vir\u0161utin\u0117s spintel\u0117s: plotis 260 cm \/ auk\u0161tis 92 cm \/ gylis XX cm<\/p>\n<p>\u2013 Apatin\u0117s spintel\u0117s: plotis 260 cm \/ auk\u0161tis 82 cm \/ gylis XX cm<\/p>\n<p>\u2013 \u0160onin\u0117 spintel\u0117: plotis 50 cm \/ auk\u0161tis 2,27 cm<br \/>\nPapildoma informacija:<\/p>\n<p>Spinteli\u0173 stalvir\u0161is supjaustytas 100\u201360\u2013100 gabal\u0117li\u0173,<br \/>\nGalima u\u017esisakyti vis\u0105 stalvir\u0161\u012f,<br \/>\nStalvir\u0161io spalva: \u0161viesus marmuras, 28 mm storio,<br \/>\nKorpusas ir priekin\u0117 dalis pagaminti i\u0161 \u201c16\u201d laminuotos plok\u0161t\u0117s,<br \/>\nReguliuojami vyriai,<br \/>\nMETABOX metaliniai stal\u010di\u0173 b\u0117geliai,<br \/>\nVir\u0161utin\u0117s spintel\u0117s tvirtinamos ant reguliuojam\u0173 pakab\u0173 (pridedami ta\u0161kiniai tvirtinimo b\u0117geliai),<br \/>\nGalimos priekin\u0117s spintel\u0117s spalvos,<br \/>\nVirtuv\u0117s spintel\u0117s Paruo\u0161tuose komplektuose jos yra standartini\u0173 matmen\u0173. Apatini\u0173 spinteli\u0173 auk\u0161tis yra 82 cm, o stalvir\u0161io storis \u2013 28 mm \u2013 ma\u017edaug 85 cm.<\/p>\n<p>Vizualizacijoje pavaizduota virtuv\u0117 yra apdailinta \u0161iomis spalvomis: apatin\u0117 \u2013 \u0161okolado \/ vir\u0161utin\u0117 \u2013 balta.<br \/>\nVisi nuotraukose parodyti priedai, tokie kaip buitin\u0117 technika, virtuv\u0117s sienel\u0117, gartraukiai, i\u0161traukimo gaubtai ir dekoratyviniai elementai, \u012f komplekt\u0105 ne\u012feina.<\/p>","protected":false},"excerpt":{"rendered":"<p>Plotis \u2013 310 cm. DANA virtuv\u0117s spinteli\u0173 komplektas \u2013 tai paprastas, eleganti\u0161kas ir modernus virtuv\u0117s spinteli\u0173 komplektas, pagamintas labai populiariu stiliumi. \u0160\u012f komplekt\u0105 sudaro 7 atskiros spintel\u0117s, kurias galima laisvai konfig\u016bruoti, u\u017etikrinant maksimal\u0173 naudojimo patogum\u0105 ir i\u0161d\u0117stymo laisv\u0119. Virtuv\u0117s komplekte yra stalvir\u0161is. Baldai yra nauji, supakuoti \u012f savaranki\u0161kai surenkamas pakuotes, su [\u2026]<\/p>","protected":false},"featured_media":336886,"comment_status":"open","ping_status":"closed","template":"","meta":[],"product_brand":[],"product_cat":[9886,9879,1932],"product_tag":[],"class_list":{"0":"post-336841","1":"product","2":"type-product","3":"status-publish","4":"has-post-thumbnail","6":"product_cat-kitchens-krajan","7":"product_cat-krajan","8":"product_cat-kitchen-sets","10":"first","11":"instock","12":"shipping-taxable","13":"purchasable","14":"product-type-variable","15":"wvs-archive-product-wrapper"},"_links":{"self":[{"href":"https:\/\/baldumarket.lt\/lt\/wp-json\/wp\/v2\/product\/336841","targetHints":{"allow":["GET"]}}],"collection":[{"href":"https:\/\/baldumarket.lt\/lt\/wp-json\/wp\/v2\/product"}],"about":[{"href":"https:\/\/baldumarket.lt\/lt\/wp-json\/wp\/v2\/types\/product"}],"replies":[{"embeddable":true,"href":"https:\/\/baldumarket.lt\/lt\/wp-json\/wp\/v2\/comments?post=336841"}],"wp:featuredmedia":[{"embeddable":true,"href":"https:\/\/baldumarket.lt\/lt\/wp-json\/wp\/v2\/media\/336886"}],"wp:attachment":[{"href":"https:\/\/baldumarket.lt\/lt\/wp-json\/wp\/v2\/media?parent=336841"}],"wp:term":[{"taxonomy":"product_brand","embeddable":true,"href":"https:\/\/baldumarket.lt\/lt\/wp-json\/wp\/v2\/product_brand?post=336841"},{"taxonomy":"product_cat","embeddable":true,"href":"https:\/\/baldumarket.lt\/lt\/wp-json\/wp\/v2\/product_cat?post=336841"},{"taxonomy":"product_tag","embeddable":true,"href":"https:\/\/baldumarket.lt\/lt\/wp-json\/wp\/v2\/product_tag?post=336841"}],"curies":[{"name":"wp","href":"https:\/\/api.w.org\/{rel}","templated":true}]}}