{"id":336828,"date":"2026-03-07T20:16:31","date_gmt":"2026-03-07T17:16:31","guid":{"rendered":"https:\/\/baldumarket.lt\/?post_type=product&#038;p=336828"},"modified":"2026-03-26T18:06:57","modified_gmt":"2026-03-26T15:06:57","slug":"denver-31-m","status":"publish","type":"product","link":"https:\/\/baldumarket.lt\/lt\/product\/denver-31-m\/","title":{"rendered":"DENVERIS 3,1 m"},"content":{"rendered":"<p>Plotis \u2013 3,10 cm<br \/>\nDENVER virtuv\u0117 \u2013 tai paprastas, eleganti\u0161kas ir modernus virtuv\u0117s spinteli\u0173 komplektas, pagamintas labai populiariu stiliumi. \u0160\u012f komplekt\u0105 sudaro 7 atskiros spintel\u0117s, kurias galima laisvai konfig\u016bruoti, u\u017etikrinant maksimal\u0173 naudojimo patogum\u0105 ir i\u0161d\u0117stymo laisv\u0119. Virtuv\u0117s komplekte yra stalvir\u0161is.<\/p>\n<p>Baldai nauji, supakuoti \u012f surinkimo pakuotes, su ai\u0161kiomis instrukcijomis ir priedais. Vir\u0161utin\u0117s spintel\u0117s: 100-60-100<\/p>\n<p>Apatin\u0117s spintel\u0117s: 100-60-100<\/p>\n<p>\u0160onin\u0117 spintel\u0117: 50<\/p>\n<p>Stalvir\u0161is: 2,6 m<\/p>\n<p>Matmenys:<br \/>\n\u2013 Vir\u0161utin\u0117s spintel\u0117s: plotis 260 cm \/ auk\u0161tis 92 cm \/ gylis 30 cm<\/p>\n<p>\u2013 Apatin\u0117s spintel\u0117s: plotis 260 cm \/ auk\u0161tis 82 cm \/ gylis 47 cm<\/p>\n<p>\u2013 \u0160onin\u0117 spintel\u0117: plotis 50 cm \/ auk\u0161tis 2,12 cm<br \/>\nPapildoma informacija:<\/p>\n<p>Spinteli\u0173 stalvir\u0161iai pjaustomi 100, 60 ir 100 mm gabalais. Galimyb\u0117 u\u017esisakyti vis\u0105 stalvir\u0161\u012f.<\/p>\n<p>Stalvir\u0161io spalva: 28 mm storio.<\/p>\n<p>Korpusas ir priekin\u0117 dalis pagaminti i\u0161 \u201c16\u201d laminuotos plok\u0161t\u0117s.<\/p>\n<p>Reguliuojami vyriai.<\/p>\n<p>Metaliniai stal\u010di\u0173 b\u0117geliai ir \u0161onai: METABOX.<\/p>\n<p>Vir\u0161utin\u0117s spintel\u0117s tvirtinamos ant reguliuojam\u0173 pakab\u0173 (ta\u0161kiniai tvirtinimo b\u0117geliai). (pridedama),<br \/>\ntvirtos plastikin\u0117s kojel\u0117s u\u017etikrina stabilum\u0105 ir ilgaam\u017ei\u0161kum\u0105,<br \/>\nGalimos priekin\u0117s spalvos,<br \/>\nParuo\u0161t\u0173 komplekt\u0173 virtuv\u0117s spinteli\u0173 matmenys yra standartiniai. Apatini\u0173 spinteli\u0173 auk\u0161tis yra 85 cm, o stalvir\u0161io storis \u2013 28 mm.<br \/>\nVizualizacijoje virtuv\u0117 apdailinta \u0161iomis spalvomis: baltas korpusas \/ baltas vir\u0161us \u2013 Wotan apa\u010dia.<br \/>\nVisi nuotraukose pavaizduoti priedai, pvz., prietaisai, sienin\u0117 panel\u0117, gartraukiai, i\u0161traukimo gaubtai ir dekoratyviniai elementai, \u012f komplekt\u0105 ne\u012feina.<\/p>","protected":false},"excerpt":{"rendered":"<p>Plotis \u2013 3,10 cm. DENVER virtuv\u0117s spinteli\u0173 komplektas \u2013 tai paprastas, eleganti\u0161kas ir modernus virtuv\u0117s spinteli\u0173 komplektas, pagamintas labai populiariu stiliumi. \u0160\u012f komplekt\u0105 sudaro 7 atskiros spintel\u0117s, kurias galima laisvai konfig\u016bruoti, u\u017etikrinant maksimal\u0173 naudojimo patogum\u0105 ir i\u0161d\u0117stymo laisv\u0119. Virtuv\u0117s komplekte yra stalvir\u0161is. Baldai yra nauji, supakuoti \u012f savaranki\u0161kai surenkamas pakuotes, [\u2026]<\/p>","protected":false},"featured_media":336867,"comment_status":"open","ping_status":"closed","template":"","meta":[],"product_brand":[],"product_cat":[9886,9879,1932],"product_tag":[],"class_list":{"0":"post-336828","1":"product","2":"type-product","3":"status-publish","4":"has-post-thumbnail","6":"product_cat-kitchens-krajan","7":"product_cat-krajan","8":"product_cat-kitchen-sets","10":"first","11":"instock","12":"shipping-taxable","13":"purchasable","14":"product-type-variable","15":"wvs-archive-product-wrapper"},"_links":{"self":[{"href":"https:\/\/baldumarket.lt\/lt\/wp-json\/wp\/v2\/product\/336828","targetHints":{"allow":["GET"]}}],"collection":[{"href":"https:\/\/baldumarket.lt\/lt\/wp-json\/wp\/v2\/product"}],"about":[{"href":"https:\/\/baldumarket.lt\/lt\/wp-json\/wp\/v2\/types\/product"}],"replies":[{"embeddable":true,"href":"https:\/\/baldumarket.lt\/lt\/wp-json\/wp\/v2\/comments?post=336828"}],"wp:featuredmedia":[{"embeddable":true,"href":"https:\/\/baldumarket.lt\/lt\/wp-json\/wp\/v2\/media\/336867"}],"wp:attachment":[{"href":"https:\/\/baldumarket.lt\/lt\/wp-json\/wp\/v2\/media?parent=336828"}],"wp:term":[{"taxonomy":"product_brand","embeddable":true,"href":"https:\/\/baldumarket.lt\/lt\/wp-json\/wp\/v2\/product_brand?post=336828"},{"taxonomy":"product_cat","embeddable":true,"href":"https:\/\/baldumarket.lt\/lt\/wp-json\/wp\/v2\/product_cat?post=336828"},{"taxonomy":"product_tag","embeddable":true,"href":"https:\/\/baldumarket.lt\/lt\/wp-json\/wp\/v2\/product_tag?post=336828"}],"curies":[{"name":"wp","href":"https:\/\/api.w.org\/{rel}","templated":true}]}}