{"id":336826,"date":"2026-03-07T20:16:28","date_gmt":"2026-03-07T17:16:28","guid":{"rendered":"https:\/\/baldumarket.lt\/?post_type=product&#038;p=336826"},"modified":"2026-03-26T18:06:57","modified_gmt":"2026-03-26T15:06:57","slug":"diana-kilimelis","status":"publish","type":"product","link":"https:\/\/baldumarket.lt\/lt\/product\/diana-kilimelis\/","title":{"rendered":"DIANA kilim\u0117lis"},"content":{"rendered":"<p>Plotis\/Auk\u0161tis\/Gylis: 200\/212\/65 cm<br \/>\nModerni ir erdvi matin\u0117 DIANA spinta pasi\u017eymi labai madingu ir eleganti\u0161ku dizainu bei dviem stumdomomis durimis. Unikalus jos charakteris suteiks \u017eavesio bet kuriam kambariui. Pagaminta i\u0161 auk\u0161\u010diausios kokyb\u0117s med\u017eiag\u0173, spinta patenkins net ir reikliausi\u0173 klient\u0173 l\u016bkes\u010dius. Stumdomos durys turi aliuminio rankenas, kad jas b\u016bt\u0173 lengva atidaryti ir u\u017edaryti. Spintos korpusas pagamintas i\u0161 matin\u0117s laminuotos plok\u0161t\u0117s; priekin\u0117 dalis \u2013 blizgi + juodo stiklo intarpai. (PASTABA!!! SPALVOTA ILIUSTRACIJA)<br \/>\nMatmenys:<br \/>\n\u2013 plotis 200 cm \/ auk\u0161tis 212 cm \/ gylis 65 cm<br \/>\nPapildoma informacija:<br \/>\n\u2013 auk\u0161\u010diausios kokyb\u0117s stumdoma sistema; \u201eLaguna Superior\u201c sistema,<\/p>\n<p>\u2013 Viduje \u012frengti pakabinimo b\u0117geliai ir lentynos,<\/p>\n<p>\u2013 Aliuminio rankenos,<\/p>\n<p>\u2013 Drabu\u017ei\u0173 spinta taip pat gali b\u016bti su matiniais fasadais,<\/p>\n<p>\u2013 Baldai nauji, supakuoti \u012f savaranki\u0161kai surinkamas pakuotes, su ai\u0161kiomis instrukcijomis ir priedais.<\/p>\n<p>\u2013 Vizualizacijoje pavaizduota spinta yra \u0161i\u0173 spalv\u0173: Sonoma\/Latte blizgi + juodas stiklo intarpas (PASTABA!!! SPALVOS ILIUSTRACIJA)<\/p>","protected":false},"excerpt":{"rendered":"<p>Plotis\/Auk\u0161tis\/Gylis: 200\/212\/65 cm. Moderni ir erdvi matin\u0117 DIANA spinta pasi\u017eymi labai madingu ir eleganti\u0161ku dizainu bei dviem stumdomomis durimis. Unikalus jos charakteris suteiks \u017eavesio bet kuriam kambariui. Pagaminta i\u0161 auk\u0161\u010diausios kokyb\u0117s med\u017eiag\u0173, spinta patenkins net ir reikliausi\u0173 klient\u0173 l\u016bkes\u010dius. Stumdomose duryse yra aliuminio rankenos, skirtos [\u2026]<\/p>","protected":false},"featured_media":336857,"comment_status":"open","ping_status":"closed","template":"","meta":[],"product_brand":[],"product_cat":[9879,9884,1177],"product_tag":[],"class_list":{"0":"post-336826","1":"product","2":"type-product","3":"status-publish","4":"has-post-thumbnail","6":"product_cat-krajan","7":"product_cat-wardrobes-krajan","8":"product_cat-wardrobes","10":"first","11":"instock","12":"shipping-taxable","13":"purchasable","14":"product-type-variable","15":"wvs-archive-product-wrapper"},"_links":{"self":[{"href":"https:\/\/baldumarket.lt\/lt\/wp-json\/wp\/v2\/product\/336826","targetHints":{"allow":["GET"]}}],"collection":[{"href":"https:\/\/baldumarket.lt\/lt\/wp-json\/wp\/v2\/product"}],"about":[{"href":"https:\/\/baldumarket.lt\/lt\/wp-json\/wp\/v2\/types\/product"}],"replies":[{"embeddable":true,"href":"https:\/\/baldumarket.lt\/lt\/wp-json\/wp\/v2\/comments?post=336826"}],"wp:featuredmedia":[{"embeddable":true,"href":"https:\/\/baldumarket.lt\/lt\/wp-json\/wp\/v2\/media\/336857"}],"wp:attachment":[{"href":"https:\/\/baldumarket.lt\/lt\/wp-json\/wp\/v2\/media?parent=336826"}],"wp:term":[{"taxonomy":"product_brand","embeddable":true,"href":"https:\/\/baldumarket.lt\/lt\/wp-json\/wp\/v2\/product_brand?post=336826"},{"taxonomy":"product_cat","embeddable":true,"href":"https:\/\/baldumarket.lt\/lt\/wp-json\/wp\/v2\/product_cat?post=336826"},{"taxonomy":"product_tag","embeddable":true,"href":"https:\/\/baldumarket.lt\/lt\/wp-json\/wp\/v2\/product_tag?post=336826"}],"curies":[{"name":"wp","href":"https:\/\/api.w.org\/{rel}","templated":true}]}}