{"id":336815,"date":"2026-03-07T20:15:32","date_gmt":"2026-03-07T17:15:32","guid":{"rendered":"https:\/\/baldumarket.lt\/?post_type=product&#038;p=336815"},"modified":"2026-03-26T18:06:57","modified_gmt":"2026-03-26T15:06:57","slug":"ked-3-skyle","status":"publish","type":"product","link":"https:\/\/baldumarket.lt\/lt\/product\/ked-3-skyle\/","title":{"rendered":"KEVIN KED-3 skyl\u0117"},"content":{"rendered":"<p>\u2013 KED-3 anga \u2013 (163,6\/61\/45 cm)<br \/>\n\u2013 sistema i\u0161 vizualizacijos, pagaminta spalva: Lancelot Oak\/Portland Ash<\/p>","protected":false},"excerpt":{"rendered":"<p>\u2013 KED-3 skyl\u0117 \u2013 (163,6\/61\/45 cm) \u2013 sistema i\u0161 vizualizacijos, pagaminta spalva: \u0105\u017euolas \u201eLancelot\u201c \/ uosis \u201ePortland Ash\u201c<\/p>","protected":false},"featured_media":336854,"comment_status":"open","ping_status":"closed","template":"","meta":[],"product_brand":[],"product_cat":[9936,9879,1175],"product_tag":[],"class_list":{"0":"post-336815","1":"product","2":"type-product","3":"status-publish","4":"has-post-thumbnail","6":"product_cat-furniture-system-kevin","7":"product_cat-krajan","8":"product_cat-tv-stands","10":"first","11":"instock","12":"shipping-taxable","13":"purchasable","14":"product-type-variable","15":"wvs-archive-product-wrapper"},"_links":{"self":[{"href":"https:\/\/baldumarket.lt\/lt\/wp-json\/wp\/v2\/product\/336815","targetHints":{"allow":["GET"]}}],"collection":[{"href":"https:\/\/baldumarket.lt\/lt\/wp-json\/wp\/v2\/product"}],"about":[{"href":"https:\/\/baldumarket.lt\/lt\/wp-json\/wp\/v2\/types\/product"}],"replies":[{"embeddable":true,"href":"https:\/\/baldumarket.lt\/lt\/wp-json\/wp\/v2\/comments?post=336815"}],"wp:featuredmedia":[{"embeddable":true,"href":"https:\/\/baldumarket.lt\/lt\/wp-json\/wp\/v2\/media\/336854"}],"wp:attachment":[{"href":"https:\/\/baldumarket.lt\/lt\/wp-json\/wp\/v2\/media?parent=336815"}],"wp:term":[{"taxonomy":"product_brand","embeddable":true,"href":"https:\/\/baldumarket.lt\/lt\/wp-json\/wp\/v2\/product_brand?post=336815"},{"taxonomy":"product_cat","embeddable":true,"href":"https:\/\/baldumarket.lt\/lt\/wp-json\/wp\/v2\/product_cat?post=336815"},{"taxonomy":"product_tag","embeddable":true,"href":"https:\/\/baldumarket.lt\/lt\/wp-json\/wp\/v2\/product_tag?post=336815"}],"curies":[{"name":"wp","href":"https:\/\/api.w.org\/{rel}","templated":true}]}}