{"id":336806,"date":"2026-03-07T20:14:45","date_gmt":"2026-03-07T17:14:45","guid":{"rendered":"https:\/\/baldumarket.lt\/?post_type=product&#038;p=336806"},"modified":"2026-03-26T18:06:57","modified_gmt":"2026-03-26T15:06:57","slug":"ond-2-skyle","status":"publish","type":"product","link":"https:\/\/baldumarket.lt\/lt\/product\/ond-2-skyle\/","title":{"rendered":"ONYX OND-2 skyl\u0117"},"content":{"rendered":"<p>\u2013 OND-2 anga \u2013 (186\/51\/45 cm)<br \/>\n\u2013 Vizualizacijos sistema Lancelot Oak mieste<\/p>\n<p>\u2013 Galimas papildomas LED ap\u0161vietimas<\/p>","protected":false},"excerpt":{"rendered":"<p>\u2013 OND-2 skyl\u0117 \u2013 (186\/51\/45 cm) \u2013 Vizualizacijos sistema i\u0161 \u201eLancelot Oak\u201c medienos \u2013 Galima \u012fsigyti LED ap\u0161vietim\u0105 (pasirinktinai)<\/p>","protected":false},"featured_media":336845,"comment_status":"open","ping_status":"closed","template":"","meta":[],"product_brand":[],"product_cat":[9941,9879,1175],"product_tag":[],"class_list":{"0":"post-336806","1":"product","2":"type-product","3":"status-publish","4":"has-post-thumbnail","6":"product_cat-furniture-system-onyx","7":"product_cat-krajan","8":"product_cat-tv-stands","10":"first","11":"instock","12":"shipping-taxable","13":"purchasable","14":"product-type-variable","15":"wvs-archive-product-wrapper"},"_links":{"self":[{"href":"https:\/\/baldumarket.lt\/lt\/wp-json\/wp\/v2\/product\/336806","targetHints":{"allow":["GET"]}}],"collection":[{"href":"https:\/\/baldumarket.lt\/lt\/wp-json\/wp\/v2\/product"}],"about":[{"href":"https:\/\/baldumarket.lt\/lt\/wp-json\/wp\/v2\/types\/product"}],"replies":[{"embeddable":true,"href":"https:\/\/baldumarket.lt\/lt\/wp-json\/wp\/v2\/comments?post=336806"}],"wp:featuredmedia":[{"embeddable":true,"href":"https:\/\/baldumarket.lt\/lt\/wp-json\/wp\/v2\/media\/336845"}],"wp:attachment":[{"href":"https:\/\/baldumarket.lt\/lt\/wp-json\/wp\/v2\/media?parent=336806"}],"wp:term":[{"taxonomy":"product_brand","embeddable":true,"href":"https:\/\/baldumarket.lt\/lt\/wp-json\/wp\/v2\/product_brand?post=336806"},{"taxonomy":"product_cat","embeddable":true,"href":"https:\/\/baldumarket.lt\/lt\/wp-json\/wp\/v2\/product_cat?post=336806"},{"taxonomy":"product_tag","embeddable":true,"href":"https:\/\/baldumarket.lt\/lt\/wp-json\/wp\/v2\/product_tag?post=336806"}],"curies":[{"name":"wp","href":"https:\/\/api.w.org\/{rel}","templated":true}]}}