{"id":33678,"date":"2025-11-14T23:19:36","date_gmt":"2025-11-14T20:19:36","guid":{"rendered":"https:\/\/baldumarket.lt\/product\/loze-duuli-z-materacem-80x160\/"},"modified":"2026-03-24T18:15:24","modified_gmt":"2026-03-24T15:15:24","slug":"loze-duuli-z-materacem-80x160","status":"publish","type":"product","link":"https:\/\/baldumarket.lt\/lt\/product\/loze-duuli-z-materacem-80x160\/","title":{"rendered":"Duuli lova su \u010diu\u017einiu 80\u00d7160"},"content":{"rendered":"<p>Vaiki\u0161ka lova \u201eDuuli\u201c \u2013 tai modernus, universalaus dizaino baldas, puikiai tiksiantis bet kuriame vaiko kambaryje. Tvirtas klasikin\u0117s baltos spalvos r\u0117mas suteikia lengvumo ir elegancijos, pabr\u0117\u017eiant nesenstant\u012f charakter\u012f. Lova apr\u016bpinta apsauginiu tur\u0117klu, kuris u\u017etikrina visi\u0161k\u0105 saugum\u0105 miego metu ir apsaugo j\u016bs\u0173 vaik\u0105 nuo atsitiktinio kritimo. Galima rinktis i\u0161 dviej\u0173 variant\u0173 \u2013 su \u010diu\u017einiu arba be jo \u2013 tod\u0117l galite pritaikyti gamin\u012f pagal savo individualius poreikius. Patalyn\u0117s skyriaus nebuvimas suteikia dizainui lengvumo, paprastumo ir puikiai dera prie minimalistinio, modernaus stiliaus. \u201eDuuli\u201c lova derina estetik\u0105, funkcionalum\u0105 ir saugum\u0105, tapdama idealiu sprendimu j\u016bs\u0173 vaiko patogiam poilsiui.<\/p>","protected":false},"excerpt":{"rendered":"<p>Vaiki\u0161ka lova \u201eDuuli\u201c \u2013 tai modernus, universalaus dizaino baldas, puikiai tiksiantis bet kuriame vaiko kambaryje. Tvirtas klasikin\u0117s baltos spalvos r\u0117mas suteikia lengvumo ir elegancijos, pabr\u0117\u017eiant nesenstant\u012f charakter\u012f. Lova turi apsaugin\u012f tur\u0117kl\u0105, kuris u\u017etikrina visi\u0161k\u0105 saugum\u0105 miego metu ir apsaugo j\u016bs\u0173 vaik\u0105 nuo atsitiktinio [\u2026]<\/p>","protected":false},"featured_media":33679,"comment_status":"open","ping_status":"open","template":"","meta":[],"product_brand":[],"product_cat":[1372,2012],"product_tag":[],"class_list":{"0":"post-33678","1":"product","2":"type-product","3":"status-publish","4":"has-post-thumbnail","6":"product_cat-childrens-beds","7":"product_cat-eltap","8":"pa_frame-material-wood","9":"pa_frame-material-type-pine","10":"pa_leg-color-undefined","11":"pa_leg-material-undefined","12":"pa_linen-box-no","13":"pa_main-color-white","14":"pa_price-group-basic","15":"pa_seat-depth-1370","16":"pa_seat-width-494","17":"pa_sleep-function-yes","18":"pa_sleeping-area-length-1371","19":"pa_sleeping-area-width-497","20":"pa_style-modern","21":"pa_textile-bialy","22":"pa_upholstery-material-undefined","24":"first","25":"instock","26":"purchasable","27":"product-type-simple"},"_links":{"self":[{"href":"https:\/\/baldumarket.lt\/lt\/wp-json\/wp\/v2\/product\/33678","targetHints":{"allow":["GET"]}}],"collection":[{"href":"https:\/\/baldumarket.lt\/lt\/wp-json\/wp\/v2\/product"}],"about":[{"href":"https:\/\/baldumarket.lt\/lt\/wp-json\/wp\/v2\/types\/product"}],"replies":[{"embeddable":true,"href":"https:\/\/baldumarket.lt\/lt\/wp-json\/wp\/v2\/comments?post=33678"}],"wp:featuredmedia":[{"embeddable":true,"href":"https:\/\/baldumarket.lt\/lt\/wp-json\/wp\/v2\/media\/33679"}],"wp:attachment":[{"href":"https:\/\/baldumarket.lt\/lt\/wp-json\/wp\/v2\/media?parent=33678"}],"wp:term":[{"taxonomy":"product_brand","embeddable":true,"href":"https:\/\/baldumarket.lt\/lt\/wp-json\/wp\/v2\/product_brand?post=33678"},{"taxonomy":"product_cat","embeddable":true,"href":"https:\/\/baldumarket.lt\/lt\/wp-json\/wp\/v2\/product_cat?post=33678"},{"taxonomy":"product_tag","embeddable":true,"href":"https:\/\/baldumarket.lt\/lt\/wp-json\/wp\/v2\/product_tag?post=33678"}],"curies":[{"name":"wp","href":"https:\/\/api.w.org\/{rel}","templated":true}]}}