{"id":336776,"date":"2026-03-07T20:12:22","date_gmt":"2026-03-07T17:12:22","guid":{"rendered":"https:\/\/baldumarket.lt\/?post_type=product&#038;p=336776"},"modified":"2026-03-26T18:06:57","modified_gmt":"2026-03-26T15:06:57","slug":"wid-2-skyle","status":"publish","type":"product","link":"https:\/\/baldumarket.lt\/lt\/product\/wid-2-skyle\/","title":{"rendered":"WIVA WID-2 skyl\u0117"},"content":{"rendered":"<p>\u2013 PLO\u010cIO-1 anga \u2013 (160\/51\/45 cm)<br \/>\n\u2013 sistema i\u0161 vizualizacijos, pagaminta \u0161iomis spalvomis: sidabrinis \u0105\u017euolas \/ dirbtinis \u0105\u017euolas<\/p>","protected":false},"excerpt":{"rendered":"<p>amatininkas\/dab amatas<br \/>\nd\u0105b srebrny\/wellington<br \/>\nd\u0105b srebrny\/d\u0105b craft<br \/>\njesion g\u00f3rski\/dab craft<br \/>\njesion portland\/artasan<\/p>","protected":false},"featured_media":336821,"comment_status":"open","ping_status":"closed","template":"","meta":[],"product_brand":[],"product_cat":[9949,9879,1175],"product_tag":[],"class_list":{"0":"post-336776","1":"product","2":"type-product","3":"status-publish","4":"has-post-thumbnail","6":"product_cat-furniture-system-wiva","7":"product_cat-krajan","8":"product_cat-tv-stands","10":"first","11":"instock","12":"shipping-taxable","13":"purchasable","14":"product-type-variable","15":"wvs-archive-product-wrapper"},"_links":{"self":[{"href":"https:\/\/baldumarket.lt\/lt\/wp-json\/wp\/v2\/product\/336776","targetHints":{"allow":["GET"]}}],"collection":[{"href":"https:\/\/baldumarket.lt\/lt\/wp-json\/wp\/v2\/product"}],"about":[{"href":"https:\/\/baldumarket.lt\/lt\/wp-json\/wp\/v2\/types\/product"}],"replies":[{"embeddable":true,"href":"https:\/\/baldumarket.lt\/lt\/wp-json\/wp\/v2\/comments?post=336776"}],"wp:featuredmedia":[{"embeddable":true,"href":"https:\/\/baldumarket.lt\/lt\/wp-json\/wp\/v2\/media\/336821"}],"wp:attachment":[{"href":"https:\/\/baldumarket.lt\/lt\/wp-json\/wp\/v2\/media?parent=336776"}],"wp:term":[{"taxonomy":"product_brand","embeddable":true,"href":"https:\/\/baldumarket.lt\/lt\/wp-json\/wp\/v2\/product_brand?post=336776"},{"taxonomy":"product_cat","embeddable":true,"href":"https:\/\/baldumarket.lt\/lt\/wp-json\/wp\/v2\/product_cat?post=336776"},{"taxonomy":"product_tag","embeddable":true,"href":"https:\/\/baldumarket.lt\/lt\/wp-json\/wp\/v2\/product_tag?post=336776"}],"curies":[{"name":"wp","href":"https:\/\/api.w.org\/{rel}","templated":true}]}}