{"id":336749,"date":"2026-03-07T20:10:08","date_gmt":"2026-03-07T17:10:08","guid":{"rendered":"https:\/\/baldumarket.lt\/?post_type=product&#038;p=336749"},"modified":"2026-03-26T18:06:57","modified_gmt":"2026-03-26T15:06:57","slug":"dover-spinta-d-1","status":"publish","type":"product","link":"https:\/\/baldumarket.lt\/lt\/product\/dover-spinta-d-1\/","title":{"rendered":"DOVER spinta D-1"},"content":{"rendered":"<p>Plotis\/Auk\u0161tis\/Gylis: 204\/210\/67 cm<br \/>\nErdvi DOVER stumdoma spinta. \u0160i modernaus dizaino spinta puikiai tinka jaunimo kambariui, moderniam miegamajam ar prie\u0161kambariui. Pagaminta i\u0161 auk\u0161tos kokyb\u0117s laminuotos plok\u0161t\u0117s, spintos viduje yra prakti\u0161kos lentynos ir pakabos. Dideli matmenys ir tvirta i\u0161vaizda pary\u0161kina dinami\u0161k\u0105 fasad\u0173 dizain\u0105, primenant\u012f didel\u0119 \u0161achmat\u0173 lent\u0105. Ant stumdom\u0173 dur\u0173 sumontuotos aliuminio rankenos, kad jas b\u016bt\u0173 lengva atidaryti ir u\u017edaryti.<\/p>\n<p>Matmenys:<br \/>\n\u2013 plotis 204 cm \/ auk\u0161tis 210 cm \/ gylis 67 cm<br \/>\nPapildoma informacija:<br \/>\n\u2013 dekoratyvin\u0117s MDF \u0161onin\u0117s panel\u0117s,<\/p>\n<p>\u2013 auk\u0161\u010diausios kokyb\u0117s stumdoma sistema \u201eLaguna Superior\u201c,<\/p>\n<p>\u2013 Viduje \u012frengti pakabinimo b\u0117geliai ir lentynos,<\/p>\n<p>\u2013 Rankenos: aliuminio \u0161oniniai profiliai,<\/p>\n<p>\u2013 Baldai nauji, supakuoti \u012f savaranki\u0161kai surinkamas pakuotes, su ai\u0161kiomis instrukcijomis ir priedais.<\/p>\n<p>\u2013 Vizualizacijoje pavaizduota spinta, apdailinta bordo \/ blizgia juoda spalva<\/p>","protected":false},"excerpt":{"rendered":"<p>Plotis\/Auk\u0161tis\/Gylis: 204\/210\/67 cm. Erdvi DOVER stumdom\u0173 lang\u0173 spinta. \u0160i modernaus dizaino spinta puikiai tinka jaunimo kambariui, moderniam miegamajam ar prie\u0161kambariui. Pagaminta i\u0161 auk\u0161tos kokyb\u0117s laminuotos plok\u0161t\u0117s, spintos viduje yra prakti\u0161kos lentynos ir pakabos. Dideli matmenys ir tvirta i\u0161vaizda pary\u0161kina dinami\u0161k\u0105 fasad\u0173 dizain\u0105, primenant\u012f didel\u0119 \u0161achmat\u0173 lent\u0105. Aliuminio [\u2026]<\/p>","protected":false},"featured_media":336791,"comment_status":"open","ping_status":"closed","template":"","meta":[],"product_brand":[],"product_cat":[9883,9879,9884,1177],"product_tag":[],"class_list":{"0":"post-336749","1":"product","2":"type-product","3":"status-publish","4":"has-post-thumbnail","6":"product_cat-bedrooms-krajan","7":"product_cat-krajan","8":"product_cat-wardrobes-krajan","9":"product_cat-wardrobes","11":"first","12":"instock","13":"shipping-taxable","14":"purchasable","15":"product-type-variable","16":"wvs-archive-product-wrapper"},"_links":{"self":[{"href":"https:\/\/baldumarket.lt\/lt\/wp-json\/wp\/v2\/product\/336749","targetHints":{"allow":["GET"]}}],"collection":[{"href":"https:\/\/baldumarket.lt\/lt\/wp-json\/wp\/v2\/product"}],"about":[{"href":"https:\/\/baldumarket.lt\/lt\/wp-json\/wp\/v2\/types\/product"}],"replies":[{"embeddable":true,"href":"https:\/\/baldumarket.lt\/lt\/wp-json\/wp\/v2\/comments?post=336749"}],"wp:featuredmedia":[{"embeddable":true,"href":"https:\/\/baldumarket.lt\/lt\/wp-json\/wp\/v2\/media\/336791"}],"wp:attachment":[{"href":"https:\/\/baldumarket.lt\/lt\/wp-json\/wp\/v2\/media?parent=336749"}],"wp:term":[{"taxonomy":"product_brand","embeddable":true,"href":"https:\/\/baldumarket.lt\/lt\/wp-json\/wp\/v2\/product_brand?post=336749"},{"taxonomy":"product_cat","embeddable":true,"href":"https:\/\/baldumarket.lt\/lt\/wp-json\/wp\/v2\/product_cat?post=336749"},{"taxonomy":"product_tag","embeddable":true,"href":"https:\/\/baldumarket.lt\/lt\/wp-json\/wp\/v2\/product_tag?post=336749"}],"curies":[{"name":"wp","href":"https:\/\/api.w.org\/{rel}","templated":true}]}}