{"id":336728,"date":"2026-03-07T20:08:11","date_gmt":"2026-03-07T17:08:11","guid":{"rendered":"https:\/\/baldumarket.lt\/?post_type=product&#038;p=336728"},"modified":"2026-03-26T18:06:57","modified_gmt":"2026-03-26T15:06:57","slug":"ebon-spinta-e-1","status":"publish","type":"product","link":"https:\/\/baldumarket.lt\/lt\/product\/ebon-spinta-e-1\/","title":{"rendered":"EBON Spinta E-1"},"content":{"rendered":"<p>Plotis\/Auk\u0161tis\/Gylis: 204\/208\/64 cm<br \/>\nEBON \u2013 moderni ir erdvi stumdoma spinta su veidrod\u017eiais. \u0160i spinta puikiai atrodys eleganti\u0161kame miegamajame, prie\u0161kambaryje ar net paauglio kambaryje. Ji pagaminta i\u0161 auk\u0161tos kokyb\u0117s laminuotos plok\u0161t\u0117s. Didelis veidrodis \u2013 puikus akcentas, ne tik papildantis stili\u0173, bet ir vizualiai padidinantis bei pa\u0161viesinantis kambar\u012f. Spintos viduje yra prakti\u0161kos lentynos ir pakabos. Galima rinktis i\u0161 \u012fvairi\u0173 spalv\u0173.<br \/>\nMatmenys:<br \/>\n\u2013 plotis 204 cm \/ auk\u0161tis 208 cm \/ gylis 64 cm<br \/>\nPapildoma informacija:<br \/>\n\u2013 dekoratyvin\u0117s MDF \u0161onin\u0117s panel\u0117s,<\/p>\n<p>\u2013 spintos priekin\u0117 dalis (stumdomos durys) pagaminta i\u0161 laminuotos plok\u0161t\u0117s su veidrodiniu pavir\u0161iumi,<\/p>\n<p>\u2013 baldai yra nauji, supakuoti \u012f savaranki\u0161kai surinkamas pakuotes, su ai\u0161kiomis instrukcijomis ir priedais.<\/p>\n<p>\u2013 vizualizacijoje pavaizduota spinta yra \u0161ios spalvos: triufel\u0117<\/p>","protected":false},"excerpt":{"rendered":"<p>Plotis\/Auk\u0161tis\/Gylis: 204\/208\/64 cm. EBON \u2013 tai moderni ir erdvi stumdoma spinta su veidrod\u017eiais. \u0160i spinta puikiai atrodys eleganti\u0161kame miegamajame, prie\u0161kambaryje ar net paauglio kambaryje. Ji pagaminta i\u0161 auk\u0161tos kokyb\u0117s laminuotos plok\u0161t\u0117s. Didelis veidrodis \u2013 tobulas akcentas, ne tik papildantis stili\u0173, bet ir vizualiai padidinantis [\u2026]<\/p>","protected":false},"featured_media":336771,"comment_status":"open","ping_status":"closed","template":"","meta":[],"product_brand":[],"product_cat":[9883,9879,9884,1177],"product_tag":[],"class_list":{"0":"post-336728","1":"product","2":"type-product","3":"status-publish","4":"has-post-thumbnail","6":"product_cat-bedrooms-krajan","7":"product_cat-krajan","8":"product_cat-wardrobes-krajan","9":"product_cat-wardrobes","11":"first","12":"instock","13":"shipping-taxable","14":"purchasable","15":"product-type-variable","16":"wvs-archive-product-wrapper"},"_links":{"self":[{"href":"https:\/\/baldumarket.lt\/lt\/wp-json\/wp\/v2\/product\/336728","targetHints":{"allow":["GET"]}}],"collection":[{"href":"https:\/\/baldumarket.lt\/lt\/wp-json\/wp\/v2\/product"}],"about":[{"href":"https:\/\/baldumarket.lt\/lt\/wp-json\/wp\/v2\/types\/product"}],"replies":[{"embeddable":true,"href":"https:\/\/baldumarket.lt\/lt\/wp-json\/wp\/v2\/comments?post=336728"}],"wp:featuredmedia":[{"embeddable":true,"href":"https:\/\/baldumarket.lt\/lt\/wp-json\/wp\/v2\/media\/336771"}],"wp:attachment":[{"href":"https:\/\/baldumarket.lt\/lt\/wp-json\/wp\/v2\/media?parent=336728"}],"wp:term":[{"taxonomy":"product_brand","embeddable":true,"href":"https:\/\/baldumarket.lt\/lt\/wp-json\/wp\/v2\/product_brand?post=336728"},{"taxonomy":"product_cat","embeddable":true,"href":"https:\/\/baldumarket.lt\/lt\/wp-json\/wp\/v2\/product_cat?post=336728"},{"taxonomy":"product_tag","embeddable":true,"href":"https:\/\/baldumarket.lt\/lt\/wp-json\/wp\/v2\/product_tag?post=336728"}],"curies":[{"name":"wp","href":"https:\/\/api.w.org\/{rel}","templated":true}]}}