{"id":336719,"date":"2026-03-07T20:07:32","date_gmt":"2026-03-07T17:07:32","guid":{"rendered":"https:\/\/baldumarket.lt\/?post_type=product&#038;p=336719"},"modified":"2026-03-26T18:06:57","modified_gmt":"2026-03-26T15:06:57","slug":"elis","status":"publish","type":"product","link":"https:\/\/baldumarket.lt\/lt\/product\/elis\/","title":{"rendered":"Bald\u0173 sienel\u0117 ELIS"},"content":{"rendered":"<p>Televizoriaus spinteli\u0173 komplektas yra nedidelis, bet labai reikalingas baldas. Jis praver\u010dia tiek ma\u017eose, tiek didel\u0117se svetain\u0117se. Jis atlieka ir praktines, ir estetines funkcijas, tarnaudamas kaip gra\u017eus dekoratyvinis elementas. Ant jo taip pat galite pastatyti bet kokio dyd\u017eio televizori\u0173. Dar vienas svarbus sistemos bruo\u017eas \u2013 juodos kojel\u0117s, kurios palengvina valym\u0105 ir suteikia baldams lengvumo.<\/p>\n<p>Per\u017ei\u016bros paveiksl\u0117lyje esan\u010dios spalvos: wotan\/j.portland (stalvir\u0161iai)<br \/>\nBaldai nauji, supakuoti \u012f butus su instrukcijomis ir reikalingais priedais savaranki\u0161kam surinkimui.<\/p>","protected":false},"excerpt":{"rendered":"<p>Televizoriaus spinteli\u0173 komplektas yra nedidelis, bet labai reikalingas baldas. Jis praver\u010dia tiek ma\u017eose, tiek didel\u0117se svetain\u0117se. Jis atlieka ir praktin\u0119, ir estetin\u0119 funkcij\u0105, tarnaudamas kaip gra\u017eus dekoratyvinis elementas. Ant jo taip pat galite pastatyti bet kokio dyd\u017eio televizori\u0173. Dar vienas svarbus \u0161ios sistemos bruo\u017eas \u2013 juoda [\u2026]<\/p>","protected":false},"featured_media":336763,"comment_status":"open","ping_status":"closed","template":"","meta":[],"product_brand":[],"product_cat":[9930,9879,9880,2008],"product_tag":[],"class_list":{"0":"post-336719","1":"product","2":"type-product","3":"status-publish","4":"has-post-thumbnail","6":"product_cat-furniture-system-elis","7":"product_cat-krajan","8":"product_cat-classic-furniture-krajan","9":"product_cat-wall-units","11":"first","12":"instock","13":"shipping-taxable","14":"purchasable","15":"product-type-variable","16":"wvs-archive-product-wrapper"},"_links":{"self":[{"href":"https:\/\/baldumarket.lt\/lt\/wp-json\/wp\/v2\/product\/336719","targetHints":{"allow":["GET"]}}],"collection":[{"href":"https:\/\/baldumarket.lt\/lt\/wp-json\/wp\/v2\/product"}],"about":[{"href":"https:\/\/baldumarket.lt\/lt\/wp-json\/wp\/v2\/types\/product"}],"replies":[{"embeddable":true,"href":"https:\/\/baldumarket.lt\/lt\/wp-json\/wp\/v2\/comments?post=336719"}],"wp:featuredmedia":[{"embeddable":true,"href":"https:\/\/baldumarket.lt\/lt\/wp-json\/wp\/v2\/media\/336763"}],"wp:attachment":[{"href":"https:\/\/baldumarket.lt\/lt\/wp-json\/wp\/v2\/media?parent=336719"}],"wp:term":[{"taxonomy":"product_brand","embeddable":true,"href":"https:\/\/baldumarket.lt\/lt\/wp-json\/wp\/v2\/product_brand?post=336719"},{"taxonomy":"product_cat","embeddable":true,"href":"https:\/\/baldumarket.lt\/lt\/wp-json\/wp\/v2\/product_cat?post=336719"},{"taxonomy":"product_tag","embeddable":true,"href":"https:\/\/baldumarket.lt\/lt\/wp-json\/wp\/v2\/product_tag?post=336719"}],"curies":[{"name":"wp","href":"https:\/\/api.w.org\/{rel}","templated":true}]}}