{"id":336706,"date":"2026-03-07T20:06:31","date_gmt":"2026-03-07T17:06:31","guid":{"rendered":"https:\/\/baldumarket.lt\/?post_type=product&#038;p=336706"},"modified":"2026-03-26T18:06:57","modified_gmt":"2026-03-26T15:06:57","slug":"elis-lentyna-el-1","status":"publish","type":"product","link":"https:\/\/baldumarket.lt\/lt\/product\/elis-lentyna-el-1\/","title":{"rendered":"Elis lentyna EL-1"},"content":{"rendered":"<p>Plotis\/Auk\u0161tis\/Gylis: 100\/138\/42 cm<br \/>\nAuk\u0161\u010diau pateiktas modelis yra \u0161i\u0173 spalv\u0173:<\/p>","protected":false},"excerpt":{"rendered":"<p>Plotis\/Auk\u0161tis\/Gylis: 100\/138\/42 cm. Auk\u0161\u010diau nurodytas modelis yra \u0161i\u0173 spalv\u0173:<\/p>","protected":false},"featured_media":336746,"comment_status":"open","ping_status":"closed","template":"","meta":[],"product_brand":[],"product_cat":[9930,9879,1987],"product_tag":[],"class_list":{"0":"post-336706","1":"product","2":"type-product","3":"status-publish","4":"has-post-thumbnail","6":"product_cat-furniture-system-elis","7":"product_cat-krajan","8":"product_cat-shelving-units","10":"first","11":"instock","12":"shipping-taxable","13":"purchasable","14":"product-type-variable","15":"wvs-archive-product-wrapper"},"_links":{"self":[{"href":"https:\/\/baldumarket.lt\/lt\/wp-json\/wp\/v2\/product\/336706","targetHints":{"allow":["GET"]}}],"collection":[{"href":"https:\/\/baldumarket.lt\/lt\/wp-json\/wp\/v2\/product"}],"about":[{"href":"https:\/\/baldumarket.lt\/lt\/wp-json\/wp\/v2\/types\/product"}],"replies":[{"embeddable":true,"href":"https:\/\/baldumarket.lt\/lt\/wp-json\/wp\/v2\/comments?post=336706"}],"wp:featuredmedia":[{"embeddable":true,"href":"https:\/\/baldumarket.lt\/lt\/wp-json\/wp\/v2\/media\/336746"}],"wp:attachment":[{"href":"https:\/\/baldumarket.lt\/lt\/wp-json\/wp\/v2\/media?parent=336706"}],"wp:term":[{"taxonomy":"product_brand","embeddable":true,"href":"https:\/\/baldumarket.lt\/lt\/wp-json\/wp\/v2\/product_brand?post=336706"},{"taxonomy":"product_cat","embeddable":true,"href":"https:\/\/baldumarket.lt\/lt\/wp-json\/wp\/v2\/product_cat?post=336706"},{"taxonomy":"product_tag","embeddable":true,"href":"https:\/\/baldumarket.lt\/lt\/wp-json\/wp\/v2\/product_tag?post=336706"}],"curies":[{"name":"wp","href":"https:\/\/api.w.org\/{rel}","templated":true}]}}