{"id":336693,"date":"2026-03-07T20:05:32","date_gmt":"2026-03-07T17:05:32","guid":{"rendered":"https:\/\/baldumarket.lt\/?post_type=product&#038;p=336693"},"modified":"2026-03-26T18:06:57","modified_gmt":"2026-03-26T15:06:57","slug":"elis-vitrina-el-4","status":"publish","type":"product","link":"https:\/\/baldumarket.lt\/lt\/product\/elis-vitrina-el-4\/","title":{"rendered":"Elis vitrina EL-4"},"content":{"rendered":"<p>Plotis\/Auk\u0161tis\/Gylis: 100\/163\/42 cm<br \/>\n\u00a0<br \/>\nLED ap\u0161vietimas:<br \/>\nBald\u0173 su LED ap\u0161vietimu atveju ap\u0161vietimas taikomas:<br \/>\n\u2013 EL-4 vitrina<br \/>\n\u2013 Vitrinose standarti\u0161kai \u012frengtos laminuotos lentos lentynos,<\/p>\n<p>\u2013 Stiklin\u0117s lentynos + LED ap\u0161vietimas \u2013 u\u017e papildom\u0105 mokest\u012f,<br \/>\n\u00a0<br \/>\nAuk\u0161\u010diau pateiktas modelis yra \u0161i\u0173 spalv\u0173:<\/p>","protected":false},"excerpt":{"rendered":"<p>Plotis\/Auk\u0161tis\/Gylis: 100\/163\/42 cm LED ap\u0161vietimas: Bald\u0173 su LED ap\u0161vietimu atveju ap\u0161vietimas taikomas: \u2013 EL-4 vitrinai \u2013 Vitrinose standarti\u0161kai \u012frengtos laminuotos lentos lentynos, \u2013 Stiklin\u0117s lentynos + LED ap\u0161vietimas galimos u\u017e papildom\u0105 mokest\u012f, \u0160is modelis yra \u0161i\u0173 spalv\u0173:<\/p>","protected":false},"featured_media":336733,"comment_status":"open","ping_status":"closed","template":"","meta":[],"product_brand":[],"product_cat":[9930,9879,2006],"product_tag":[],"class_list":{"0":"post-336693","1":"product","2":"type-product","3":"status-publish","4":"has-post-thumbnail","6":"product_cat-furniture-system-elis","7":"product_cat-krajan","8":"product_cat-vitrines","10":"first","11":"instock","12":"shipping-taxable","13":"purchasable","14":"product-type-variable","15":"wvs-archive-product-wrapper"},"_links":{"self":[{"href":"https:\/\/baldumarket.lt\/lt\/wp-json\/wp\/v2\/product\/336693","targetHints":{"allow":["GET"]}}],"collection":[{"href":"https:\/\/baldumarket.lt\/lt\/wp-json\/wp\/v2\/product"}],"about":[{"href":"https:\/\/baldumarket.lt\/lt\/wp-json\/wp\/v2\/types\/product"}],"replies":[{"embeddable":true,"href":"https:\/\/baldumarket.lt\/lt\/wp-json\/wp\/v2\/comments?post=336693"}],"wp:featuredmedia":[{"embeddable":true,"href":"https:\/\/baldumarket.lt\/lt\/wp-json\/wp\/v2\/media\/336733"}],"wp:attachment":[{"href":"https:\/\/baldumarket.lt\/lt\/wp-json\/wp\/v2\/media?parent=336693"}],"wp:term":[{"taxonomy":"product_brand","embeddable":true,"href":"https:\/\/baldumarket.lt\/lt\/wp-json\/wp\/v2\/product_brand?post=336693"},{"taxonomy":"product_cat","embeddable":true,"href":"https:\/\/baldumarket.lt\/lt\/wp-json\/wp\/v2\/product_cat?post=336693"},{"taxonomy":"product_tag","embeddable":true,"href":"https:\/\/baldumarket.lt\/lt\/wp-json\/wp\/v2\/product_tag?post=336693"}],"curies":[{"name":"wp","href":"https:\/\/api.w.org\/{rel}","templated":true}]}}