{"id":336649,"date":"2026-03-07T20:01:54","date_gmt":"2026-03-07T17:01:54","guid":{"rendered":"https:\/\/baldumarket.lt\/?post_type=product&#038;p=336649"},"modified":"2026-03-26T18:06:57","modified_gmt":"2026-03-26T15:06:57","slug":"fabian","status":"publish","type":"product","link":"https:\/\/baldumarket.lt\/lt\/product\/fabian\/","title":{"rendered":"Bald\u0173 sienel\u0117 FABIAN"},"content":{"rendered":"<p>Plotis\/Auk\u0161tis\/Gylis: 325\/201\/53 cm<br \/>\nFABIAN jaunimo baldai puikiai papildys bet kur\u012f paauglio ar vaiko kambar\u012f. Unikalus dizainas suteiks stiliaus ir pabr\u0117\u0161 jaunatvi\u0161k\u0105 kambario charakter\u012f. Tai puikus sprendimas visiems, kurie vertina funkcionalum\u0105 savo vaik\u0173 erdv\u0117je. Kiekvienas komplekto elementas yra atskiras modulis, leid\u017eiantis baldus i\u0161d\u0117styti bet kokiu deriniu. Baldai yra erdv\u016bs ir si\u016blomi \u012fvairi\u0173 spalv\u0173. Matmenys:<br \/>\n\u2013 plotis 325 cm \/ auk\u0161tis 201 cm \/ gylis 53 cm<br \/>\nPapildoma informacija:<br \/>\n\u012e komplekt\u0105 \u012feina \u0161ie baldai (plotis\/auk\u0161tis\/gylis):<\/p>\n<p>Spinta (80 \u00d7 201\/53 cm) su dviem stal\u010diais ir drabu\u017ei\u0173 pakaba,<br \/>\nStalas (120 \u00d7 78 \/ 53 cm) su i\u0161traukiama klaviat\u016bros lentyna + stalo prailginimas,<br \/>\nLentyna (80 \u00d7 201 cm) su vidin\u0117mis lentynomis,<br \/>\nKolona (45 \u00d7 201 cm) su vidin\u0117mis lentynomis + dviem stal\u010diais,<br \/>\nBaldai pagaminti i\u0161 16 mm storio laminuotos plok\u0161t\u0117s.<br \/>\nAuk\u0161tos kokyb\u0117s plastikin\u0117s rankenos u\u017etikrina patvarum\u0105 ir patogum\u0105.<br \/>\nBaldai nauji, supakuoti \u012f surinkimo b\u016bdu pagamintas pakuotes.,<br \/>\nsu ai\u0161kiomis instrukcijomis ir priedais.<\/p>","protected":false},"excerpt":{"rendered":"<p>Plotis\/Auk\u0161tis\/Gylis: 325\/201\/53 cm. FABIAN jaunimo baldai puikiai papildys bet kur\u012f paauglio ar vaiko kambar\u012f. Unikalus dizainas suteiks stiliaus ir pabr\u0117\u0161 jaunatvi\u0161k\u0105 kambario charakter\u012f. Tai puikus sprendimas visiems, kurie vertina funkcionalum\u0105 savo vaik\u0173 erdv\u0117je. Kiekvienas komplekto elementas yra atskiras modulis, leid\u017eiantis i\u0161d\u0117styti [\u2026]<\/p>","protected":false},"featured_media":336687,"comment_status":"open","ping_status":"closed","template":"","meta":[],"product_brand":[],"product_cat":[9881,9879,2008],"product_tag":[],"class_list":{"0":"post-336649","1":"product","2":"type-product","3":"status-publish","4":"has-post-thumbnail","6":"product_cat-furniture-for-young-people-krajan","7":"product_cat-krajan","8":"product_cat-wall-units","10":"first","11":"instock","12":"shipping-taxable","13":"purchasable","14":"product-type-variable","15":"wvs-archive-product-wrapper"},"_links":{"self":[{"href":"https:\/\/baldumarket.lt\/lt\/wp-json\/wp\/v2\/product\/336649","targetHints":{"allow":["GET"]}}],"collection":[{"href":"https:\/\/baldumarket.lt\/lt\/wp-json\/wp\/v2\/product"}],"about":[{"href":"https:\/\/baldumarket.lt\/lt\/wp-json\/wp\/v2\/types\/product"}],"replies":[{"embeddable":true,"href":"https:\/\/baldumarket.lt\/lt\/wp-json\/wp\/v2\/comments?post=336649"}],"wp:featuredmedia":[{"embeddable":true,"href":"https:\/\/baldumarket.lt\/lt\/wp-json\/wp\/v2\/media\/336687"}],"wp:attachment":[{"href":"https:\/\/baldumarket.lt\/lt\/wp-json\/wp\/v2\/media?parent=336649"}],"wp:term":[{"taxonomy":"product_brand","embeddable":true,"href":"https:\/\/baldumarket.lt\/lt\/wp-json\/wp\/v2\/product_brand?post=336649"},{"taxonomy":"product_cat","embeddable":true,"href":"https:\/\/baldumarket.lt\/lt\/wp-json\/wp\/v2\/product_cat?post=336649"},{"taxonomy":"product_tag","embeddable":true,"href":"https:\/\/baldumarket.lt\/lt\/wp-json\/wp\/v2\/product_tag?post=336649"}],"curies":[{"name":"wp","href":"https:\/\/api.w.org\/{rel}","templated":true}]}}