{"id":336592,"date":"2026-03-07T19:57:27","date_gmt":"2026-03-07T16:57:27","guid":{"rendered":"https:\/\/baldumarket.lt\/?post_type=product&#038;p=336592"},"modified":"2026-03-26T18:06:57","modified_gmt":"2026-03-26T15:06:57","slug":"flores","status":"publish","type":"product","link":"https:\/\/baldumarket.lt\/lt\/product\/flores\/","title":{"rendered":"Flores"},"content":{"rendered":"<p>FLORES komplektas \u2013 tai i\u0161skirtinai patrauklus, universalus, didelis ir modernus sieninis baldas. Puikiai suprojektuotas, labai patogus ir prakti\u0161kas naudoti. Pagamintas i\u0161 auk\u0161tos kokyb\u0117s laminuotos plok\u0161t\u0117s, jis tarnaus ilgus metus. Jis puikiai tinka svetain\u0117ms ir poilsio kambariams. Baldai yra erdv\u016bs ir si\u016blomi \u012fvairi\u0173 spalv\u0173.<\/p>\n<p>Matmenys:<br \/>\n\u2013 plotis 340 cm \/ auk\u0161tis 210 cm \/ gylis 53 cm<br \/>\nPapildoma informacija:<br \/>\n\u2013 16 mm storio laminuota plok\u0161t\u0117, 22 mm vir\u0161us<\/p>\n<p>\u2013 vitrinose standartin\u0117s laminuotos plok\u0161t\u0117s lentynos<\/p>\n<p>\u2013 stiklin\u0117s lentynos ir LED ap\u0161vietimas u\u017e papildom\u0105 mokest\u012f<\/p>\n<p>\u2013 plastikin\u0117s rankenos ir kojel\u0117s u\u017etikrina patvarum\u0105 ir patogum\u0105<\/p>\n<p>\u2013 Televizoriaus ni\u0161os plotis 123 cm<\/p>\n<p>\u2013 spintos matmenys 90\/210\/53 cm su lentyna vir\u0161 drabu\u017ei\u0173 skersinio<\/p>\n<p>\u2013 baldai yra nauji, supakuoti \u012f savaranki\u0161kai surinkamas pakuotes, su ai\u0161kiomis instrukcijomis ir priedais.<\/p>\n<p>\u2013 Vizualizacijoje pavaizduota sienin\u0117 spintel\u0117 yra \u0161ios spalvos: santrope\/sangha wege (spalva n\u0117ra)<\/p>","protected":false},"excerpt":{"rendered":"<p>The FLORES set is an exceptionally attractive, versatile, large, and modern wall unit. Perfectly designed, it&#8217;s very comfortable and convenient to use. Made of high-quality laminated board, it will last for years. It&#8217;s perfect for living rooms and lounges. The furniture is spacious and available in a variety of colors. Dimensions: \u2013 width 340 cm [&hellip;]<\/p>","protected":false},"featured_media":336634,"comment_status":"open","ping_status":"closed","template":"","meta":[],"product_brand":[],"product_cat":[9879,2008],"product_tag":[],"class_list":{"0":"post-336592","1":"product","2":"type-product","3":"status-publish","4":"has-post-thumbnail","6":"product_cat-krajan","7":"product_cat-wall-units","9":"first","10":"instock","11":"shipping-taxable","12":"purchasable","13":"product-type-variable","14":"wvs-archive-product-wrapper"},"_links":{"self":[{"href":"https:\/\/baldumarket.lt\/lt\/wp-json\/wp\/v2\/product\/336592","targetHints":{"allow":["GET"]}}],"collection":[{"href":"https:\/\/baldumarket.lt\/lt\/wp-json\/wp\/v2\/product"}],"about":[{"href":"https:\/\/baldumarket.lt\/lt\/wp-json\/wp\/v2\/types\/product"}],"replies":[{"embeddable":true,"href":"https:\/\/baldumarket.lt\/lt\/wp-json\/wp\/v2\/comments?post=336592"}],"wp:featuredmedia":[{"embeddable":true,"href":"https:\/\/baldumarket.lt\/lt\/wp-json\/wp\/v2\/media\/336634"}],"wp:attachment":[{"href":"https:\/\/baldumarket.lt\/lt\/wp-json\/wp\/v2\/media?parent=336592"}],"wp:term":[{"taxonomy":"product_brand","embeddable":true,"href":"https:\/\/baldumarket.lt\/lt\/wp-json\/wp\/v2\/product_brand?post=336592"},{"taxonomy":"product_cat","embeddable":true,"href":"https:\/\/baldumarket.lt\/lt\/wp-json\/wp\/v2\/product_cat?post=336592"},{"taxonomy":"product_tag","embeddable":true,"href":"https:\/\/baldumarket.lt\/lt\/wp-json\/wp\/v2\/product_tag?post=336592"}],"curies":[{"name":"wp","href":"https:\/\/api.w.org\/{rel}","templated":true}]}}