{"id":336590,"date":"2026-03-07T19:57:24","date_gmt":"2026-03-07T16:57:24","guid":{"rendered":"https:\/\/baldumarket.lt\/?post_type=product&#038;p=336590"},"modified":"2026-03-26T18:06:57","modified_gmt":"2026-03-26T15:06:57","slug":"foto","status":"publish","type":"product","link":"https:\/\/baldumarket.lt\/lt\/product\/foto\/","title":{"rendered":"Prie\u0161kambaris FOTO"},"content":{"rendered":"<p>Informacija:<br \/>\nPlotis\/Auk\u0161tis\/Gylis: 255\/201\/43,5 cm<br \/>\nKomodos plotis: 85 cm<\/p>\n<p>Lentynos plotis su pakabomis: 85 cm<\/p>\n<p>Spintos plotis: 85 cm<\/p>\n<p>Veidrodinis panelis: 90 \u00d7 70 cm<br \/>\nBaldai pristatomi plok\u0161\u010diose pakuot\u0117se, kurias galima surinkti savaranki\u0161kai.<\/p>\n<p>Naujas produktas, originalioje pakuot\u0117je!<\/p>\n<p>Pagaminta i\u0161 laminuotos med\u017eio dro\u017eli\u0173 plok\u0161t\u0117s.<\/p>\n<p>Priekin\u0117s dalys: med\u017eio dro\u017eli\u0173 plok\u0161t\u0117s + lygus priekis + \u0161onin\u0117 panel\u0117.<\/p>","protected":false},"excerpt":{"rendered":"<p>Information: Width\/Height\/Depth: 255\/201\/43.5 cm Chest of drawers width: 85 cm Shelf width with hangers: 85 cm Wardrobe width: 85 cm Mirror panel: 90\u00d770 cm Furniture delivered in flat-packs for self-assembly. New product, in original packaging! Made of laminated particle board. Fronts: particle board + smooth front + side panel.<\/p>","protected":false},"featured_media":336632,"comment_status":"open","ping_status":"closed","template":"","meta":[],"product_brand":[],"product_cat":[9879,9884,1177],"product_tag":[],"class_list":{"0":"post-336590","1":"product","2":"type-product","3":"status-publish","4":"has-post-thumbnail","6":"product_cat-krajan","7":"product_cat-wardrobes-krajan","8":"product_cat-wardrobes","10":"first","11":"instock","12":"shipping-taxable","13":"purchasable","14":"product-type-variable","15":"wvs-archive-product-wrapper"},"_links":{"self":[{"href":"https:\/\/baldumarket.lt\/lt\/wp-json\/wp\/v2\/product\/336590","targetHints":{"allow":["GET"]}}],"collection":[{"href":"https:\/\/baldumarket.lt\/lt\/wp-json\/wp\/v2\/product"}],"about":[{"href":"https:\/\/baldumarket.lt\/lt\/wp-json\/wp\/v2\/types\/product"}],"replies":[{"embeddable":true,"href":"https:\/\/baldumarket.lt\/lt\/wp-json\/wp\/v2\/comments?post=336590"}],"wp:featuredmedia":[{"embeddable":true,"href":"https:\/\/baldumarket.lt\/lt\/wp-json\/wp\/v2\/media\/336632"}],"wp:attachment":[{"href":"https:\/\/baldumarket.lt\/lt\/wp-json\/wp\/v2\/media?parent=336590"}],"wp:term":[{"taxonomy":"product_brand","embeddable":true,"href":"https:\/\/baldumarket.lt\/lt\/wp-json\/wp\/v2\/product_brand?post=336590"},{"taxonomy":"product_cat","embeddable":true,"href":"https:\/\/baldumarket.lt\/lt\/wp-json\/wp\/v2\/product_cat?post=336590"},{"taxonomy":"product_tag","embeddable":true,"href":"https:\/\/baldumarket.lt\/lt\/wp-json\/wp\/v2\/product_tag?post=336590"}],"curies":[{"name":"wp","href":"https:\/\/api.w.org\/{rel}","templated":true}]}}