{"id":336586,"date":"2026-03-07T19:56:47","date_gmt":"2026-03-07T16:56:47","guid":{"rendered":"https:\/\/baldumarket.lt\/?post_type=product&#038;p=336586"},"modified":"2026-04-07T16:02:33","modified_gmt":"2026-04-07T13:02:33","slug":"genewa","status":"publish","type":"product","link":"https:\/\/baldumarket.lt\/lt\/product\/genewa\/","title":{"rendered":"Genewa"},"content":{"rendered":"<p>Miegamojo komplektas \u201eGENEVA\u201c<br \/>\n\u0160\u012f miegamojo bald\u0173 komplekt\u0105 sudaro lova, drabu\u017ei\u0173 spinta, komoda ir naktiniai staleliai. Juos taip pat galima \u012fsigyti atskirai, tod\u0117l galite susikurti savo miegamojo bald\u0173 komplekt\u0105 pagal savo individualius pageidavimus. Jie yra patog\u016bs ir erdv\u016bs d\u0117l gerai suprojektuot\u0173 daiktad\u0117\u017ei\u0173. D\u0117l auk\u0161\u010diausios kokyb\u0117s gamybos jais gal\u0117site d\u017eiaugtis ilgus metus. Komplekt\u0105 sudaro:<br \/>\n\u2013 Dviej\u0173 dur\u0173 stumdoma spinta \u2013 1 vnt.<\/p>\n<p>\u2013 lova su kop\u0117\u010di\u0173 r\u0117mu \u2013 1 vnt. (\u010diu\u017einys ne\u012fskai\u010diuotas)<\/p>\n<p>\u2013 komoda \u2013 1 vnt.<\/p>\n<p>\u2013 naktiniai staleliai \u2013 2 vnt.<\/p>\n<p>\u2013 veidrodis<br \/>\nMatmenys:<\/p>\n<p>plotis cm \/ auk\u0161tis cm \/ gylis cm<\/p>\n<p>\u2013 spintos matmenys: 208 x 210 x 67 cm<\/p>\n<p>\u2013 lova: 170 x 85 x 210 cm<\/p>\n<p>\u2013 naktiniai staleliai: 70 x 43,5 x 43,5 cm<\/p>\n<p>\u2013 komoda: 120 x 90 x 43,5 cm<\/p>\n<p>\u2013 veidrodis: plotis 100 x auk\u0161tis 65 cm<br \/>\nPapildoma informacija:<br \/>\n\u2013 lova: miegamojo plotas 160 x 200 cm (\u010diu\u017einys ne\u012fskai\u010diuotas)<\/p>\n<p>\u2013 baldai yra nauji, supakuoti \u012f savaranki\u0161kai surinkamas pakuotes, su ai\u0161kiomis instrukcijomis ir priedais.<\/p>\n<p>\u2013 miegamasis pagal vizualizacij\u0105, spalva: bordo<\/p>","protected":false},"excerpt":{"rendered":"<p>GENEVA Bedroom Set This bedroom set includes a bed, wardrobe, chest of drawers, and bedside tables. They can also be purchased separately, allowing you to create your own bedroom furniture set, according to your individual preferences. They are comfortable and spacious, thanks to well-designed storage features. Thanks to the highest quality craftsmanship, you can enjoy [&hellip;]<\/p>","protected":false},"featured_media":336623,"comment_status":"open","ping_status":"closed","template":"","meta":[],"product_brand":[],"product_cat":[9883,9879,9134],"product_tag":[],"class_list":{"0":"post-336586","1":"product","2":"type-product","3":"status-publish","4":"has-post-thumbnail","6":"product_cat-bedrooms-krajan","7":"product_cat-krajan","8":"product_cat-bedroom-sets","10":"first","11":"instock","12":"shipping-taxable","13":"product-type-variable","14":"wvs-archive-product-wrapper"},"_links":{"self":[{"href":"https:\/\/baldumarket.lt\/lt\/wp-json\/wp\/v2\/product\/336586","targetHints":{"allow":["GET"]}}],"collection":[{"href":"https:\/\/baldumarket.lt\/lt\/wp-json\/wp\/v2\/product"}],"about":[{"href":"https:\/\/baldumarket.lt\/lt\/wp-json\/wp\/v2\/types\/product"}],"replies":[{"embeddable":true,"href":"https:\/\/baldumarket.lt\/lt\/wp-json\/wp\/v2\/comments?post=336586"}],"wp:featuredmedia":[{"embeddable":true,"href":"https:\/\/baldumarket.lt\/lt\/wp-json\/wp\/v2\/media\/336623"}],"wp:attachment":[{"href":"https:\/\/baldumarket.lt\/lt\/wp-json\/wp\/v2\/media?parent=336586"}],"wp:term":[{"taxonomy":"product_brand","embeddable":true,"href":"https:\/\/baldumarket.lt\/lt\/wp-json\/wp\/v2\/product_brand?post=336586"},{"taxonomy":"product_cat","embeddable":true,"href":"https:\/\/baldumarket.lt\/lt\/wp-json\/wp\/v2\/product_cat?post=336586"},{"taxonomy":"product_tag","embeddable":true,"href":"https:\/\/baldumarket.lt\/lt\/wp-json\/wp\/v2\/product_tag?post=336586"}],"curies":[{"name":"wp","href":"https:\/\/api.w.org\/{rel}","templated":true}]}}