{"id":336572,"date":"2026-03-07T19:55:57","date_gmt":"2026-03-07T16:55:57","guid":{"rendered":"https:\/\/baldumarket.lt\/?post_type=product&#038;p=336572"},"modified":"2026-03-26T18:06:57","modified_gmt":"2026-03-26T15:06:57","slug":"genewa-spinta-g-5","status":"publish","type":"product","link":"https:\/\/baldumarket.lt\/lt\/product\/genewa-spinta-g-5\/","title":{"rendered":"GENEWA spinta G-5"},"content":{"rendered":"<p>Plotis\/Auk\u0161tis\/Gylis: 208\/210\/67 cm<br \/>\n\u00a0Dviej\u0173 dur\u0173 spinta \u201eGENEVA\u201c su stumdom\u0173 dur\u0173 sistema yra tvirtos konstrukcijos, funkcionali ir eleganti\u0161ka, tod\u0117l ja lengva naudotis kasdien. Puikiai tinka miegamiesiems, koridoriams ir svetain\u0117ms. Prakti\u0161kas vidus suskirstytas \u012f lentynas ir drabu\u017ei\u0173 pakab\u0105.<br \/>\nMatmenys:<br \/>\n\u2013 Plotis: 208 cm \/ Auk\u0161tis: 210 cm \/ Gylis: 67 cm<br \/>\nPapildoma informacija:<br \/>\n\u2013 Dekoratyvin\u0117s \u0161onin\u0117s apdailos<\/p>\n<p>\u2013 Baldai nauji, supakuoti \u012f surinkimo pakuotes, su ai\u0161kiomis instrukcijomis ir priedais<\/p>\n<p>\u2013 Vizualizacijoje pavaizduota spinta yra bordo spalvos<\/p>","protected":false},"excerpt":{"rendered":"<p>Width\/Height\/Depth: 208\/210\/67 cm \u00a0The GENEVA 2-door wardrobe with a sliding door system is solidly constructed, functional, and elegant, making everyday use easy. Perfect for bedrooms, hallways, and living rooms. The practical interior is divided into shelves and a clothes rail. Dimensions: \u2013 Width: 208 cm \/ Height: 210 cm \/ Depth: 67 cm Additional information: [&hellip;]<\/p>","protected":false},"featured_media":336610,"comment_status":"open","ping_status":"closed","template":"","meta":[],"product_brand":[],"product_cat":[9883,9879,1177],"product_tag":[],"class_list":{"0":"post-336572","1":"product","2":"type-product","3":"status-publish","4":"has-post-thumbnail","6":"product_cat-bedrooms-krajan","7":"product_cat-krajan","8":"product_cat-wardrobes","10":"first","11":"instock","12":"shipping-taxable","13":"purchasable","14":"product-type-variable","15":"wvs-archive-product-wrapper"},"_links":{"self":[{"href":"https:\/\/baldumarket.lt\/lt\/wp-json\/wp\/v2\/product\/336572","targetHints":{"allow":["GET"]}}],"collection":[{"href":"https:\/\/baldumarket.lt\/lt\/wp-json\/wp\/v2\/product"}],"about":[{"href":"https:\/\/baldumarket.lt\/lt\/wp-json\/wp\/v2\/types\/product"}],"replies":[{"embeddable":true,"href":"https:\/\/baldumarket.lt\/lt\/wp-json\/wp\/v2\/comments?post=336572"}],"wp:featuredmedia":[{"embeddable":true,"href":"https:\/\/baldumarket.lt\/lt\/wp-json\/wp\/v2\/media\/336610"}],"wp:attachment":[{"href":"https:\/\/baldumarket.lt\/lt\/wp-json\/wp\/v2\/media?parent=336572"}],"wp:term":[{"taxonomy":"product_brand","embeddable":true,"href":"https:\/\/baldumarket.lt\/lt\/wp-json\/wp\/v2\/product_brand?post=336572"},{"taxonomy":"product_cat","embeddable":true,"href":"https:\/\/baldumarket.lt\/lt\/wp-json\/wp\/v2\/product_cat?post=336572"},{"taxonomy":"product_tag","embeddable":true,"href":"https:\/\/baldumarket.lt\/lt\/wp-json\/wp\/v2\/product_tag?post=336572"}],"curies":[{"name":"wp","href":"https:\/\/api.w.org\/{rel}","templated":true}]}}