{"id":336570,"date":"2026-03-07T19:55:54","date_gmt":"2026-03-07T16:55:54","guid":{"rendered":"https:\/\/baldumarket.lt\/?post_type=product&#038;p=336570"},"modified":"2026-03-26T18:06:57","modified_gmt":"2026-03-26T15:06:57","slug":"gracja-32-m","status":"publish","type":"product","link":"https:\/\/baldumarket.lt\/lt\/product\/gracja-32-m\/","title":{"rendered":"GRACJA 3,2 m"},"content":{"rendered":"<p>Plotis \u2013 320 cm<br \/>\nGRACJA virtuv\u0117 \u2013 tai paprastas, eleganti\u0161kas ir modernus virtuv\u0117s spinteli\u0173 komplektas, pagamintas labai populiariu stiliumi. \u0160\u012f komplekt\u0105 sudaro 9 atskiros spintel\u0117s, kurias galima laisvai konfig\u016bruoti, u\u017etikrinant maksimal\u0173 naudojimo patogum\u0105 ir i\u0161d\u0117stymo laisv\u0119. Virtuv\u0117s komplekte yra stalvir\u0161is.<\/p>\n<p>Baldai nauji, supakuoti \u012f surinkimo pakuotes, su ai\u0161kiomis instrukcijomis ir priedais. Vir\u0161utin\u0117s spintel\u0117s: 80-50-60-80 cm.<\/p>\n<p>Apatin\u0117s spintel\u0117s: 80-50-60-80 cm<\/p>\n<p>\u0160onin\u0117 spintel\u0117: 50 cm<\/p>\n<p>Stalvir\u0161is: 2,7 m<br \/>\nMatmenys:<br \/>\n\u2013 Vir\u0161utin\u0117s spintel\u0117s: plotis 270 cm \/ auk\u0161tis 72 cm \/ gylis 30 cm<\/p>\n<p>\u2013 Apatin\u0117s spintel\u0117s: plotis 270 cm \/ auk\u0161tis 82 cm \/ gylis 47 cm<\/p>\n<p>\u2013 \u0160onin\u0117 spintel\u0117: plotis 50 cm \/ auk\u0161tis 2,12 cm<br \/>\nPapildoma informacija:<\/p>\n<p>Spinteli\u0173 stalvir\u0161is pjaustomas 80-50-60-80 cm ilgio sekcijomis.<\/p>\n<p>Galima u\u017esisakyti vis\u0105 stalvir\u0161\u012f.<\/p>\n<p>Stalvir\u0161io spalva: 28 mm storio.<\/p>\n<p>Korpusas ir priekin\u0117 dalis pagaminti i\u0161 \u201c16\u201d laminuotos plok\u0161t\u0117s.<\/p>\n<p>Reguliuojami vyriai.<\/p>\n<p>Metaliniai stal\u010di\u0173 b\u0117geliai ir \u0161onai: METABOX.<\/p>\n<p>Matin\u0117s aliuminio ranken\u0117l\u0117s.<br \/>\nVir\u0161utin\u0117s spintel\u0117s tvirtinamos ant reguliuojam\u0173 pakab\u0173 (pridedami ta\u0161kiniai tvirtinimo b\u0117geliai).,<br \/>\nTvirtos plastikin\u0117s kojel\u0117s u\u017etikrina stabilum\u0105 ir ilgaam\u017ei\u0161kum\u0105;,<br \/>\nFasadai galimi \u012fvairi\u0173 spalv\u0173,<br \/>\nParuo\u0161t\u0173 komplekt\u0173 virtuv\u0117s spinteli\u0173 matmenys yra standartiniai. Apatini\u0173 spinteli\u0173 auk\u0161tis yra 82 cm, o stalvir\u0161io storis \u2013 28 mm \u2013 ma\u017edaug 85 cm.<\/p>\n<p>Vizualizacijoje pavaizduota virtuv\u0117 yra apdailinta Sonoma spalva.<br \/>\nVisi nuotraukose parodyti priedai, tokie kaip buitin\u0117 technika, sienin\u0117 panel\u0117, gartraukiai, i\u0161traukimo gaubtai ir dekoratyviniai elementai, \u012f komplekt\u0105 ne\u012feina.<\/p>","protected":false},"excerpt":{"rendered":"<p>Width &#8211; 320cm The GRACJA kitchen is a simple, elegant, and modern kitchen cabinet set, crafted in a very popular style. This set consists of 9 separate cabinets that can be freely configured, ensuring maximum usability and freedom of arrangement. The kitchen set includes a countertop. The furniture is new, packaged in self-assembly packages, with [&hellip;]<\/p>","protected":false},"featured_media":336609,"comment_status":"open","ping_status":"closed","template":"","meta":[],"product_brand":[],"product_cat":[9879,1932],"product_tag":[],"class_list":{"0":"post-336570","1":"product","2":"type-product","3":"status-publish","4":"has-post-thumbnail","6":"product_cat-krajan","7":"product_cat-kitchen-sets","9":"first","10":"instock","11":"shipping-taxable","12":"purchasable","13":"product-type-variable","14":"wvs-archive-product-wrapper"},"_links":{"self":[{"href":"https:\/\/baldumarket.lt\/lt\/wp-json\/wp\/v2\/product\/336570","targetHints":{"allow":["GET"]}}],"collection":[{"href":"https:\/\/baldumarket.lt\/lt\/wp-json\/wp\/v2\/product"}],"about":[{"href":"https:\/\/baldumarket.lt\/lt\/wp-json\/wp\/v2\/types\/product"}],"replies":[{"embeddable":true,"href":"https:\/\/baldumarket.lt\/lt\/wp-json\/wp\/v2\/comments?post=336570"}],"wp:featuredmedia":[{"embeddable":true,"href":"https:\/\/baldumarket.lt\/lt\/wp-json\/wp\/v2\/media\/336609"}],"wp:attachment":[{"href":"https:\/\/baldumarket.lt\/lt\/wp-json\/wp\/v2\/media?parent=336570"}],"wp:term":[{"taxonomy":"product_brand","embeddable":true,"href":"https:\/\/baldumarket.lt\/lt\/wp-json\/wp\/v2\/product_brand?post=336570"},{"taxonomy":"product_cat","embeddable":true,"href":"https:\/\/baldumarket.lt\/lt\/wp-json\/wp\/v2\/product_cat?post=336570"},{"taxonomy":"product_tag","embeddable":true,"href":"https:\/\/baldumarket.lt\/lt\/wp-json\/wp\/v2\/product_tag?post=336570"}],"curies":[{"name":"wp","href":"https:\/\/api.w.org\/{rel}","templated":true}]}}