{"id":336563,"date":"2026-03-07T19:55:01","date_gmt":"2026-03-07T16:55:01","guid":{"rendered":"https:\/\/baldumarket.lt\/?post_type=product&#038;p=336563"},"modified":"2026-03-26T18:06:57","modified_gmt":"2026-03-26T15:06:57","slug":"helen","status":"publish","type":"product","link":"https:\/\/baldumarket.lt\/lt\/product\/helen\/","title":{"rendered":"Prie\u0161kambaris HELEN"},"content":{"rendered":"<p>Plotis\/Auk\u0161tis\/Gylis: 200\/210\/52 cm<br \/>\nKeturi\u0173 dur\u0173 spinta HELEN \u2013 puikus pasirinkimas j\u016bs\u0173 persirengimo kambariui, svetainei ar miegamajam. Pagaminta i\u0161 auk\u0161tos kokyb\u0117s laminuotos plok\u0161t\u0117s, prakti\u0161ki stal\u010diai, lentynos ir drabu\u017ei\u0173 pakabos suteikia daug vietos daiktams susid\u0117ti. Tvirta konstrukcija garantuoja ilgaam\u017ei\u0161kum\u0105 ir u\u017etikrina, kad spinta tarnaus ilgus metus.<br \/>\nMatmenys:<br \/>\n\u2013 plotis 200 cm \/ auk\u0161tis 210 cm \/ gylis 52 cm<br \/>\nPapildoma informacija:<br \/>\n\u2013 spinta susideda i\u0161 dviej\u0173 atskir\u0173 dali\u0173 \u2013 2 x 100 cm; dalis galima atskirti,<\/p>\n<p>\u2013 kair\u0117 ir de\u0161in\u0117 pus\u0117s yra veidrodin\u0117s,<\/p>\n<p>\u2013 rankenos, pagamintos i\u0161 auk\u0161tos kokyb\u0117s plastiko, u\u017etikrina patvarum\u0105 ir naudojimo patogum\u0105,<\/p>\n<p>\u2013 baldai yra nauji, supakuoti \u012f savaranki\u0161kai surinkamas pakuotes, su ai\u0161kiomis instrukcijomis ir priedais.<\/p>\n<p>\u2013 vizualizacijoje pavaizduota spinta yra \u0161okolado spalvos<\/p>","protected":false},"excerpt":{"rendered":"<p>Plotis\/Auk\u0161tis\/Gylis: 200\/210\/52 cm. Keturi\u0173 dur\u0173 spinta HELEN \u2013 puikus pasirinkimas j\u016bs\u0173 persirengimo kambariui, svetainei ar miegamajam. Pagaminta i\u0161 auk\u0161tos kokyb\u0117s laminuotos plok\u0161t\u0117s, prakti\u0161ki stal\u010diai, lentynos ir drabu\u017ei\u0173 pakabos suteikia daug vietos daiktams susid\u0117ti. Tvirta konstrukcija garantuoja ilgaam\u017ei\u0161kum\u0105 ir u\u017etikrina, kad spinta tarnaus daugel\u012f met\u0173. Matmenys: \u2013 plotis 200 cm \/ auk\u0161tis 210 [\u2026]<\/p>","protected":false},"featured_media":336599,"comment_status":"open","ping_status":"closed","template":"","meta":[],"product_brand":[],"product_cat":[9879,9884,1177],"product_tag":[],"class_list":{"0":"post-336563","1":"product","2":"type-product","3":"status-publish","4":"has-post-thumbnail","6":"product_cat-krajan","7":"product_cat-wardrobes-krajan","8":"product_cat-wardrobes","10":"first","11":"instock","12":"shipping-taxable","13":"purchasable","14":"product-type-variable","15":"wvs-archive-product-wrapper"},"_links":{"self":[{"href":"https:\/\/baldumarket.lt\/lt\/wp-json\/wp\/v2\/product\/336563","targetHints":{"allow":["GET"]}}],"collection":[{"href":"https:\/\/baldumarket.lt\/lt\/wp-json\/wp\/v2\/product"}],"about":[{"href":"https:\/\/baldumarket.lt\/lt\/wp-json\/wp\/v2\/types\/product"}],"replies":[{"embeddable":true,"href":"https:\/\/baldumarket.lt\/lt\/wp-json\/wp\/v2\/comments?post=336563"}],"wp:featuredmedia":[{"embeddable":true,"href":"https:\/\/baldumarket.lt\/lt\/wp-json\/wp\/v2\/media\/336599"}],"wp:attachment":[{"href":"https:\/\/baldumarket.lt\/lt\/wp-json\/wp\/v2\/media?parent=336563"}],"wp:term":[{"taxonomy":"product_brand","embeddable":true,"href":"https:\/\/baldumarket.lt\/lt\/wp-json\/wp\/v2\/product_brand?post=336563"},{"taxonomy":"product_cat","embeddable":true,"href":"https:\/\/baldumarket.lt\/lt\/wp-json\/wp\/v2\/product_cat?post=336563"},{"taxonomy":"product_tag","embeddable":true,"href":"https:\/\/baldumarket.lt\/lt\/wp-json\/wp\/v2\/product_tag?post=336563"}],"curies":[{"name":"wp","href":"https:\/\/api.w.org\/{rel}","templated":true}]}}