{"id":336561,"date":"2026-03-07T19:54:58","date_gmt":"2026-03-07T16:54:58","guid":{"rendered":"https:\/\/baldumarket.lt\/?post_type=product&#038;p=336561"},"modified":"2026-03-26T18:06:57","modified_gmt":"2026-03-26T15:06:57","slug":"hindi","status":"publish","type":"product","link":"https:\/\/baldumarket.lt\/lt\/product\/hindi\/","title":{"rendered":"Bald\u0173 sienel\u0117 HINDI"},"content":{"rendered":"<p>Plotis\/Auk\u0161tis\/Gylis: 300\/201\/52 cm<br \/>\nHINDI komplektas \u2013 puikus pasirinkimas tiems, kurie ie\u0161ko klasikinio stiliaus visame kame. Paprastas dizainas ir lengva prie\u017ei\u016bra patiks gerb\u0117jams. Sienin\u0117 spintel\u0117 turi daug prakti\u0161k\u0173 daiktad\u0117\u017ei\u0173, kurios pad\u0117s jums i\u0161likti organizuotiems, o atvir\u0173, stiklini\u0173 lentyn\u0173 d\u0117ka galite pabr\u0117\u017eti savo unikal\u0173 stili\u0173 stilingais aksesuarais. Baldai yra erdv\u016bs ir si\u016blomi \u012fvairi\u0173 spalv\u0173. Matmenys:<br \/>\n\u2013 Plotis 300 cm \/ Auk\u0161tis 201 cm \/ Gylis 52 cm<br \/>\nPapildoma informacija:<br \/>\n\u2013 Pagaminta i\u0161 auk\u0161tos kokyb\u0117s laminuotos plok\u0161t\u0117s<\/p>\n<p>\u2013 Vitrinos lentynos i\u0161 laminuoto kartono yra standartin\u0117s komplektacijos,<\/p>\n<p>\u2013 Plastikin\u0117s rankenos u\u017etikrina patvarum\u0105 ir patogum\u0105,<\/p>\n<p>\u2013 Televizoriaus ni\u0161a, plotis 107 cm<\/p>\n<p>\u2013 Erdvi 100\/201\/53 cm spinta su apatine lentyna ir drabu\u017ei\u0173 pakaba,<\/p>\n<p>\u2013 Baldai nauji, supakuoti \u012f savaranki\u0161kai surinkamas pakuotes, su ai\u0161kiomis instrukcijomis ir priedais.<\/p>\n<p>\u2013 Vizualizacijoje parodytas sieninis blokas yra \u0161i\u0173 spalv\u0173:<\/p>","protected":false},"excerpt":{"rendered":"<p><strong><span dir=\"auto\"><span class=\"\" dir=\"auto\">Matmenys:<\/span><\/span><\/strong><\/p>\n<p><span dir=\"auto\">\u2013 plotis 300 cm \/ auk\u0161tis 201 cm \/ gylis 52 cm<\/span><\/p>","protected":false},"featured_media":336598,"comment_status":"open","ping_status":"closed","template":"","meta":[],"product_brand":[],"product_cat":[9879,9880,2008],"product_tag":[],"class_list":{"0":"post-336561","1":"product","2":"type-product","3":"status-publish","4":"has-post-thumbnail","6":"product_cat-krajan","7":"product_cat-classic-furniture-krajan","8":"product_cat-wall-units","10":"first","11":"instock","12":"shipping-taxable","13":"purchasable","14":"product-type-variable","15":"wvs-archive-product-wrapper"},"_links":{"self":[{"href":"https:\/\/baldumarket.lt\/lt\/wp-json\/wp\/v2\/product\/336561","targetHints":{"allow":["GET"]}}],"collection":[{"href":"https:\/\/baldumarket.lt\/lt\/wp-json\/wp\/v2\/product"}],"about":[{"href":"https:\/\/baldumarket.lt\/lt\/wp-json\/wp\/v2\/types\/product"}],"replies":[{"embeddable":true,"href":"https:\/\/baldumarket.lt\/lt\/wp-json\/wp\/v2\/comments?post=336561"}],"wp:featuredmedia":[{"embeddable":true,"href":"https:\/\/baldumarket.lt\/lt\/wp-json\/wp\/v2\/media\/336598"}],"wp:attachment":[{"href":"https:\/\/baldumarket.lt\/lt\/wp-json\/wp\/v2\/media?parent=336561"}],"wp:term":[{"taxonomy":"product_brand","embeddable":true,"href":"https:\/\/baldumarket.lt\/lt\/wp-json\/wp\/v2\/product_brand?post=336561"},{"taxonomy":"product_cat","embeddable":true,"href":"https:\/\/baldumarket.lt\/lt\/wp-json\/wp\/v2\/product_cat?post=336561"},{"taxonomy":"product_tag","embeddable":true,"href":"https:\/\/baldumarket.lt\/lt\/wp-json\/wp\/v2\/product_tag?post=336561"}],"curies":[{"name":"wp","href":"https:\/\/api.w.org\/{rel}","templated":true}]}}