{"id":336556,"date":"2026-03-07T19:54:17","date_gmt":"2026-03-07T16:54:17","guid":{"rendered":"https:\/\/baldumarket.lt\/?post_type=product&#038;p=336556"},"modified":"2026-03-26T18:06:57","modified_gmt":"2026-03-26T15:06:57","slug":"igor","status":"publish","type":"product","link":"https:\/\/baldumarket.lt\/lt\/product\/igor\/","title":{"rendered":"Plikoji sienel\u0117 IGOR"},"content":{"rendered":"<p>IGOR komplektas pasi\u017eymi moderniu ir eleganti\u0161ku dizainu, patvarumu ir funkcionalumu. Pagamintas i\u0161 auk\u0161tos kokyb\u0117s laminuotos plok\u0161t\u0117s, jis tarnaus ilgus metus, o paprasta konstrukcija u\u017etikrina naudojimo komfort\u0105 net ir reikliausiems vartotojams. Be to, r\u0117mai apvadinti ABS apdaila. Baldai puikiai tinka svetain\u0117ms ir poilsio kambariams. Baldai yra erdv\u016bs ir si\u016blomi \u012fvairi\u0173 spalv\u0173. Matmenys:<br \/>\n\u2013 Plotis 276 cm \/ Auk\u0161tis 201 cm \/ Gylis 52 cm<\/p>\n<p>Papildoma informacija:<br \/>\n\u2013 16 mm storio laminuota plok\u0161t\u0117, 22 mm vir\u0161us<\/p>\n<p>\u2013 Vitrinose standarti\u0161kai \u012frengtos laminuotos lentos lentynos,<\/p>\n<p>\u2013 Stiklin\u0117s lentynos ir LED ap\u0161vietimas \u2013 u\u017e papildom\u0105 mokest\u012f.,<\/p>\n<p>\u2013 Plastikin\u0117s rankenos u\u017etikrina patvarum\u0105 ir patogum\u0105,<\/p>\n<p>\u2013 Televizoriaus ni\u0161a: plotis 276\/201\/52 cm<\/p>\n<p>\u2013 Galima rinktis priekin\u0117s dalies spalvas \u2013 blizgios ir matin\u0117s,<\/p>\n<p>\u2013 Baldai nauji, supakuoti \u012f savaranki\u0161kai surinkamas pakuotes, su ai\u0161kiomis instrukcijomis ir priedais.<\/p>\n<p>\u2013 Vizualizacijoje pavaizduota sienin\u0117 spintel\u0117 yra Sonoma \/ Chocolate spalvos.<\/p>","protected":false},"excerpt":{"rendered":"<p><strong><span dir=\"auto\">Matmenys:<\/span><\/strong><\/p>\n<p><span dir=\"auto\">\u2013 plotis 276 cm \/ auk\u0161tis 201 cm \/ gylis 52 cm<\/span><\/p>","protected":false},"featured_media":336596,"comment_status":"open","ping_status":"closed","template":"","meta":[],"product_brand":[],"product_cat":[9879,9880,2008],"product_tag":[],"class_list":{"0":"post-336556","1":"product","2":"type-product","3":"status-publish","4":"has-post-thumbnail","6":"product_cat-krajan","7":"product_cat-classic-furniture-krajan","8":"product_cat-wall-units","10":"first","11":"instock","12":"shipping-taxable","13":"purchasable","14":"product-type-variable","15":"wvs-archive-product-wrapper"},"_links":{"self":[{"href":"https:\/\/baldumarket.lt\/lt\/wp-json\/wp\/v2\/product\/336556","targetHints":{"allow":["GET"]}}],"collection":[{"href":"https:\/\/baldumarket.lt\/lt\/wp-json\/wp\/v2\/product"}],"about":[{"href":"https:\/\/baldumarket.lt\/lt\/wp-json\/wp\/v2\/types\/product"}],"replies":[{"embeddable":true,"href":"https:\/\/baldumarket.lt\/lt\/wp-json\/wp\/v2\/comments?post=336556"}],"wp:featuredmedia":[{"embeddable":true,"href":"https:\/\/baldumarket.lt\/lt\/wp-json\/wp\/v2\/media\/336596"}],"wp:attachment":[{"href":"https:\/\/baldumarket.lt\/lt\/wp-json\/wp\/v2\/media?parent=336556"}],"wp:term":[{"taxonomy":"product_brand","embeddable":true,"href":"https:\/\/baldumarket.lt\/lt\/wp-json\/wp\/v2\/product_brand?post=336556"},{"taxonomy":"product_cat","embeddable":true,"href":"https:\/\/baldumarket.lt\/lt\/wp-json\/wp\/v2\/product_cat?post=336556"},{"taxonomy":"product_tag","embeddable":true,"href":"https:\/\/baldumarket.lt\/lt\/wp-json\/wp\/v2\/product_tag?post=336556"}],"curies":[{"name":"wp","href":"https:\/\/api.w.org\/{rel}","templated":true}]}}