{"id":336544,"date":"2026-03-07T19:53:36","date_gmt":"2026-03-07T16:53:36","guid":{"rendered":"https:\/\/baldumarket.lt\/?post_type=product&#038;p=336544"},"modified":"2026-03-26T18:06:57","modified_gmt":"2026-03-26T15:06:57","slug":"irena-28-m-blizgi","status":"publish","type":"product","link":"https:\/\/baldumarket.lt\/lt\/product\/irena-28-m-blizgi\/","title":{"rendered":"Irena 2,8 m Blizgi"},"content":{"rendered":"<p>Plotis \u2013 280 cm<br \/>\nIRENA virtuv\u0117 \u2013 tai paprastas, eleganti\u0161kas ir modernus virtuv\u0117s spinteli\u0173 komplektas, pagamintas labai populiariu stiliumi. \u0160\u012f komplekt\u0105 sudaro 8 atskiros spintel\u0117s, kurias galima laisvai konfig\u016bruoti, u\u017etikrinant maksimal\u0173 naudojimo patogum\u0105 ir i\u0161d\u0117stymo laisv\u0119. Virtuv\u0117s komplekte yra stalvir\u0161is. Baldai yra nauji, supakuoti \u012f savaranki\u0161kai surinkamas pakuotes su ai\u0161kiomis instrukcijomis ir priedais. Vir\u0161utin\u0117s spintel\u0117s: 60-80-80-60 cm<\/p>\n<p>Apatini\u0173 spinteli\u0173 auk\u0161tis: 60-80-80-60 cm<\/p>\n<p>Stalvir\u0161is: 2,8 m<br \/>\nMatmenys:<br \/>\n\u2013 Vir\u0161utin\u0117s spintel\u0117s: plotis 280 cm \/ auk\u0161tis 72 cm \/ gylis 30 cm<\/p>\n<p>\u2013 Apatini\u0173 spinteli\u0173 matmenys: plotis 280 cm \/ auk\u0161tis 82 cm \/ gylis 47 cm<br \/>\nPapildoma informacija:<\/p>\n<p>Spinteli\u0173 stalvir\u0161is supjaustytas 60-80-80-60 gabal\u0117liais,<br \/>\nGalima u\u017esisakyti vis\u0105 stalvir\u0161\u012f,<br \/>\nStalvir\u0161io spalva: 28 mm storio,<br \/>\nKorpusas ir priekin\u0117 dalis pagaminti i\u0161 \u201c16\u201d laminuotos plok\u0161t\u0117s,<br \/>\nReguliuojami vyriai,<br \/>\nMetaliniai stal\u010di\u0173 b\u0117geliai ir \u0161onai: METABOX,<br \/>\nVir\u0161utin\u0117s spintel\u0117s tvirtinamos ant reguliuojam\u0173 pakab\u0173 (pridedami ta\u0161kiniai tvirtinimo b\u0117geliai),<br \/>\nTvirtos plastikin\u0117s kojel\u0117s u\u017etikrina stabilum\u0105 ir ilgaam\u017ei\u0161kum\u0105;,<br \/>\n\u012er\u0117minti fasadai i\u0161 aliuminio,<br \/>\nFasadai galimi \u012fvairi\u0173 spalv\u0173, gali b\u016bti ir blizg\u016bs.<br \/>\nParuo\u0161t\u0173 komplekt\u0173 virtuv\u0117s spinteli\u0173 matmenys yra standartiniai. Apatini\u0173 spinteli\u0173 auk\u0161tis yra 82 cm, o stalvir\u0161io storis \u2013 28 mm \u2013 ma\u017edaug 85 cm.<br \/>\nVizualizacijoje pavaizduota virtuv\u0117 yra apdailinta balta \/ blizgia balta spalva.<br \/>\nVisi nuotraukose parodyti priedai, tokie kaip buitin\u0117 technika, sienin\u0117 panel\u0117, gartraukiai, i\u0161traukimo gaubtai ir dekoratyviniai elementai, \u012f komplekt\u0105 ne\u012feina.<\/p>","protected":false},"excerpt":{"rendered":"<p>Plotis \u2013 280 cm. IRENA virtuv\u0117s spinteli\u0173 komplektas \u2013 tai paprastas, eleganti\u0161kas ir modernus virtuv\u0117s spinteli\u0173 komplektas, pagamintas labai populiariu stiliumi. \u0160\u012f komplekt\u0105 sudaro 8 atskiros spintel\u0117s, kurias galima laisvai konfig\u016bruoti, u\u017etikrinant maksimal\u0173 naudojimo patogum\u0105 ir i\u0161d\u0117stymo laisv\u0119. Virtuv\u0117s komplekte yra stalvir\u0161is. Baldai yra nauji, supakuoti \u012f savaranki\u0161kai surenkamas pakuotes, [\u2026]<\/p>","protected":false},"featured_media":336580,"comment_status":"open","ping_status":"closed","template":"","meta":[],"product_brand":[],"product_cat":[9879,1932],"product_tag":[],"class_list":{"0":"post-336544","1":"product","2":"type-product","3":"status-publish","4":"has-post-thumbnail","6":"product_cat-krajan","7":"product_cat-kitchen-sets","9":"first","10":"instock","11":"shipping-taxable","12":"purchasable","13":"product-type-variable","14":"wvs-archive-product-wrapper"},"_links":{"self":[{"href":"https:\/\/baldumarket.lt\/lt\/wp-json\/wp\/v2\/product\/336544","targetHints":{"allow":["GET"]}}],"collection":[{"href":"https:\/\/baldumarket.lt\/lt\/wp-json\/wp\/v2\/product"}],"about":[{"href":"https:\/\/baldumarket.lt\/lt\/wp-json\/wp\/v2\/types\/product"}],"replies":[{"embeddable":true,"href":"https:\/\/baldumarket.lt\/lt\/wp-json\/wp\/v2\/comments?post=336544"}],"wp:featuredmedia":[{"embeddable":true,"href":"https:\/\/baldumarket.lt\/lt\/wp-json\/wp\/v2\/media\/336580"}],"wp:attachment":[{"href":"https:\/\/baldumarket.lt\/lt\/wp-json\/wp\/v2\/media?parent=336544"}],"wp:term":[{"taxonomy":"product_brand","embeddable":true,"href":"https:\/\/baldumarket.lt\/lt\/wp-json\/wp\/v2\/product_brand?post=336544"},{"taxonomy":"product_cat","embeddable":true,"href":"https:\/\/baldumarket.lt\/lt\/wp-json\/wp\/v2\/product_cat?post=336544"},{"taxonomy":"product_tag","embeddable":true,"href":"https:\/\/baldumarket.lt\/lt\/wp-json\/wp\/v2\/product_tag?post=336544"}],"curies":[{"name":"wp","href":"https:\/\/api.w.org\/{rel}","templated":true}]}}