{"id":336493,"date":"2026-03-07T19:49:54","date_gmt":"2026-03-07T16:49:54","guid":{"rendered":"https:\/\/baldumarket.lt\/?post_type=product&#038;p=336493"},"modified":"2026-03-26T18:06:57","modified_gmt":"2026-03-26T15:06:57","slug":"jimi-ii","status":"publish","type":"product","link":"https:\/\/baldumarket.lt\/lt\/product\/jimi-ii\/","title":{"rendered":"Bald\u0173 sienel\u0117 JIMI II"},"content":{"rendered":"<p>Plotis\/Auk\u0161tis\/Gylis: 330\/210\/53 cm<br \/>\nJIMI II jaunimo baldai puikiai papildys bet kur\u012f paauglio ar vaiko kambar\u012f. Unikalus dizainas suteiks stiliaus ir pabr\u0117\u0161 jaunatvi\u0161k\u0105 kambario charakter\u012f. Tai puikus sprendimas visiems, kurie vertina funkcionalum\u0105 savo vaik\u0173 erdv\u0117je. Kiekvienas komplekto elementas yra atskiras modulis, leid\u017eiantis baldus i\u0161d\u0117styti bet kokiu deriniu. Baldai yra erdv\u016bs ir si\u016blomi \u012fvairi\u0173 spalv\u0173. Matmenys:<br \/>\n\u2013 plotis 330 cm \/ auk\u0161tis 210 cm \/ gylis 53 cm<br \/>\nPapildoma informacija:<br \/>\n\u012e komplekt\u0105 \u012feina \u0161ie baldai (plotis\/auk\u0161tis\/gylis):<\/p>\n<p>100 \u00d7 210 \/ 53 cm spinta<\/p>\n<p>130 \u00d7 78 \/ 53 cm stalas su i\u0161traukiama klaviat\u016bros lentyna + stalo prailginimas,<br \/>\n50 \u00d7 210 cm knyg\u0173 lentyna su vidin\u0117mis lentynomis<br \/>\n50 \u00d7 210 cm kolona su vidin\u0117mis lentynomis + dviem stal\u010diais,<br \/>\n90\u00d7200 cm lova be \u010diu\u017einio<\/p>\n<p>Baldai pagaminti i\u0161 16 mm storio laminuotos plok\u0161t\u0117s.<\/p>\n<p>Auk\u0161tos kokyb\u0117s plastikin\u0117s rankenos u\u017etikrina patvarum\u0105 ir patogum\u0105.<\/p>\n<p>Baldai nauji, supakuoti \u012f surinkimo b\u016bdu pagamintas pakuotes.,<\/p>\n<p>su ai\u0161kiomis instrukcijomis ir priedais.<\/p>","protected":false},"excerpt":{"rendered":"<p>Width\/Height\/Depth: 330\/210\/53cm JIMI II youth furniture is the perfect complement to any teenager&#8217;s or child&#8217;s room. Its unique design will add style and emphasize the youthful character of the room. It&#8217;s a perfect solution for anyone who values \u200b\u200bfunctionality in their children&#8217;s space. Each element of the set is a separate module, allowing you to [&hellip;]<\/p>","protected":false},"featured_media":336532,"comment_status":"open","ping_status":"closed","template":"","meta":[],"product_brand":[],"product_cat":[9881,9879,9134],"product_tag":[],"class_list":{"0":"post-336493","1":"product","2":"type-product","3":"status-publish","4":"has-post-thumbnail","6":"product_cat-furniture-for-young-people-krajan","7":"product_cat-krajan","8":"product_cat-bedroom-sets","10":"first","11":"instock","12":"shipping-taxable","13":"purchasable","14":"product-type-variable","15":"wvs-archive-product-wrapper"},"_links":{"self":[{"href":"https:\/\/baldumarket.lt\/lt\/wp-json\/wp\/v2\/product\/336493","targetHints":{"allow":["GET"]}}],"collection":[{"href":"https:\/\/baldumarket.lt\/lt\/wp-json\/wp\/v2\/product"}],"about":[{"href":"https:\/\/baldumarket.lt\/lt\/wp-json\/wp\/v2\/types\/product"}],"replies":[{"embeddable":true,"href":"https:\/\/baldumarket.lt\/lt\/wp-json\/wp\/v2\/comments?post=336493"}],"wp:featuredmedia":[{"embeddable":true,"href":"https:\/\/baldumarket.lt\/lt\/wp-json\/wp\/v2\/media\/336532"}],"wp:attachment":[{"href":"https:\/\/baldumarket.lt\/lt\/wp-json\/wp\/v2\/media?parent=336493"}],"wp:term":[{"taxonomy":"product_brand","embeddable":true,"href":"https:\/\/baldumarket.lt\/lt\/wp-json\/wp\/v2\/product_brand?post=336493"},{"taxonomy":"product_cat","embeddable":true,"href":"https:\/\/baldumarket.lt\/lt\/wp-json\/wp\/v2\/product_cat?post=336493"},{"taxonomy":"product_tag","embeddable":true,"href":"https:\/\/baldumarket.lt\/lt\/wp-json\/wp\/v2\/product_tag?post=336493"}],"curies":[{"name":"wp","href":"https:\/\/api.w.org\/{rel}","templated":true}]}}